{"id":9945,"date":"2021-06-12T11:27:33","date_gmt":"2021-06-12T09:27:33","guid":{"rendered":"http:\/\/sp1.hrubieszow.info\/?page_id=9945"},"modified":"2021-06-12T11:28:19","modified_gmt":"2021-06-12T09:28:19","slug":"rozstrzygniecie-konkursu-smacznie-i-zdrowo","status":"publish","type":"page","link":"https:\/\/sp1hrubieszow.pl\/index.php\/kronika-2020-2021\/rozstrzygniecie-konkursu-smacznie-i-zdrowo\/","title":{"rendered":"Rozstrzygni\u0119cie konkursu ,,Smacznie i zdrowo\u201d"},"content":{"rendered":"\n<p><span style=\"color: #000080;\">W dniu 11 czerwca br. zosta\u0142 rozstrzygni\u0119ty konkurs kulinarny ,,Smacznie i zdrowo\u201d, kt\u00f3rego celem by\u0142o kszta\u0142towanie prozdrowotnych nawyk\u00f3w, promowanie korzy\u015bci p\u0142yn\u0105cych ze zdrowego od\u017cywiania, a tak\u017ce kreatywne wykorzystanie wolnego czasu w domu.<\/span><br><span style=\"color: #000080;\">Komisja konkursowa w sk\u0142adzie p. Irena Tarcz, p. Ewa Filipowicz-Sidorczuk, p. Tomasz Magdziak, stan\u0119\u0142a przed wielkim wyzwaniem, poniewa\u017c opr\u00f3cz oryginalno\u015bci potrawy musia\u0142a uwzgl\u0119dni\u0107 wykorzystanie \u201czdrowych\u201d produkt\u00f3w do przygotowania potrawy. Nagrodzono nast\u0119puj\u0105cych uczni\u00f3w: Miko\u0142aj Gardzio\u0142a, Olaf Lewandowski, Pawe\u0142 Karkuszewski, Dawid Ka\u0144ski, Zuzanna Mr\u00f3z, Aleksandra Raczy\u0144ska, Dawid Dworak. Dyplomy oraz nagrody rzeczowe laureatom konkursu wr\u0119czy\u0142a pani wicedyrektor Joanna Filipowicz. <\/span><br><span style=\"color: #000080;\">Konkurs by\u0142 podsumowaniem zaj\u0119\u0107 prowadzonych przez dietetyka Mart\u0119 Szumiat\u0119, kt\u00f3ra specjalizuje si\u0119 w technologii \u017cywno\u015bci i \u017cywieniu cz\u0142owieka. Program ,,Trzymaj Form\u0119!\u201d, obj\u0119ty jest patronatem Powiatowej Stacji Sanitarno-Epidemiologicznej w Hrubieszowie. <\/span><br><span style=\"color: #000080;\">Dzia\u0142ania w ramach programu edukacyjnego koordynowa\u0142 pedagog Anna Karkuszewska. Nagrody i dyplomy ufundowa\u0142a Gmina Miejska Hrubiesz\u00f3w.<\/span><\/p>\n<p><span style=\"color: #000080;\"><strong><a style=\"color: #000080;\" href=\"http:\/\/sp1.hrubieszow.info\/wp-content\/uploads\/2021\/06\/certyfikat-Trzymaj-Form\u0119.pdf\">certyfikat Trzymaj Form\u0119<\/a><\/strong><\/span><\/p>\nngg_shortcode_0_placeholder\n","protected":false},"excerpt":{"rendered":"<p>W dniu 11 czerwca br. zosta\u0142 rozstrzygni\u0119ty konkurs kulinarny ,,Smacznie i zdrowo\u201d, kt\u00f3rego celem by\u0142o kszta\u0142towanie prozdrowotnych nawyk\u00f3w, promowanie korzy\u015bci p\u0142yn\u0105cych ze zdrowego od\u017cywiania, a tak\u017ce kreatywne wykorzystanie wolnego czasu w domu.Komisja konkursowa w sk\u0142adzie p. Irena Tarcz, p. Ewa Filipowicz-Sidorczuk, p. Tomasz Magdziak, stan\u0119\u0142a przed wielkim wyzwaniem, poniewa\u017c opr\u00f3cz oryginalno\u015bci potrawy musia\u0142a uwzgl\u0119dni\u0107 wykorzystanie [&hellip;]<\/p>\n","protected":false},"author":2,"featured_media":0,"parent":5983,"menu_order":0,"comment_status":"closed","ping_status":"closed","template":"","meta":{"ngg_post_thumbnail":0,"footnotes":""},"class_list":["post-9945","page","type-page","status-publish","hentry"],"_links":{"self":[{"href":"https:\/\/sp1hrubieszow.pl\/index.php\/wp-json\/wp\/v2\/pages\/9945","targetHints":{"allow":["GET"]}}],"collection":[{"href":"https:\/\/sp1hrubieszow.pl\/index.php\/wp-json\/wp\/v2\/pages"}],"about":[{"href":"https:\/\/sp1hrubieszow.pl\/index.php\/wp-json\/wp\/v2\/types\/page"}],"author":[{"embeddable":true,"href":"https:\/\/sp1hrubieszow.pl\/index.php\/wp-json\/wp\/v2\/users\/2"}],"replies":[{"embeddable":true,"href":"https:\/\/sp1hrubieszow.pl\/index.php\/wp-json\/wp\/v2\/comments?post=9945"}],"version-history":[{"count":1,"href":"https:\/\/sp1hrubieszow.pl\/index.php\/wp-json\/wp\/v2\/pages\/9945\/revisions"}],"predecessor-version":[{"id":9946,"href":"https:\/\/sp1hrubieszow.pl\/index.php\/wp-json\/wp\/v2\/pages\/9945\/revisions\/9946"}],"up":[{"embeddable":true,"href":"https:\/\/sp1hrubieszow.pl\/index.php\/wp-json\/wp\/v2\/pages\/5983"}],"wp:attachment":[{"href":"https:\/\/sp1hrubieszow.pl\/index.php\/wp-json\/wp\/v2\/media?parent=9945"}],"curies":[{"name":"wp","href":"https:\/\/api.w.org\/{rel}","templated":true}]}}