{"id":9930,"date":"2021-06-11T17:18:14","date_gmt":"2021-06-11T15:18:14","guid":{"rendered":"http:\/\/sp1.hrubieszow.info\/?page_id=9930"},"modified":"2021-06-11T17:18:57","modified_gmt":"2021-06-11T15:18:57","slug":"wirtualny-swiat-wynalazkow-leonardo-da-vinci","status":"publish","type":"page","link":"https:\/\/sp1hrubieszow.pl\/index.php\/kronika-2020-2021\/wirtualny-swiat-wynalazkow-leonardo-da-vinci\/","title":{"rendered":"Wirtualny \u015bwiat wynalazk\u00f3w Leonardo da Vinci"},"content":{"rendered":"\n<p><span style=\"color: #000080;\">Uczniowie klasy 3a zostali dzisiaj zabrani w wirtualny \u015bwiat wynalazk\u00f3w Leonardo da Vinci za spraw\u0105 pani Aleksandry Kopczy\u0144skiej. Wykazali wiele kreatywno\u015bci, aby sprosta\u0107 wymaganiom stawianym przez pani\u0105 Ol\u0119. <\/span><\/p>\n<p style=\"text-align: center;\"><span style=\"color: #000080;\">Dzi\u0119kujemy za niecodzienne prze\u017cycia.<\/span><\/p>\nngg_shortcode_0_placeholder\n","protected":false},"excerpt":{"rendered":"<p>Uczniowie klasy 3a zostali dzisiaj zabrani w wirtualny \u015bwiat wynalazk\u00f3w Leonardo da Vinci za spraw\u0105 pani Aleksandry Kopczy\u0144skiej. Wykazali wiele kreatywno\u015bci, aby sprosta\u0107 wymaganiom stawianym przez pani\u0105 Ol\u0119. Dzi\u0119kujemy za niecodzienne prze\u017cycia.<\/p>\n","protected":false},"author":2,"featured_media":0,"parent":5983,"menu_order":0,"comment_status":"closed","ping_status":"closed","template":"","meta":{"ngg_post_thumbnail":0,"footnotes":""},"class_list":["post-9930","page","type-page","status-publish","hentry"],"_links":{"self":[{"href":"https:\/\/sp1hrubieszow.pl\/index.php\/wp-json\/wp\/v2\/pages\/9930","targetHints":{"allow":["GET"]}}],"collection":[{"href":"https:\/\/sp1hrubieszow.pl\/index.php\/wp-json\/wp\/v2\/pages"}],"about":[{"href":"https:\/\/sp1hrubieszow.pl\/index.php\/wp-json\/wp\/v2\/types\/page"}],"author":[{"embeddable":true,"href":"https:\/\/sp1hrubieszow.pl\/index.php\/wp-json\/wp\/v2\/users\/2"}],"replies":[{"embeddable":true,"href":"https:\/\/sp1hrubieszow.pl\/index.php\/wp-json\/wp\/v2\/comments?post=9930"}],"version-history":[{"count":1,"href":"https:\/\/sp1hrubieszow.pl\/index.php\/wp-json\/wp\/v2\/pages\/9930\/revisions"}],"predecessor-version":[{"id":9931,"href":"https:\/\/sp1hrubieszow.pl\/index.php\/wp-json\/wp\/v2\/pages\/9930\/revisions\/9931"}],"up":[{"embeddable":true,"href":"https:\/\/sp1hrubieszow.pl\/index.php\/wp-json\/wp\/v2\/pages\/5983"}],"wp:attachment":[{"href":"https:\/\/sp1hrubieszow.pl\/index.php\/wp-json\/wp\/v2\/media?parent=9930"}],"curies":[{"name":"wp","href":"https:\/\/api.w.org\/{rel}","templated":true}]}}