{"id":9915,"date":"2021-06-11T16:45:16","date_gmt":"2021-06-11T14:45:16","guid":{"rendered":"http:\/\/sp1.hrubieszow.info\/?page_id=9915"},"modified":"2021-06-11T16:47:13","modified_gmt":"2021-06-11T14:47:13","slug":"akademia-szkolnych-liderow-przyszlosci-gala-projektu","status":"publish","type":"page","link":"https:\/\/sp1hrubieszow.pl\/index.php\/kronika-2020-2021\/akademia-szkolnych-liderow-przyszlosci-gala-projektu\/","title":{"rendered":"Akademia Szkolnych Lider\u00f3w Przysz\u0142o\u015bci-Gala Projektu"},"content":{"rendered":"\n<div dir=\"auto\"><span style=\"color: #000080;\">W dniu 07.06.2021r. na profilu fb oraz kanale You Tube Instytutu Edukacji Pozytywnej transmitowana by\u0142a Gala Projektu live, w ramach og\u00f3lnopolskiego projektu Akademia Szkolnych Lider\u00f3w Przysz\u0142o\u015bci, podczas kt\u00f3rej prezentowany by\u0142 projekt pt. &#8222;Jak ogarn\u0105\u0107 emocje?&#8221; ze Szko\u0142y Podstawowej Nr 1 im. Boles\u0142awa Prusa w Hrubieszowie, przygotowany przez uczestniczki projektu, grup\u0119 Mediatorki LHR: Stefani\u0119 Sucheck\u0105 z kl. VIc, Wiktori\u0119 Najfeld z kl. VIId i Aleksandr\u0119 Szymko z kl. VIIIb pod kierunkiem p. Marty Kuczy\u0144skiej. Organizatorem projektu by\u0142a Fundacja Instytut Edukacji Pozytywnej. W ramach udzia\u0142u w Akademii Szkolnych Lider\u00f3w Przysz\u0142o\u015bci, uczennice z Jedynki wzi\u0119\u0142y udzia\u0142 w spotkaniach i szkoleniach online, podczas kt\u00f3rych nabywa\u0142y umiej\u0119tno\u015bci i kszta\u0142towa\u0142y kompetencje niezb\u0119dne do bycia szkolnym liderem. Zaj\u0119cia odbywa\u0142y si\u0119 od marca do maja 2021r.<\/span><\/div>\n<div dir=\"auto\"><span style=\"color: #000080;\">Efektem ko\u0144cowym pracy dziewcz\u0105t by\u0142 opracowany przez nie projekt pt. &#8222;Jak ogarn\u0105\u0107 emocje?&#8221;, kt\u00f3ry skierowany by\u0142 do uczni\u00f3w SP Nr 1 w Hrubieszowie oraz uwzgl\u0119dnia\u0142 wsp\u00f3\u0142prac\u0119 ze \u015brodowiskiem lokalnym. Projekt &#8222;skrojony zosta\u0142&#8221; na miar\u0119 trudnych czas\u00f3w, w kt\u00f3rych przysz\u0142o nam \u017cy\u0107, zwi\u0105zanych z pandemi\u0105 Covid-19 i dedykowany by\u0142 wszystkim uczniom, kt\u00f3rzy do\u015bwiadczyli trudno\u015bci emocjonalnych i stresu podczas edukacji zdalnej. Mia\u0142 na celu popraw\u0119 samopoczucia psychicznego uczni\u00f3w, edukacj\u0119 w zakresie radzenia sobie z trudnymi emocjami mi\u0119dzy innymi poprzez poznawanie pomocnych sposob\u00f3w na stres, promocj\u0119 literatury oraz ekspresj\u0119 artystyczn\u0105. W ramach projektu &#8222;Jak ogarn\u0105\u0107 emocje?&#8221; przygotowano:<\/span><\/div>\n<div dir=\"auto\"><span style=\"color: #000080;\">&#8211; Zaj\u0119cia o emocjach pt. &#8222;Jak ogarn\u0105\u0107 emocje&#8221; w klasie pierwszej oraz w grupie \u015bwietlicowej,<\/span><\/div>\n<div dir=\"auto\"><span style=\"color: #000080;\">-&#8222;Wystaw\u0119 ksi\u0105\u017cek o emocjach&#8221; w szkolnej bibliotece, przygotowan\u0105 we wsp\u00f3\u0142pracy z Miejsk\u0105 Bibliotek\u0105 Publiczn\u0105 w Hrubieszowie, podczas kt\u00f3rej w szkolnej bibliotece prezentowano ciekawe nowo\u015bci ksi\u0105\u017ckowe, po\u015bwi\u0119cone radzeniu sobie z emocjami i ze stresem, dost\u0119pne na rynku wydawniczym,<\/span><\/div>\n<div dir=\"auto\"><span style=\"color: #000080;\">-Konkursy indywidualne i klasowy pt. &#8222;Nie dajemy mocy szkolnej przemocy&#8221;, og\u0142oszone z okazji: &#8222;Dnia szko\u0142y bez przemocy&#8221;,<\/span><\/div>\n<div dir=\"auto\"><span style=\"color: #000080;\">-Wystaw\u0119 plakat\u00f3w, przygotowanych przez klasy w ramach udzia\u0142u w konkursie pt. &#8222;Nie dajemy mocy szkolnej przemocy&#8221; na terenie Miejskiej Biblioteki Publicznej w Hrubieszowie,<\/span><\/div>\n<div dir=\"auto\"><span style=\"color: #000080;\">-Artyku\u0142 do gazetki szkolnej &#8222;Jedyneczka&#8221;, po\u015bwi\u0119cony radzeniu sobie z trudnymi emocjami i ze stresem a tak\u017ce promuj\u0105cy mediacj\u0119 jako spos\u00f3b na rozwi\u0105zywanie konflikt\u00f3w.<\/span><\/div>\n<div dir=\"auto\"><span style=\"color: #000080;\">Uczennice samodzielnie oceni\u0142y prace konkursowe i przyzna\u0142y nagrody oraz dyplomy, kt\u00f3re zostan\u0105 wr\u0119czone zwyci\u0119zcom indywidualnym i klasom. Nagrodami s\u0105 gry planszowe, kt\u00f3re podarowane klasom pozytywnie wp\u0142yn\u0105 na integracj\u0119 zespo\u0142\u00f3w klasowych. Plakaty konkursowe, prezentowane obecnie na wystawie w Miejskiej Bibliotece Publicznej w Hrubieszowie wykona\u0142y nast\u0119puj\u0105ce klasy: klasa IIc- wych. Joanna Bartnik, <\/span><span style=\"color: #000080;\">klasa IIIa- wych. p. Ma\u0142gorzata Serafin, klasa IIIc-wych. p. Joanna Nazar, klasa IVb-wych. p. Ewa Filipowicz-Sidorczuk, klasa IVc-wych. p. Anna Lewandowska, klasa Va-wych. p. Ewa Szostak, <\/span><span style=\"color: #000080;\">klasa VIIa-wych.p. Arleta Kowalska, klasa VII b-wych p. Monika Czulak, klasa VIId-wych.p. Aneta Rycerz, klasa VIIIc-wych.p. Marta Lackowska.<\/span><\/div>\n<div dir=\"auto\"><span style=\"color: #000080;\">Organizacja dzia\u0142a\u0144 w ramach projektu &#8222;Jak ogarn\u0105\u0107 emocje&#8221; pozwoli\u0142a na osi\u0105gni\u0119cie za\u0142o\u017conych cel\u00f3w oraz przynios\u0142a wiele satysfakcji uczestniczkom projektu, o czym dziewcz\u0119ta opowiadaj\u0105 w filmiku i prezentacji przygotowanej na Gal\u0119 projektu.<\/span><\/div>\n<div dir=\"auto\"><span style=\"color: #000080;\">Dzi\u0119kujemy Miejskiej Bibliotece Publicznej w Hrubieszowie, Bibliotece Szkolnej SP Nr 1 w Hrubieszowie oraz wszystkim tym, kt\u00f3rzy wsparli realizacj\u0119 projektu pomoc\u0105 i dobrym s\u0142owem<span class=\"pq6dq46d tbxw36s4 knj5qynh kvgmc6g5 ditlmg2l oygrvhab nvdbi5me sf5mxxl7 gl3lb2sf hhz5lgdu\"><img loading=\"lazy\" decoding=\"async\" src=\"https:\/\/static.xx.fbcdn.net\/images\/emoji.php\/v9\/teb\/2\/16\/1f642.png\" alt=\"?\" width=\"16\" height=\"16\"><\/span><span class=\"pq6dq46d tbxw36s4 knj5qynh kvgmc6g5 ditlmg2l oygrvhab nvdbi5me sf5mxxl7 gl3lb2sf hhz5lgdu\"><img loading=\"lazy\" decoding=\"async\" src=\"https:\/\/static.xx.fbcdn.net\/images\/emoji.php\/v9\/teb\/2\/16\/1f642.png\" alt=\"?\" width=\"16\" height=\"16\"><\/span><span class=\"pq6dq46d tbxw36s4 knj5qynh kvgmc6g5 ditlmg2l oygrvhab nvdbi5me sf5mxxl7 gl3lb2sf hhz5lgdu\"><img loading=\"lazy\" decoding=\"async\" src=\"https:\/\/static.xx.fbcdn.net\/images\/emoji.php\/v9\/teb\/2\/16\/1f642.png\" alt=\"?\" width=\"16\" height=\"16\"><\/span><\/span><\/div>\n<div dir=\"auto\" style=\"text-align: right;\"><span style=\"color: #000080;\">Opiekun grupy projektowej Mediatorki LHR- Marta Kuczy\u0144ska<\/span><\/div>\n<div dir=\"auto\">&nbsp;<\/div>\n<div dir=\"auto\">&nbsp;<\/div>\n<div dir=\"auto\">&nbsp;<\/div>\nngg_shortcode_0_placeholder\n<p>Zapraszamy do obejrzenia Gali Projektu:<\/p>\n<p><strong><span style=\"color: #000080;\"><a style=\"color: #000080;\" href=\"https:\/\/www.facebook.com\/instytutep\/videos\/1122485514905544\">(4) Facebook<\/a><\/span><\/strong><\/p>\n","protected":false},"excerpt":{"rendered":"<p>W dniu 07.06.2021r. na profilu fb oraz kanale You Tube Instytutu Edukacji Pozytywnej transmitowana by\u0142a Gala Projektu live, w ramach og\u00f3lnopolskiego projektu Akademia Szkolnych Lider\u00f3w Przysz\u0142o\u015bci, podczas kt\u00f3rej prezentowany by\u0142 projekt pt. &#8222;Jak ogarn\u0105\u0107 emocje?&#8221; ze Szko\u0142y Podstawowej Nr 1 im. Boles\u0142awa Prusa w Hrubieszowie, przygotowany przez uczestniczki projektu, grup\u0119 Mediatorki LHR: Stefani\u0119 Sucheck\u0105 z [&hellip;]<\/p>\n","protected":false},"author":2,"featured_media":0,"parent":5983,"menu_order":0,"comment_status":"closed","ping_status":"closed","template":"","meta":{"ngg_post_thumbnail":0,"footnotes":""},"class_list":["post-9915","page","type-page","status-publish","hentry"],"_links":{"self":[{"href":"https:\/\/sp1hrubieszow.pl\/index.php\/wp-json\/wp\/v2\/pages\/9915","targetHints":{"allow":["GET"]}}],"collection":[{"href":"https:\/\/sp1hrubieszow.pl\/index.php\/wp-json\/wp\/v2\/pages"}],"about":[{"href":"https:\/\/sp1hrubieszow.pl\/index.php\/wp-json\/wp\/v2\/types\/page"}],"author":[{"embeddable":true,"href":"https:\/\/sp1hrubieszow.pl\/index.php\/wp-json\/wp\/v2\/users\/2"}],"replies":[{"embeddable":true,"href":"https:\/\/sp1hrubieszow.pl\/index.php\/wp-json\/wp\/v2\/comments?post=9915"}],"version-history":[{"count":2,"href":"https:\/\/sp1hrubieszow.pl\/index.php\/wp-json\/wp\/v2\/pages\/9915\/revisions"}],"predecessor-version":[{"id":9919,"href":"https:\/\/sp1hrubieszow.pl\/index.php\/wp-json\/wp\/v2\/pages\/9915\/revisions\/9919"}],"up":[{"embeddable":true,"href":"https:\/\/sp1hrubieszow.pl\/index.php\/wp-json\/wp\/v2\/pages\/5983"}],"wp:attachment":[{"href":"https:\/\/sp1hrubieszow.pl\/index.php\/wp-json\/wp\/v2\/media?parent=9915"}],"curies":[{"name":"wp","href":"https:\/\/api.w.org\/{rel}","templated":true}]}}