{"id":9828,"date":"2021-06-09T11:04:50","date_gmt":"2021-06-09T09:04:50","guid":{"rendered":"http:\/\/sp1.hrubieszow.info\/?page_id=9828"},"modified":"2021-06-09T11:05:03","modified_gmt":"2021-06-09T09:05:03","slug":"akcja-charytatywna","status":"publish","type":"page","link":"https:\/\/sp1hrubieszow.pl\/index.php\/kronika-2020-2021\/akcja-charytatywna\/","title":{"rendered":"AKCJA CHARYTATYWNA"},"content":{"rendered":"\n<p><span style=\"color: #000080;\">Szkolne Ko\u0142o Wolontariatu zach\u0119ca wszystkich do w\u0142\u0105czenia si\u0119 w akcj\u0119 charytatywn\u0105 na rzecz Specjalistycznego O\u015brodka Wsparcia dla Ofiar Przemocy w Tyszowcach.<\/span><\/p>\n<p><span style=\"color: #000080;\">Specjalistyczny O\u015brodek Wsparcia dla Ofiar Przemocy w Rodzinie jest plac\u00f3wk\u0105&nbsp; stacjonarn\u0105, pobytu okresowego (do trzech miesi\u0119cy z mo\u017cliwo\u015bci\u0105 przed\u0142u\u017cenia) dla 25 os\u00f3b z terenu wojew\u00f3dztwa lubelskiego. Zapewnia bezpieczne, ca\u0142odobowe schronienie w sytuacjach zagra\u017caj\u0105cych utrat\u0105 \u017cycia b\u0105d\u017a zdrowia. W szczeg\u00f3lno\u015bci osoby kt\u00f3re prze\u017cy\u0142y g\u0142\u0119bokie, traumatyczne wydarzenia \u017cyciowe zwi\u0105zane z przemoc\u0105 fizyczn\u0105, emocjonaln\u0105, seksualn\u0105 i materialn\u0105 w swoich rodzinach, s\u0105 w z\u0142ym stanie psychicznym i nie mog\u0105 czasowo przebywa\u0107 we w\u0142asnych domach.<\/span><\/p>\n<p><span style=\"color: #000080;\">Prosimy o wsparcie w postaci mi\u0119dzy innymi:<\/span><\/p>\n<ul>\n<li><span style=\"color: #000080;\">\u015brodki czysto\u015bci (myd\u0142a, p\u0142yny, chusteczki higieniczne-nawil\u017cane, papier toaletowy, r\u0119cznik kuchenne, szampony itp.),<\/span><\/li>\n<li><span style=\"color: #000080;\">pampersy ( obecnie w o\u015brodku przebywaj\u0105 ma\u0142e dzieci),<\/span><\/li>\n<li><span style=\"color: #000080;\">ksi\u0105\u017ceczki dla dzieci i starszych,<\/span><\/li>\n<li><span style=\"color: #000080;\">niezniszczone zabawki oraz gry,<\/span><\/li>\n<li><span style=\"color: #000080;\">przedmioty gospodarstwa domowego.<\/span><\/li>\n<\/ul>\n<p><span style=\"color: #000080;\">Rzeczy nale\u017cy dostarcza\u0107 do pedagoga szkolnego Anny Karkuszewskiej, opiekuna SKW. Dary zbieramy do 22 czerwca br.<\/span><\/p>\nngg_shortcode_0_placeholder\n","protected":false},"excerpt":{"rendered":"<p>Szkolne Ko\u0142o Wolontariatu zach\u0119ca wszystkich do w\u0142\u0105czenia si\u0119 w akcj\u0119 charytatywn\u0105 na rzecz Specjalistycznego O\u015brodka Wsparcia dla Ofiar Przemocy w Tyszowcach. Specjalistyczny O\u015brodek Wsparcia dla Ofiar Przemocy w Rodzinie jest plac\u00f3wk\u0105&nbsp; stacjonarn\u0105, pobytu okresowego (do trzech miesi\u0119cy z mo\u017cliwo\u015bci\u0105 przed\u0142u\u017cenia) dla 25 os\u00f3b z terenu wojew\u00f3dztwa lubelskiego. Zapewnia bezpieczne, ca\u0142odobowe schronienie w sytuacjach zagra\u017caj\u0105cych utrat\u0105 [&hellip;]<\/p>\n","protected":false},"author":2,"featured_media":0,"parent":5983,"menu_order":0,"comment_status":"closed","ping_status":"closed","template":"","meta":{"ngg_post_thumbnail":0,"footnotes":""},"class_list":["post-9828","page","type-page","status-publish","hentry"],"_links":{"self":[{"href":"https:\/\/sp1hrubieszow.pl\/index.php\/wp-json\/wp\/v2\/pages\/9828","targetHints":{"allow":["GET"]}}],"collection":[{"href":"https:\/\/sp1hrubieszow.pl\/index.php\/wp-json\/wp\/v2\/pages"}],"about":[{"href":"https:\/\/sp1hrubieszow.pl\/index.php\/wp-json\/wp\/v2\/types\/page"}],"author":[{"embeddable":true,"href":"https:\/\/sp1hrubieszow.pl\/index.php\/wp-json\/wp\/v2\/users\/2"}],"replies":[{"embeddable":true,"href":"https:\/\/sp1hrubieszow.pl\/index.php\/wp-json\/wp\/v2\/comments?post=9828"}],"version-history":[{"count":1,"href":"https:\/\/sp1hrubieszow.pl\/index.php\/wp-json\/wp\/v2\/pages\/9828\/revisions"}],"predecessor-version":[{"id":9829,"href":"https:\/\/sp1hrubieszow.pl\/index.php\/wp-json\/wp\/v2\/pages\/9828\/revisions\/9829"}],"up":[{"embeddable":true,"href":"https:\/\/sp1hrubieszow.pl\/index.php\/wp-json\/wp\/v2\/pages\/5983"}],"wp:attachment":[{"href":"https:\/\/sp1hrubieszow.pl\/index.php\/wp-json\/wp\/v2\/media?parent=9828"}],"curies":[{"name":"wp","href":"https:\/\/api.w.org\/{rel}","templated":true}]}}