{"id":9822,"date":"2021-06-09T10:05:16","date_gmt":"2021-06-09T08:05:16","guid":{"rendered":"http:\/\/sp1.hrubieszow.info\/?page_id=9822"},"modified":"2021-06-09T10:05:43","modified_gmt":"2021-06-09T08:05:43","slug":"pudelka-szczescia-od-caritas","status":"publish","type":"page","link":"https:\/\/sp1hrubieszow.pl\/index.php\/kronika-2020-2021\/pudelka-szczescia-od-caritas\/","title":{"rendered":"Pude\u0142ka Szcz\u0119\u015bcia od Caritas"},"content":{"rendered":"\n<p><span style=\"color: #000080;\">Z okazji Dnia Dziecka&nbsp; Caritas Polska za po\u015brednictwem&nbsp; Zespo\u0142u Caritas dzia\u0142aj\u0105cego przy Parafii \u015aw. Miko\u0142aja&nbsp; przekaza\u0142a najm\u0142odszym dzieciom z grupy zerowej maskotki, ksi\u0105\u017cki i gry planszowe oraz s\u0142odycze. Prezenty, w formie Pude\u0142ek Szcz\u0119\u015bcia, &nbsp;by\u0142y wr\u0119czane przez Proboszcza Parafii&nbsp; Ks. Wies\u0142awa&nbsp; Oleszka&nbsp; w asy\u015bcie wspania\u0142ych Pa\u0144 Wolontariuszek . Dzi\u0119kujemy za wspania\u0142e prezenty &#8211; domki i wielk\u0105 niespodziank\u0119.<\/span><\/p>\n<p><span style=\"color: #000080;\">Na twarzach naszych dzieciak\u00f3w widnia\u0142 u\u015bmiech, rado\u015b\u0107 i wdzi\u0119czno\u015b\u0107. Cieszy\u0142y ich nie tylko upominki, ale przede wszystkim to, \u017ce zostali wyr\u00f3\u017cnieni z ca\u0142ej spo\u0142eczno\u015bci ,,Jedynki\u2019\u2019. Wra\u017cenia z obecno\u015bci wspania\u0142ych go\u015bci w naszej plac\u00f3wce pozostan\u0105 na d\u0142ugo w pami\u0119ci najm\u0142odszych.<\/span><\/p>\n<p style=\"text-align: right;\"><span style=\"color: #000080;\"><em>&nbsp;&nbsp;&nbsp;&nbsp;&nbsp;&nbsp;&nbsp;&nbsp;&nbsp;&nbsp;&nbsp;&nbsp;&nbsp;&nbsp;&nbsp;&nbsp;&nbsp;&nbsp;&nbsp;&nbsp;&nbsp;&nbsp;&nbsp;&nbsp;&nbsp;&nbsp;&nbsp;&nbsp;&nbsp;&nbsp;&nbsp; Dzi\u0119kujemy za okazan\u0105<\/em><em> dobro\u0107 i \u017cyczliwo\u015b\u0107.<\/em><\/span><\/p>\nngg_shortcode_0_placeholder\n","protected":false},"excerpt":{"rendered":"<p>Z okazji Dnia Dziecka&nbsp; Caritas Polska za po\u015brednictwem&nbsp; Zespo\u0142u Caritas dzia\u0142aj\u0105cego przy Parafii \u015aw. Miko\u0142aja&nbsp; przekaza\u0142a najm\u0142odszym dzieciom z grupy zerowej maskotki, ksi\u0105\u017cki i gry planszowe oraz s\u0142odycze. Prezenty, w formie Pude\u0142ek Szcz\u0119\u015bcia, &nbsp;by\u0142y wr\u0119czane przez Proboszcza Parafii&nbsp; Ks. Wies\u0142awa&nbsp; Oleszka&nbsp; w asy\u015bcie wspania\u0142ych Pa\u0144 Wolontariuszek . Dzi\u0119kujemy za wspania\u0142e prezenty &#8211; domki i wielk\u0105 [&hellip;]<\/p>\n","protected":false},"author":2,"featured_media":0,"parent":5983,"menu_order":0,"comment_status":"closed","ping_status":"closed","template":"","meta":{"ngg_post_thumbnail":0,"footnotes":""},"class_list":["post-9822","page","type-page","status-publish","hentry"],"_links":{"self":[{"href":"https:\/\/sp1hrubieszow.pl\/index.php\/wp-json\/wp\/v2\/pages\/9822","targetHints":{"allow":["GET"]}}],"collection":[{"href":"https:\/\/sp1hrubieszow.pl\/index.php\/wp-json\/wp\/v2\/pages"}],"about":[{"href":"https:\/\/sp1hrubieszow.pl\/index.php\/wp-json\/wp\/v2\/types\/page"}],"author":[{"embeddable":true,"href":"https:\/\/sp1hrubieszow.pl\/index.php\/wp-json\/wp\/v2\/users\/2"}],"replies":[{"embeddable":true,"href":"https:\/\/sp1hrubieszow.pl\/index.php\/wp-json\/wp\/v2\/comments?post=9822"}],"version-history":[{"count":1,"href":"https:\/\/sp1hrubieszow.pl\/index.php\/wp-json\/wp\/v2\/pages\/9822\/revisions"}],"predecessor-version":[{"id":9823,"href":"https:\/\/sp1hrubieszow.pl\/index.php\/wp-json\/wp\/v2\/pages\/9822\/revisions\/9823"}],"up":[{"embeddable":true,"href":"https:\/\/sp1hrubieszow.pl\/index.php\/wp-json\/wp\/v2\/pages\/5983"}],"wp:attachment":[{"href":"https:\/\/sp1hrubieszow.pl\/index.php\/wp-json\/wp\/v2\/media?parent=9822"}],"curies":[{"name":"wp","href":"https:\/\/api.w.org\/{rel}","templated":true}]}}