{"id":9736,"date":"2021-06-04T14:52:59","date_gmt":"2021-06-04T12:52:59","guid":{"rendered":"http:\/\/sp1.hrubieszow.info\/?page_id=9736"},"modified":"2021-06-04T14:53:34","modified_gmt":"2021-06-04T12:53:34","slug":"warsztaty-profilaktyczne-dla-uczniow-klas-i-iii","status":"publish","type":"page","link":"https:\/\/sp1hrubieszow.pl\/index.php\/kronika-2020-2021\/warsztaty-profilaktyczne-dla-uczniow-klas-i-iii\/","title":{"rendered":"Warsztaty profilaktyczne dla uczni\u00f3w klas I-III"},"content":{"rendered":"\n<div dir=\"auto\"><span style=\"color: #000080;\">W dniu 28.05.2021r. uczniowie klas I-III Szko\u0142y Podstawowej Nr 1w Hrubieszowie wzi\u0119li udzia\u0142 w dwugodzinnych zaj\u0119ciach warsztatowych, kt\u00f3re prowadzili Pa\u0144stwo Kamila i Karol W\u0105cha\u0142a<\/span><\/div>\n<div dir=\"auto\"><span style=\"color: #000080;\">z Pracowni Psychologiczno-Terapeutycznej Karneol.<\/span><\/div>\n<div dir=\"auto\"><span style=\"color: #000080;\">Zaj\u0119cia by\u0142y dedykowane dzieciom w zwi\u0105zku z trudami tego roku szkolnego, podczas kt\u00f3rego do\u015bwiadczy\u0142y trudnych emocji i stresu, zwi\u0105zanych z pandemi\u0105 Covid-19. Podczas warsztat\u00f3w uczniowie uczyli si\u0119 jak rozpoznawa\u0107 emocje, prawid\u0142owo je wyra\u017ca\u0107 oraz jak radzi\u0107 sobie z trudnymi sytuacjami. Warsztaty mia\u0142y na celu integrowanie zespo\u0142\u00f3w klasowych, nauk\u0119 postawy tolerancji i szacunku do drugiego cz\u0142owieka oraz wzmacnianie postaw kole\u017ce\u0144stwa i przyja\u017ani. Poprzez nauk\u0119 kontroli i ekspresji emocji, zaj\u0119cia mia\u0142y tak\u017ce na celu zapobieganie przemocy r\u00f3wie\u015bniczej oraz r\u00f3\u017cnego rodzaju uzale\u017cnieniom. Uczniom przypad\u0142y do gustu \u0107wiczenia, karty pracy a przede wszystkim nauka ta\u0144ca integracyjnego i piosenki, kt\u00f3re sprawi\u0105, \u017ce zaj\u0119cia na d\u0142ugo pozostan\u0105 w ich pami\u0119ci<span class=\"pq6dq46d tbxw36s4 knj5qynh kvgmc6g5 ditlmg2l oygrvhab nvdbi5me sf5mxxl7 gl3lb2sf hhz5lgdu\"><img loading=\"lazy\" decoding=\"async\" src=\"https:\/\/static.xx.fbcdn.net\/images\/emoji.php\/v9\/teb\/2\/16\/1f642.png\" alt=\"?\" width=\"16\" height=\"16\"><\/span> Zaj\u0119cia przeprowadzono w ramach realizacji program\u00f3w profilaktycznych z funduszy Gminy Miejskiej Hrubiesz\u00f3w. Przebieg warsztat\u00f3w koordynowali pedagodzy szkolni: Marta Kuczy\u0144ska i Anna Karkuszewska.<\/span><\/div>\n<div dir=\"auto\">&nbsp;<\/div>\n<div dir=\"auto\">\nngg_shortcode_0_placeholder\n<\/div>\n","protected":false},"excerpt":{"rendered":"<p>W dniu 28.05.2021r. uczniowie klas I-III Szko\u0142y Podstawowej Nr 1w Hrubieszowie wzi\u0119li udzia\u0142 w dwugodzinnych zaj\u0119ciach warsztatowych, kt\u00f3re prowadzili Pa\u0144stwo Kamila i Karol W\u0105cha\u0142a z Pracowni Psychologiczno-Terapeutycznej Karneol. Zaj\u0119cia by\u0142y dedykowane dzieciom w zwi\u0105zku z trudami tego roku szkolnego, podczas kt\u00f3rego do\u015bwiadczy\u0142y trudnych emocji i stresu, zwi\u0105zanych z pandemi\u0105 Covid-19. Podczas warsztat\u00f3w uczniowie uczyli si\u0119 [&hellip;]<\/p>\n","protected":false},"author":2,"featured_media":0,"parent":5983,"menu_order":0,"comment_status":"closed","ping_status":"closed","template":"","meta":{"ngg_post_thumbnail":0,"footnotes":""},"class_list":["post-9736","page","type-page","status-publish","hentry"],"_links":{"self":[{"href":"https:\/\/sp1hrubieszow.pl\/index.php\/wp-json\/wp\/v2\/pages\/9736","targetHints":{"allow":["GET"]}}],"collection":[{"href":"https:\/\/sp1hrubieszow.pl\/index.php\/wp-json\/wp\/v2\/pages"}],"about":[{"href":"https:\/\/sp1hrubieszow.pl\/index.php\/wp-json\/wp\/v2\/types\/page"}],"author":[{"embeddable":true,"href":"https:\/\/sp1hrubieszow.pl\/index.php\/wp-json\/wp\/v2\/users\/2"}],"replies":[{"embeddable":true,"href":"https:\/\/sp1hrubieszow.pl\/index.php\/wp-json\/wp\/v2\/comments?post=9736"}],"version-history":[{"count":1,"href":"https:\/\/sp1hrubieszow.pl\/index.php\/wp-json\/wp\/v2\/pages\/9736\/revisions"}],"predecessor-version":[{"id":9737,"href":"https:\/\/sp1hrubieszow.pl\/index.php\/wp-json\/wp\/v2\/pages\/9736\/revisions\/9737"}],"up":[{"embeddable":true,"href":"https:\/\/sp1hrubieszow.pl\/index.php\/wp-json\/wp\/v2\/pages\/5983"}],"wp:attachment":[{"href":"https:\/\/sp1hrubieszow.pl\/index.php\/wp-json\/wp\/v2\/media?parent=9736"}],"curies":[{"name":"wp","href":"https:\/\/api.w.org\/{rel}","templated":true}]}}