{"id":9696,"date":"2021-06-04T14:32:30","date_gmt":"2021-06-04T12:32:30","guid":{"rendered":"http:\/\/sp1.hrubieszow.info\/?page_id=9696"},"modified":"2021-06-04T14:33:06","modified_gmt":"2021-06-04T12:33:06","slug":"swiatowy-dzien-bez-tytoniu","status":"publish","type":"page","link":"https:\/\/sp1hrubieszow.pl\/index.php\/kronika-2020-2021\/swiatowy-dzien-bez-tytoniu\/","title":{"rendered":"\u015awiatowy Dzie\u0144 bez Tytoniu"},"content":{"rendered":"\n<div class=\"o9v6fnle cxmmr5t8 oygrvhab hcukyx3x c1et5uql ii04i59q\">\n<div dir=\"auto\"><span style=\"color: #000080;\">Dnia 31 maja 2021r. w Szkole Podstawowej Nr 1 im. Boles\u0142awa Prusa w Hrubieszowie zorganizowano dzia\u0142ania z okazji \u201e\u015awiatowego Dnia bez Tytoniu\u201d. Przygotowano wystaw\u0119 plakat\u00f3w i prac profilaktycznych oraz wr\u0119czono nagrody i dyplomy za konkursy przeprowadzone w ramach profilaktyki antynikotynowej. Nagrody wr\u0119czy\u0142a pani Joanna Szyma\u0144ska, pracownik Powiatowej Stacji Sanitarno -Epidemiologicznej w Hrubieszowie.<\/span><\/div>\n<\/div>\n<div class=\"o9v6fnle cxmmr5t8 oygrvhab hcukyx3x c1et5uql ii04i59q\">\n<div dir=\"auto\"><span style=\"color: #000080;\">W II p\u00f3\u0142roczu roku szkolnego 2020\/2021, we wsp\u00f3\u0142pracy ze Powiatow\u0105 Stacj\u0105 Sanitarno-Epidemiologiczn\u0105 w Hrubieszowie, realizowane by\u0142y programy profilaktyki antynikotynowej skierowane do uczni\u00f3w m\u0142odszych. Uczniowie klas trzecich uczestniczyli w programie pt. \u201eNie pal przy mnie, prosz\u0119\u2026\u201d, za\u015b uczniowie klas czwartych w programie \u201eBieg po zdrowie\u201d. Realizacja tych\u017ce program\u00f3w mia\u0142a na celu propagowanie zdrowego stylu \u017cycia, zapobieganie si\u0119ganiu po u\u017cywki oraz rozwijanie postawy asertywnej. Podsumowaniem program\u00f3w by\u0142 udzia\u0142 uczni\u00f3w<\/span><\/div>\n<div dir=\"auto\"><span style=\"color: #000080;\">w konkursach plastycznych. Nagrodzono nast\u0119puj\u0105cych uczni\u00f3w:<\/span><\/div>\n<\/div>\n<div class=\"o9v6fnle cxmmr5t8 oygrvhab hcukyx3x c1et5uql ii04i59q\">\n<div dir=\"auto\"><span style=\"color: #000080;\">Laureaci konkursu plastycznego \u201eNie pal przy mnie, prosz\u0119\u2026\u201d<\/span><\/div>\n<div dir=\"auto\"><span style=\"color: #000080;\">I miejsca: Karolina Danilczuk z kl. IIIa, Anastazja Kuru\u015b z kl. IIIc<\/span><\/div>\n<div dir=\"auto\"><span style=\"color: #000080;\">II miejsce: Zuzanna Peczak z kl. IIIa<\/span><\/div>\n<div dir=\"auto\"><span style=\"color: #000080;\">IIII miejsca: Iga Nowosad, z kl. IIIa oraz Miko\u0142aj Karpiuk z kl. IIIb<\/span><\/div>\n<div dir=\"auto\"><span style=\"color: #000080;\">Wyr\u00f3\u017cnienia: Igor Wojtiuk, kl. IIIa<\/span><\/div>\n<div dir=\"auto\"><span style=\"color: #000080;\">Paula Wilczy\u0144ska, kl. IIIa<\/span><\/div>\n<div dir=\"auto\"><span style=\"color: #000080;\">Aleksandra Pa\u0142ys, kl. IIIa<\/span><\/div>\n<\/div>\n<div class=\"o9v6fnle cxmmr5t8 oygrvhab hcukyx3x c1et5uql ii04i59q\">\n<div dir=\"auto\"><span style=\"color: #000080;\">Laureaci konkursu plastycznego \u201eBieg po zdrowie\u201d<\/span><\/div>\n<div dir=\"auto\"><span style=\"color: #000080;\">I miejsca: Dawid Ka\u0144ski, kl. IVc, Dawid Dworak, kl. IVb<\/span><\/div>\n<div dir=\"auto\"><span style=\"color: #000080;\">II miejsce: \u0141ukasz D\u0105browski, kl. IVb<\/span><\/div>\n<div dir=\"auto\"><span style=\"color: #000080;\">III miejsce: Olivier Wo\u015bko, kl. IVb<\/span><\/div>\n<div dir=\"auto\"><span style=\"color: #000080;\">Wyr\u00f3\u017cnienia: Julia Siatka, kl. IVc<\/span><\/div>\n<div dir=\"auto\"><span style=\"color: #000080;\">Miko\u0142aj Gardzio\u0142a, kl. IVb<\/span><\/div>\n<\/div>\n<div class=\"o9v6fnle cxmmr5t8 oygrvhab hcukyx3x c1et5uql ii04i59q\">\n<div dir=\"auto\"><span style=\"color: #000080;\">Uczniowie klas sz\u00f3stych uczestniczyli w programie profilaktyki ,,Znajd\u017a w\u0142a\u015bciwe rozwi\u0105zanie\u201d, kt\u00f3rego g\u0142\u00f3wnym celem jest zapobieganie paleniu tytoniu w\u015br\u00f3d m\u0142odzie\u017cy szkolnej.<\/span><\/div>\n<div dir=\"auto\"><span style=\"color: #000080;\">Cele szczeg\u00f3\u0142owe programu to : zwi\u0119kszenie wiedzy w zakresie szkodliwo\u015bci dymu tytoniowego, kszta\u0142towanie umiej\u0119tno\u015bci dbania o zdrowie w\u0142asne i swoich bliskich, kszta\u0142towanie postaw asertywnych zwi\u0105zanych z unikaniem czynnego i biernego palenia tytoniu. Realizacja programu zosta\u0142a podsumowana konkursem, zadaniem uczni\u00f3w by\u0142o udzielenie poprawnej odpowiedzi na pytania z zakresu profilaktyki antynikotynowej.<\/span><\/div>\n<\/div>\n<div class=\"o9v6fnle cxmmr5t8 oygrvhab hcukyx3x c1et5uql ii04i59q\">\n<div dir=\"auto\"><span style=\"color: #000080;\">Laureaci konkursu w ramach programu ,,Znajd\u017a w\u0142a\u015bciwe rozwi\u0105zanie\u201d<\/span><\/div>\n<div dir=\"auto\"><span style=\"color: #000080;\">I miejsce \u2013 Wiktoria Zaj\u0105c<\/span><\/div>\n<div dir=\"auto\"><span style=\"color: #000080;\">II miejsce \u2013 Pawe\u0142 Stankiewicz<\/span><\/div>\n<div dir=\"auto\"><span style=\"color: #000080;\">III miejsce- Wiktoria Korzeniowska<\/span><\/div>\n<div dir=\"auto\"><span style=\"color: #000080;\">IV miejsce \u2013 Patrycja Ba\u0142szan<\/span><\/div>\n<div dir=\"auto\"><span style=\"color: #000080;\">V miejsce \u2013 Bart\u0142omiej Wa\u017cny<\/span><\/div>\n<div dir=\"auto\"><span style=\"color: #000080;\">VI miejsce \u2013 Patrycja Stadnicka<\/span><\/div>\n<div dir=\"auto\"><span style=\"color: #000080;\">VII miejsce \u2013 Wiktoria Iwan<\/span><\/div>\n<div dir=\"auto\"><span style=\"color: #000080;\">VII miejsce \u2013 Stefania Suchecka<\/span><\/div>\n<div dir=\"auto\"><span style=\"color: #000080;\">IX miejsce \u2013 Aleksandra Rz\u0105d<\/span><\/div>\n<div dir=\"auto\"><span style=\"color: #000080;\">X miejsce \u2013 Oliwia Kisielewicz<\/span><\/div>\n<\/div>\n<div class=\"o9v6fnle cxmmr5t8 oygrvhab hcukyx3x c1et5uql ii04i59q\">\n<div dir=\"auto\"><span style=\"color: #000080;\">Laureaci konkursu na has\u0142o antynikotynowe, promuj\u0105ce \u017cycie wolne od na\u0142ogu tytoniowego:<\/span><\/div>\n<div dir=\"auto\"><span style=\"color: #000080;\">Maja Kostecka<\/span><\/div>\n<div dir=\"auto\"><span style=\"color: #000080;\">,,M\u00f3wi\u0105: spal peta, to najlepsza dieta, lecz ja w to nie wierz\u0119 je\u017cd\u017c\u0119 na rowerze!\u201d<\/span><\/div>\n<div dir=\"auto\"><span style=\"color: #000080;\">,,Nie Hoduj Raka We\u017a sobie Tik Taka\u201d<\/span><\/div>\n<div dir=\"auto\"><span style=\"color: #000080;\">,,Te dziewczyny co nie pal\u0105, nigdy szko\u0142y nie zawal\u0105!!<\/span><\/div>\n<\/div>\n<div class=\"o9v6fnle cxmmr5t8 oygrvhab hcukyx3x c1et5uql ii04i59q\">\n<div dir=\"auto\"><span style=\"color: #000080;\">Olaf Lewandowski<\/span><\/div>\n<div dir=\"auto\"><span style=\"color: #000080;\">,,Ja nie pal\u0119, on nie pali, nie pal i ty!\u201d<\/span><\/div>\n<\/div>\n<div class=\"o9v6fnle cxmmr5t8 oygrvhab hcukyx3x c1et5uql ii04i59q\">\n<div dir=\"auto\"><span style=\"color: #000080;\">Miko\u0142aj Gardzio\u0142a<\/span><\/div>\n<div dir=\"auto\"><span style=\"color: #000080;\">,,Je\u015bli palisz papierosa to wiedz o tym, \u017ce kaszel m\u0119czy nie odpuszcza w p\u0142ucach dzieje si\u0119 rewolucja. \u015awie\u0107 przyk\u0142adem, nie r\u00f3b b\u0142\u0119d\u00f3w nie pal fajek ani skr\u0119t\u00f3w. I pami\u0119taj kolego, \u017ce ka\u017cdy do potomstwa d\u0105\u017cy rzu\u0107 palenie mo\u017ce zd\u0105\u017cysz\u201d.<\/span><\/div>\n<div dir=\"auto\"><span style=\"color: #000080;\">Marta Burda<\/span><\/div>\n<div dir=\"auto\"><span style=\"color: #000080;\">,,Rzu\u0107 papierosy, oczyszczaj powietrze\u201d<\/span><\/div>\n<div dir=\"auto\"><span style=\"color: #000080;\">,,Nasze zdrowie wa\u017cniejsze jest ni\u017c papierosy\u201d<\/span><\/div>\n<div dir=\"auto\"><span style=\"color: #000080;\">,,Nie odmawiaj sobie lepszego \u017cycia\u201d<\/span><\/div>\n<\/div>\n<div class=\"o9v6fnle cxmmr5t8 oygrvhab hcukyx3x c1et5uql ii04i59q\">\n<div dir=\"auto\"><span style=\"color: #000080;\">Antonina Suchecka<\/span><\/div>\n<div dir=\"auto\"><span style=\"color: #000080;\">,,NikotyNie m\u00f3wimy NIE\u201d<\/span><\/div>\n<div dir=\"auto\"><span style=\"color: #000080;\">,,Papierosy szkodliwsze ni\u017c my\u015blisz\u201d<\/span><\/div>\n<\/div>\n<div class=\"o9v6fnle cxmmr5t8 oygrvhab hcukyx3x c1et5uql ii04i59q\">\n<div dir=\"auto\"><span style=\"color: #000080;\">Wiktor Konopko<\/span><\/div>\n<div dir=\"auto\"><span style=\"color: #000080;\">,,Nie pal dzi\u015b i prowad\u017a d\u0142ugie zdrowe \u017cycie\u201d<\/span><\/div>\n<div dir=\"auto\"><span style=\"color: #000080;\">Jaros\u0142aw Szala<\/span><\/div>\n<div dir=\"auto\"><span style=\"color: #000080;\">,,Palenie szkodzi zdrowiu\u201d<\/span><\/div>\n<div dir=\"auto\"><span style=\"color: #000080;\">Diana S\u0142upska<\/span><\/div>\n<div dir=\"auto\"><span style=\"color: #000080;\">,,Zakaz \u0142amania ga\u0142\u0119zi i zakaz za\u015bmiecania rzek, las\u00f3w, pla\u017c, bo drzewa daj\u0105 nam powietrze a \u015bmieci powietrze te zatruwaj\u0105, Szanuj Powietrze\u201d<\/span><\/div>\n<div dir=\"auto\"><span style=\"color: #000080;\">Pawe\u0142 Karkuszewski<\/span><\/div>\n<div dir=\"auto\"><span style=\"color: #000080;\">R\u00f3\u017ce s\u0105 czerwone, bzy fioletowe, a substancje w fajkach bardzo s\u0105 niezdrowe\u201d<\/span><\/div>\n<div dir=\"auto\"><span style=\"color: #000080;\">Adam Sikorski<\/span><\/div>\n<div dir=\"auto\"><span style=\"color: #000080;\">,,Palenie jest jak p\u00f3\u0142prosta, ma pocz\u0105tek ale nie ma ko\u0144ca\u201d<\/span><\/div>\n<div dir=\"auto\"><span style=\"color: #000080;\">Aleksandra Za\u0142uska<\/span><\/div>\n<div dir=\"auto\"><span style=\"color: #000080;\">,,Palenie szkodzi zdrowiu!!!\u201d<\/span><\/div>\n<div dir=\"auto\"><span style=\"color: #000080;\">Gabriela Kot<\/span><\/div>\n<div dir=\"auto\"><span style=\"color: #000080;\">,,Zakaz palenia, rak niszczy p\u0142uca, rzu\u0107 palenie\u201d<\/span><\/div>\n<div dir=\"auto\"><span style=\"color: #000080;\">Wiktoria Daciuk<\/span><\/div>\n<div dir=\"auto\"><span style=\"color: #000080;\">Nie pal\u0119, nie choruj\u0119 i dobrze si\u0119 czuj\u0119\u201d.<\/span><\/div>\n<\/div>\n<div class=\"o9v6fnle cxmmr5t8 oygrvhab hcukyx3x c1et5uql ii04i59q\">\n<div dir=\"auto\"><span style=\"color: #000080;\">Dzia\u0142ania w ramach \u201e\u015awiatowego Dnia bez Tytoniu\u201d koordynowali pedagodzy szkolni: Marta Kuczy\u0144ska i Anna Karkuszewska. Nagrody i dyplomy ufundowane zosta\u0142y przez Gmin\u0119 Miejsk\u0105 Hrubiesz\u00f3w oraz przez Powiatow\u0105 Stacj\u0119 Sanitarno-Epidemiologiczn\u0105 w Hrubieszowie.<\/span><\/div>\n<div dir=\"auto\">\nngg_shortcode_0_placeholder\n<\/div>\n<\/div>\n","protected":false},"excerpt":{"rendered":"<p>Dnia 31 maja 2021r. w Szkole Podstawowej Nr 1 im. Boles\u0142awa Prusa w Hrubieszowie zorganizowano dzia\u0142ania z okazji \u201e\u015awiatowego Dnia bez Tytoniu\u201d. Przygotowano wystaw\u0119 plakat\u00f3w i prac profilaktycznych oraz wr\u0119czono nagrody i dyplomy za konkursy przeprowadzone w ramach profilaktyki antynikotynowej. Nagrody wr\u0119czy\u0142a pani Joanna Szyma\u0144ska, pracownik Powiatowej Stacji Sanitarno -Epidemiologicznej w Hrubieszowie. W II p\u00f3\u0142roczu [&hellip;]<\/p>\n","protected":false},"author":2,"featured_media":0,"parent":5983,"menu_order":0,"comment_status":"closed","ping_status":"closed","template":"","meta":{"ngg_post_thumbnail":0,"footnotes":""},"class_list":["post-9696","page","type-page","status-publish","hentry"],"_links":{"self":[{"href":"https:\/\/sp1hrubieszow.pl\/index.php\/wp-json\/wp\/v2\/pages\/9696","targetHints":{"allow":["GET"]}}],"collection":[{"href":"https:\/\/sp1hrubieszow.pl\/index.php\/wp-json\/wp\/v2\/pages"}],"about":[{"href":"https:\/\/sp1hrubieszow.pl\/index.php\/wp-json\/wp\/v2\/types\/page"}],"author":[{"embeddable":true,"href":"https:\/\/sp1hrubieszow.pl\/index.php\/wp-json\/wp\/v2\/users\/2"}],"replies":[{"embeddable":true,"href":"https:\/\/sp1hrubieszow.pl\/index.php\/wp-json\/wp\/v2\/comments?post=9696"}],"version-history":[{"count":1,"href":"https:\/\/sp1hrubieszow.pl\/index.php\/wp-json\/wp\/v2\/pages\/9696\/revisions"}],"predecessor-version":[{"id":9697,"href":"https:\/\/sp1hrubieszow.pl\/index.php\/wp-json\/wp\/v2\/pages\/9696\/revisions\/9697"}],"up":[{"embeddable":true,"href":"https:\/\/sp1hrubieszow.pl\/index.php\/wp-json\/wp\/v2\/pages\/5983"}],"wp:attachment":[{"href":"https:\/\/sp1hrubieszow.pl\/index.php\/wp-json\/wp\/v2\/media?parent=9696"}],"curies":[{"name":"wp","href":"https:\/\/api.w.org\/{rel}","templated":true}]}}