{"id":9662,"date":"2021-05-28T11:44:41","date_gmt":"2021-05-28T09:44:41","guid":{"rendered":"http:\/\/sp1.hrubieszow.info\/?page_id=9662"},"modified":"2021-05-28T11:45:16","modified_gmt":"2021-05-28T09:45:16","slug":"ogolnopolski-konkursu-literacko-fotograficzny-podrozne-historie-o-podrozach-w-pandemii","status":"publish","type":"page","link":"https:\/\/sp1hrubieszow.pl\/index.php\/kronika-2020-2021\/ogolnopolski-konkursu-literacko-fotograficzny-podrozne-historie-o-podrozach-w-pandemii\/","title":{"rendered":"Og\u00f3lnopolski Konkursu Literacko-Fotograficzny \u201e(Pod)r\u00f3\u017cne historie\u201d\u2013\u00a0\u201eO podr\u00f3\u017cach w pandemii\u201d"},"content":{"rendered":"\n<div>\n<p class=\"gwp2519e7a3_MsoNormal\" align=\"center\"><span style=\"color: #000080;\">Mamy wyniki Og\u00f3lnopolskiego Konkursu Literacko-Fotograficznego \u201e(Pod)r\u00f3\u017cne historie\u201d\u2013&nbsp;\u201eO podr\u00f3\u017cach w pandemii\u201d<\/span><\/p>\n<p class=\"gwp2519e7a3_MsoNormal\" align=\"center\"><span style=\"color: #000080;\">Konkurs organizowany&nbsp;&nbsp;pod honorowym patronatem<\/span><\/p>\n<p class=\"gwp2519e7a3_MsoNormal\" align=\"center\"><span style=\"color: #000080;\">Prezydenta Miasta Bia\u0142egostoku&nbsp;i Marsza\u0142ka Wojew\u00f3dztwa Podlaskiego<\/span><\/p>\n<p class=\"gwp2519e7a3_MsoNormal\" align=\"center\"><span style=\"color: #000080;\"><strong>Jury zakwalifikowa\u0142o do wystawy prac\u0119 ucznia klasy 8a<\/strong><\/span><\/p>\n<p class=\"gwp2519e7a3_MsoNormal\" align=\"center\"><span style=\"color: #000080;\"><strong>naszej szko\u0142y<\/strong><\/span><\/p>\n<p class=\"gwp2519e7a3_MsoNormal\" align=\"center\"><span style=\"color: #000080;\"><strong>Jana K\u0142odzi\u0144skiego<\/strong><\/span><\/p>\n<p class=\"gwp2519e7a3_MsoNormal\"><span style=\"color: #000080;\">Serdecznie zapraszamy do obejrzenia filmu z podsumowaniem Og\u00f3lnopolskiego Konkursu Literacko-Fotograficznego \u201e(Pod)r\u00f3\u017cne historie\u201d \u2013 \u201eO podr\u00f3\u017cach w pandemii\u201d. W imieniu Organizator\u00f3w powita Pa\u0144stwa Dyrektor MDK \u2013 Iwona Szcze\u015bniak, nast\u0119pnie zostan\u0105 zaprezentowane prace fotograficzne oraz fragmenty prac literackich laureat\u00f3w Konkursu.<\/span><\/p>\n<p class=\"gwp2519e7a3_MsoNormal\" style=\"text-align: center;\"><span style=\"color: #000080;\"><a style=\"color: #000080;\" href=\"https:\/\/youtu.be\/6KelXBptDGI\" rel=\"noopener\" data-saferedirecturl=\"https:\/\/zasobygwp.pl\/redirect?sig=5a66e6491f9ebaf32b5d1c642b6065c1affcee3a114a784cbbdd7ac10f376623&amp;url=aHR0cHM6Ly95b3V0dS5iZS82S2VsWEJwdERHSQ==&amp;platform=desktop&amp;brand=wp\">https:\/\/youtu.be\/6KelXBptDGI<\/a><\/span><\/p>\n<p class=\"gwp2519e7a3_MsoNormal\" align=\"center\"><span style=\"color: #000080;\">Wraz z przewodnikami PTTK RO Bia\u0142ystok zapraszamy na wirtualn\u0105 wycieczk\u0119 po Bia\u0142ymstoku &#8222;Barokowe miasto Jana Klemensa Branickiego&#8221;:<\/span><\/p>\n<p class=\"gwp2519e7a3_MsoNormal\" align=\"center\"><span style=\"color: #000080;\">&nbsp;<a style=\"color: #000080;\" href=\"https:\/\/www.youtube.com\/watch?v=AWWllQZXXDE\" rel=\"noopener\" data-saferedirecturl=\"https:\/\/zasobygwp.pl\/redirect?sig=5de528ebe8d91eaae03c39514398393f8da57a4caee2660b366a91042751e17c&amp;url=aHR0cHM6Ly93d3cueW91dHViZS5jb20vd2F0Y2g_dj1BV1dsbFFaWFhERQ==&amp;platform=desktop&amp;brand=wp\">https:\/\/www.youtube.com\/watch?v=AWWllQZXXDE<\/a><\/span><\/p>\nngg_shortcode_0_placeholder\n<\/div>\n<div>&nbsp;<\/div>\n","protected":false},"excerpt":{"rendered":"<p>Mamy wyniki Og\u00f3lnopolskiego Konkursu Literacko-Fotograficznego \u201e(Pod)r\u00f3\u017cne historie\u201d\u2013&nbsp;\u201eO podr\u00f3\u017cach w pandemii\u201d Konkurs organizowany&nbsp;&nbsp;pod honorowym patronatem Prezydenta Miasta Bia\u0142egostoku&nbsp;i Marsza\u0142ka Wojew\u00f3dztwa Podlaskiego Jury zakwalifikowa\u0142o do wystawy prac\u0119 ucznia klasy 8a naszej szko\u0142y Jana K\u0142odzi\u0144skiego Serdecznie zapraszamy do obejrzenia filmu z podsumowaniem Og\u00f3lnopolskiego Konkursu Literacko-Fotograficznego \u201e(Pod)r\u00f3\u017cne historie\u201d \u2013 \u201eO podr\u00f3\u017cach w pandemii\u201d. W imieniu Organizator\u00f3w powita Pa\u0144stwa Dyrektor [&hellip;]<\/p>\n","protected":false},"author":2,"featured_media":0,"parent":5983,"menu_order":0,"comment_status":"closed","ping_status":"closed","template":"","meta":{"ngg_post_thumbnail":0,"footnotes":""},"class_list":["post-9662","page","type-page","status-publish","hentry"],"_links":{"self":[{"href":"https:\/\/sp1hrubieszow.pl\/index.php\/wp-json\/wp\/v2\/pages\/9662","targetHints":{"allow":["GET"]}}],"collection":[{"href":"https:\/\/sp1hrubieszow.pl\/index.php\/wp-json\/wp\/v2\/pages"}],"about":[{"href":"https:\/\/sp1hrubieszow.pl\/index.php\/wp-json\/wp\/v2\/types\/page"}],"author":[{"embeddable":true,"href":"https:\/\/sp1hrubieszow.pl\/index.php\/wp-json\/wp\/v2\/users\/2"}],"replies":[{"embeddable":true,"href":"https:\/\/sp1hrubieszow.pl\/index.php\/wp-json\/wp\/v2\/comments?post=9662"}],"version-history":[{"count":1,"href":"https:\/\/sp1hrubieszow.pl\/index.php\/wp-json\/wp\/v2\/pages\/9662\/revisions"}],"predecessor-version":[{"id":9663,"href":"https:\/\/sp1hrubieszow.pl\/index.php\/wp-json\/wp\/v2\/pages\/9662\/revisions\/9663"}],"up":[{"embeddable":true,"href":"https:\/\/sp1hrubieszow.pl\/index.php\/wp-json\/wp\/v2\/pages\/5983"}],"wp:attachment":[{"href":"https:\/\/sp1hrubieszow.pl\/index.php\/wp-json\/wp\/v2\/media?parent=9662"}],"curies":[{"name":"wp","href":"https:\/\/api.w.org\/{rel}","templated":true}]}}