{"id":9650,"date":"2021-05-27T08:28:39","date_gmt":"2021-05-27T06:28:39","guid":{"rendered":"http:\/\/sp1.hrubieszow.info\/?page_id=9650"},"modified":"2021-05-27T08:28:59","modified_gmt":"2021-05-27T06:28:59","slug":"zegnamy-pana-kazimierza-solaka","status":"publish","type":"page","link":"https:\/\/sp1hrubieszow.pl\/index.php\/kronika-2020-2021\/zegnamy-pana-kazimierza-solaka\/","title":{"rendered":"\u017begnamy Pana Kazimierza Solaka"},"content":{"rendered":"\n<p style=\"text-align: right;\"><img loading=\"lazy\" decoding=\"async\" class=\"size-medium wp-image-5861 aligncenter\" src=\"http:\/\/sp1.hrubieszow.info\/wp-content\/uploads\/2020\/07\/r\u00f3\u017ca-300x191.jpg\" alt=\"\" width=\"300\" height=\"191\">&nbsp; \u201eNajwa\u017cniejsze we wspomnieniach jest to,<\/p>\n<p style=\"text-align: right;\">\u017ceby mie\u0107 si\u0119 gdzie zatrzyma\u0107 i tam je wspomina\u0107.\u201d<\/p>\n<p style=\"text-align: right;\"><em>\u2013 Terry Prachett<\/em><\/p>\n<p style=\"text-align: center;\"><strong>Z g\u0142\u0119bokim \u017calem zawiadamiamy, \u017ce&nbsp;26 maja&nbsp;2021r. <\/strong>odszed\u0142 od nas&nbsp;<\/p>\n<p style=\"text-align: center;\"><strong>\u015b. p. Pan Kazimierz Solak&nbsp; <\/strong><\/p>\n<p style=\"text-align: center;\">wyj\u0105tkowy cz\u0142owiek i wspania\u0142y nauczyciel, dla kt\u00f3rego praca w szkole by\u0142a pasj\u0105.<\/p>\n<p style=\"text-align: center;\">Pe\u0142na ciep\u0142a osobowo\u015b\u0107 czyni\u0142a z Pana Kazimierza nie tylko niezwyk\u0142ego wychowawc\u0119, lecz tak\u017ce przyjaciela m\u0142odzie\u017cy i nas wszystkich.<strong><br>\u017begnamy wspania\u0142ego cz\u0142owieka, kt\u00f3ry \u017cy\u0142 i&nbsp;pracowa\u0142 w\u015br\u00f3d nas i&nbsp;z nami.<\/strong><strong><br><\/strong><strong>Pozostanie na zawsze w pami\u0119ci przyjaci\u00f3\u0142 , wdzi\u0119cznych uczni\u00f3w, rodzic\u00f3w i nauczycieli<\/strong><strong>.<\/strong><\/p>\n<p><strong>&nbsp;<\/strong><\/p>\n<p style=\"text-align: right;\"><strong>Pogr\u0105\u017ceni w g\u0142\u0119bokim smutku &#8211;<br>dyrekcja, nauczyciele, pracownicy obs\u0142ugi i administracji, <br>Szko\u0142y&nbsp; Podstawowej&nbsp; Nr 1 w Hrubieszowie<\/strong><\/p>\n<p>&nbsp;<\/p>\n","protected":false},"excerpt":{"rendered":"<p>&nbsp; \u201eNajwa\u017cniejsze we wspomnieniach jest to, \u017ceby mie\u0107 si\u0119 gdzie zatrzyma\u0107 i tam je wspomina\u0107.\u201d \u2013 Terry Prachett Z g\u0142\u0119bokim \u017calem zawiadamiamy, \u017ce&nbsp;26 maja&nbsp;2021r. odszed\u0142 od nas&nbsp; \u015b. p. Pan Kazimierz Solak&nbsp; wyj\u0105tkowy cz\u0142owiek i wspania\u0142y nauczyciel, dla kt\u00f3rego praca w szkole by\u0142a pasj\u0105. Pe\u0142na ciep\u0142a osobowo\u015b\u0107 czyni\u0142a z Pana Kazimierza nie tylko niezwyk\u0142ego wychowawc\u0119, [&hellip;]<\/p>\n","protected":false},"author":2,"featured_media":0,"parent":5983,"menu_order":0,"comment_status":"closed","ping_status":"closed","template":"","meta":{"ngg_post_thumbnail":0,"footnotes":""},"class_list":["post-9650","page","type-page","status-publish","hentry"],"_links":{"self":[{"href":"https:\/\/sp1hrubieszow.pl\/index.php\/wp-json\/wp\/v2\/pages\/9650","targetHints":{"allow":["GET"]}}],"collection":[{"href":"https:\/\/sp1hrubieszow.pl\/index.php\/wp-json\/wp\/v2\/pages"}],"about":[{"href":"https:\/\/sp1hrubieszow.pl\/index.php\/wp-json\/wp\/v2\/types\/page"}],"author":[{"embeddable":true,"href":"https:\/\/sp1hrubieszow.pl\/index.php\/wp-json\/wp\/v2\/users\/2"}],"replies":[{"embeddable":true,"href":"https:\/\/sp1hrubieszow.pl\/index.php\/wp-json\/wp\/v2\/comments?post=9650"}],"version-history":[{"count":1,"href":"https:\/\/sp1hrubieszow.pl\/index.php\/wp-json\/wp\/v2\/pages\/9650\/revisions"}],"predecessor-version":[{"id":9651,"href":"https:\/\/sp1hrubieszow.pl\/index.php\/wp-json\/wp\/v2\/pages\/9650\/revisions\/9651"}],"up":[{"embeddable":true,"href":"https:\/\/sp1hrubieszow.pl\/index.php\/wp-json\/wp\/v2\/pages\/5983"}],"wp:attachment":[{"href":"https:\/\/sp1hrubieszow.pl\/index.php\/wp-json\/wp\/v2\/media?parent=9650"}],"curies":[{"name":"wp","href":"https:\/\/api.w.org\/{rel}","templated":true}]}}