{"id":9623,"date":"2021-05-25T18:36:08","date_gmt":"2021-05-25T16:36:08","guid":{"rendered":"http:\/\/sp1.hrubieszow.info\/?page_id=9623"},"modified":"2021-05-25T18:36:41","modified_gmt":"2021-05-25T16:36:41","slug":"zaproszenie-do-udzialu-w-wydarzeniu-on-line-kocham-i-wspieram-rodzicielskie-sos-w-czasie-pandemii","status":"publish","type":"page","link":"https:\/\/sp1hrubieszow.pl\/index.php\/kronika-2020-2021\/zaproszenie-do-udzialu-w-wydarzeniu-on-line-kocham-i-wspieram-rodzicielskie-sos-w-czasie-pandemii\/","title":{"rendered":"Zaproszenie do udzia\u0142u w wydarzeniu on-line &#8222;Kocham i wspieram \u2013 rodzicielskie SOS w czasie pandemii&#8221;"},"content":{"rendered":"\n<p><strong>S<span style=\"color: #000080;\">zanowni Pa\u0144stwo.<\/span><\/strong><br><br><span style=\"color: #000080;\">Serdecznie zapraszam Rodzic\u00f3w do udzia\u0142u w wydarzeniu on-line \u201eKocham i wspieram \u2013 rodzicielskie SOS w czasie pandemii\u201d w dniu 31 maja 2021 r. w godz. 16.30-17.30. Podczas konferencji chcemy przybli\u017cy\u0107 rodzicom zagadnienia dotycz\u0105ce przyjaznej komunikacji, aktywnego s\u0142uchania i uwa\u017cno\u015bci w kontakcie z dzie\u0107mi.<\/span><br><br><span style=\"color: #000080;\">Program konferencji:<\/span><br><span style=\"color: #000080;\">&nbsp;&nbsp;&nbsp; 16.30 \u2013 16.40 \u2013 powitanie uczestnik\u00f3w \u2013 p. Teresa Misiuk Lubelski Kurator O\u015bwiaty<\/span><br><span style=\"color: #000080;\">&nbsp;&nbsp;&nbsp; 16:30 \u2013 16:50 \u2013 \u201eKomunikacja w rodzinie \u2013 sposoby skutecznego porozumiewania si\u0119 z dzie\u0107mi\u201d \u2013 p. Joanna Kupczy\u0144ska-Juszczak \u2013 psycholog z Poradni Psychologiczno-Pedagogicznej nr 1 w Zamo\u015bciu;<\/span><br><span style=\"color: #000080;\">&nbsp;&nbsp;&nbsp; 16:50 \u2013 17:10 \u2013 \u201eJak wspiera\u0107 dzieci w czasie pandemii?\u201d \u2013 prof. dr hab. Zbigniew Ga\u015b &#8211; profesor psychologii, Wy\u017csza Szko\u0142a Ekonomii i Innowacji w Lublinie.<\/span><br><br><span style=\"color: #000080;\">Link do konferencji:<\/span><br><span style=\"color: #000080;\"><a style=\"color: #000080;\" href=\"https:\/\/teams.microsoft.com\/l\/meetup-join\/19%3ameeting_YWYzOWI1ZTgtNjljYy00OWY5LTg0NWEtNTVmZWU5MGQ5ZjZh%40thread.v2\/0?context=%7b%22Tid%22%3a%22e006472f-3211-4ea2-a7c6-ebaa0cb3af78%22%2c%22Oid%22%3a%22d180fcff-1206-43fe-b5b5-8134a79f6b96%22%2c%22IsBroadcastMeeting%22%3atrue%7d&amp;btype=a&amp;role=a\"><strong>https:\/\/teams.microsoft.com\/l\/meetup-join\/19%3ameeting_YWYzOWI1ZTgtNjljYy00OWY5LTg0NWEtNTVmZWU5MGQ5ZjZh%40thread.v2\/0?context=%7b%22Tid%22%3a%22e006472f-3211-4ea2-a7c6-ebaa0cb3af78%22%2c%22Oid%22%3a%22d180fcff-1206-43fe-b5b5-8134a79f6b96%22%2c%22IsBroadcastMeeting%22%3atrue%7d&amp;btype=a&amp;role=a<\/strong><\/a><\/span><br><br><br><\/p>\n","protected":false},"excerpt":{"rendered":"<p>Szanowni Pa\u0144stwo. Serdecznie zapraszam Rodzic\u00f3w do udzia\u0142u w wydarzeniu on-line \u201eKocham i wspieram \u2013 rodzicielskie SOS w czasie pandemii\u201d w dniu 31 maja 2021 r. w godz. 16.30-17.30. Podczas konferencji chcemy przybli\u017cy\u0107 rodzicom zagadnienia dotycz\u0105ce przyjaznej komunikacji, aktywnego s\u0142uchania i uwa\u017cno\u015bci w kontakcie z dzie\u0107mi. Program konferencji:&nbsp;&nbsp;&nbsp; 16.30 \u2013 16.40 \u2013 powitanie uczestnik\u00f3w \u2013 p. [&hellip;]<\/p>\n","protected":false},"author":2,"featured_media":0,"parent":5983,"menu_order":0,"comment_status":"closed","ping_status":"closed","template":"","meta":{"ngg_post_thumbnail":0,"footnotes":""},"class_list":["post-9623","page","type-page","status-publish","hentry"],"_links":{"self":[{"href":"https:\/\/sp1hrubieszow.pl\/index.php\/wp-json\/wp\/v2\/pages\/9623","targetHints":{"allow":["GET"]}}],"collection":[{"href":"https:\/\/sp1hrubieszow.pl\/index.php\/wp-json\/wp\/v2\/pages"}],"about":[{"href":"https:\/\/sp1hrubieszow.pl\/index.php\/wp-json\/wp\/v2\/types\/page"}],"author":[{"embeddable":true,"href":"https:\/\/sp1hrubieszow.pl\/index.php\/wp-json\/wp\/v2\/users\/2"}],"replies":[{"embeddable":true,"href":"https:\/\/sp1hrubieszow.pl\/index.php\/wp-json\/wp\/v2\/comments?post=9623"}],"version-history":[{"count":1,"href":"https:\/\/sp1hrubieszow.pl\/index.php\/wp-json\/wp\/v2\/pages\/9623\/revisions"}],"predecessor-version":[{"id":9624,"href":"https:\/\/sp1hrubieszow.pl\/index.php\/wp-json\/wp\/v2\/pages\/9623\/revisions\/9624"}],"up":[{"embeddable":true,"href":"https:\/\/sp1hrubieszow.pl\/index.php\/wp-json\/wp\/v2\/pages\/5983"}],"wp:attachment":[{"href":"https:\/\/sp1hrubieszow.pl\/index.php\/wp-json\/wp\/v2\/media?parent=9623"}],"curies":[{"name":"wp","href":"https:\/\/api.w.org\/{rel}","templated":true}]}}