{"id":9619,"date":"2021-05-21T21:53:09","date_gmt":"2021-05-21T19:53:09","guid":{"rendered":"http:\/\/sp1.hrubieszow.info\/?page_id=9619"},"modified":"2021-05-21T21:53:36","modified_gmt":"2021-05-21T19:53:36","slug":"konkurs-kulinarny-smacznie-i-zdrowo","status":"publish","type":"page","link":"https:\/\/sp1hrubieszow.pl\/index.php\/kronika-2020-2021\/konkurs-kulinarny-smacznie-i-zdrowo\/","title":{"rendered":"Konkurs kulinarny ,, SMACZNIE I ZDROWO\u201d"},"content":{"rendered":"\n<p><span style=\"color: #000080;\">Drodzy Rodzice i Uczniowie!<\/span><\/p>\n<p><span style=\"color: #000080;\">Jako Szko\u0142a Promuj\u0105ca Zdrowie serdecznie zapraszamy do wzi\u0119cia udzia\u0142u w rodzinnym konkursie kulinarnym. Wystarczy wsp\u00f3lnie przygotowa\u0107 zdrow\u0105 i kolorow\u0105 potraw\u0119.<\/span><\/p>\n<p><span style=\"color: #000080;\">Konkurs ma na celu&nbsp; kszta\u0142towanie prozdrowotnych nawyk\u00f3w, promowanie korzy\u015bci p\u0142yn\u0105cych ze zdrowego od\u017cywiania, a tak\u017ce kreatywne wykorzystanie wolnego czasu w domu.<\/span><\/p>\n<p><span style=\"color: #000080;\">Regulamin:<\/span><\/p>\n<ol>\n<li><span style=\"color: #000080;\">Konkurs adresowany jest do uczni\u00f3w klas 4-7.<\/span><\/li>\n<li><span style=\"color: #000080;\">Zadaniem uczestnika (dziecka i rodzica) konkursu jest wymy\u015blenie przepisu kulinarnego, kt\u00f3ry by\u0142by zdrowym, pe\u0142nowarto\u015bciowym posi\u0142kiem dla dziecka (danie, przek\u0105ska).<\/span><\/li>\n<li><span style=\"color: #000080;\">Ka\u017cdy przepis musi by\u0107 opatrzony nast\u0119puj\u0105cymi informacjami: imi\u0119 i nazwisko autora przepisu, klasa, do kt\u00f3rej dziecko ucz\u0119szcza.<\/span><\/li>\n<li><span style=\"color: #000080;\">Do ka\u017cdego przepisu nale\u017cy do\u0142\u0105czy\u0107 maksymalnie 4 zdj\u0119cia podczas wykonywania potrawy w tym rezultat czyli wykonan\u0105 potraw\u0119. Przepis musi zawiera\u0107 w wi\u0119kszo\u015bci zdrowe, warto\u015bciowe produkty. Podany przepis kulinarny powinien mie\u0107 prost\u0105 form\u0119, tak, aby m\u00f3g\u0142 by\u0107 do przygotowania, przez dziecko.<\/span><\/li>\n<li><span style=\"color: #000080;\">Ka\u017cdy uczestnik mo\u017ce przedstawi\u0107 tylko jeden przepis.<\/span><\/li>\n<li><span style=\"color: #000080;\">Prace zg\u0142aszane do konkursu mo\u017cna przes\u0142a\u0107 w wiadomo\u015bci e-mail <a style=\"color: #000080;\" href=\"mailto:a.karkuszewska@poczta.onet.pl\">karkuszewska@poczta.onet.pl<\/a> lub dostarczy\u0107 do pedagoga szkolnego Anny Karkuszewskiej do dnia 07.06.2021r (poniedzia\u0142ek).<\/span><\/li>\n<\/ol>\n<p><span style=\"color: #000080;\">Ocena prac:<\/span><\/p>\n<ol>\n<li><span style=\"color: #000080;\">Zg\u0142oszone prace ocenia\u0107 b\u0119dzie jury, powo\u0142ane przez organizatora konkursu.<\/span><\/li>\n<li><span style=\"color: #000080;\">Kryteria oceny prac:<\/span><\/li>\n<\/ol>\n<ul>\n<li><span style=\"color: #000080;\">wykorzystanie \u201czdrowych\u201d produkt\u00f3w do przygotowania dania,<\/span><\/li>\n<li><span style=\"color: #000080;\">oryginalno\u015b\u0107 potrawy,<\/span><\/li>\n<li><span style=\"color: #000080;\">og\u0142oszenie wynik\u00f3w nast\u0105pi 11.06.2021r. na stronie internetowej szko\u0142y.<\/span><\/li>\n<li><span style=\"color: #000080;\">Autorzy nagrodzonych prac otrzymaj\u0105 dyplomy i nagrody.<\/span><\/li>\n<li><span style=\"color: #000080;\">Nagrodzone prace zostan\u0105 wywieszone na korytarzu szkolnym.<\/span><\/li>\n<\/ul>\n<p><span style=\"color: #000080;\">Serdecznie zapraszamy do udzia\u0142u w konkursie, kt\u00f3ry mo\u017ce sta\u0107 si\u0119 inspiracj\u0105 do zmiany niekt\u00f3rych przyzwyczaje\u0144 \u017cywieniowych, a jednocze\u015bnie by\u0107 doskona\u0142\u0105 zabaw\u0105 dla ca\u0142ej rodziny.<\/span><\/p>\n<p><span style=\"color: #000080;\">Zach\u0119camy do zapoznania si\u0119 z broszur\u0105 dla uczni\u00f3w ,,Trzymaj Form\u0119!\u201d.<\/span><\/p>\n<p><span style=\"color: #000080;\"><strong><a style=\"color: #000080;\" href=\"http:\/\/sp1.hrubieszow.info\/wp-content\/uploads\/2021\/05\/Broszura-dla-uczniow.pdf\">Broszura-dla-uczniow<\/a><\/strong><\/span><\/p>\n","protected":false},"excerpt":{"rendered":"<p>Drodzy Rodzice i Uczniowie! Jako Szko\u0142a Promuj\u0105ca Zdrowie serdecznie zapraszamy do wzi\u0119cia udzia\u0142u w rodzinnym konkursie kulinarnym. Wystarczy wsp\u00f3lnie przygotowa\u0107 zdrow\u0105 i kolorow\u0105 potraw\u0119. Konkurs ma na celu&nbsp; kszta\u0142towanie prozdrowotnych nawyk\u00f3w, promowanie korzy\u015bci p\u0142yn\u0105cych ze zdrowego od\u017cywiania, a tak\u017ce kreatywne wykorzystanie wolnego czasu w domu. Regulamin: Konkurs adresowany jest do uczni\u00f3w klas 4-7. Zadaniem uczestnika [&hellip;]<\/p>\n","protected":false},"author":2,"featured_media":0,"parent":5983,"menu_order":0,"comment_status":"closed","ping_status":"closed","template":"","meta":{"ngg_post_thumbnail":0,"footnotes":""},"class_list":["post-9619","page","type-page","status-publish","hentry"],"_links":{"self":[{"href":"https:\/\/sp1hrubieszow.pl\/index.php\/wp-json\/wp\/v2\/pages\/9619","targetHints":{"allow":["GET"]}}],"collection":[{"href":"https:\/\/sp1hrubieszow.pl\/index.php\/wp-json\/wp\/v2\/pages"}],"about":[{"href":"https:\/\/sp1hrubieszow.pl\/index.php\/wp-json\/wp\/v2\/types\/page"}],"author":[{"embeddable":true,"href":"https:\/\/sp1hrubieszow.pl\/index.php\/wp-json\/wp\/v2\/users\/2"}],"replies":[{"embeddable":true,"href":"https:\/\/sp1hrubieszow.pl\/index.php\/wp-json\/wp\/v2\/comments?post=9619"}],"version-history":[{"count":1,"href":"https:\/\/sp1hrubieszow.pl\/index.php\/wp-json\/wp\/v2\/pages\/9619\/revisions"}],"predecessor-version":[{"id":9620,"href":"https:\/\/sp1hrubieszow.pl\/index.php\/wp-json\/wp\/v2\/pages\/9619\/revisions\/9620"}],"up":[{"embeddable":true,"href":"https:\/\/sp1hrubieszow.pl\/index.php\/wp-json\/wp\/v2\/pages\/5983"}],"wp:attachment":[{"href":"https:\/\/sp1hrubieszow.pl\/index.php\/wp-json\/wp\/v2\/media?parent=9619"}],"curies":[{"name":"wp","href":"https:\/\/api.w.org\/{rel}","templated":true}]}}