{"id":9612,"date":"2021-05-20T20:21:19","date_gmt":"2021-05-20T18:21:19","guid":{"rendered":"http:\/\/sp1.hrubieszow.info\/?page_id=9612"},"modified":"2021-05-20T20:21:43","modified_gmt":"2021-05-20T18:21:43","slug":"final-wojewodzkiego-konkursu-z-jezyka-angielskiego-english-challenge","status":"publish","type":"page","link":"https:\/\/sp1hrubieszow.pl\/index.php\/kronika-2020-2021\/final-wojewodzkiego-konkursu-z-jezyka-angielskiego-english-challenge\/","title":{"rendered":"FINA\u0141 WOJEW\u00d3DZKIEGO KONKURSU  Z J\u0118ZYKA  ANGIELSKIEGO \u201eENGLISH CHALLENGE\u201d"},"content":{"rendered":"\n<p><span style=\"color: #000080;\">W za\u0142\u0105czniku informacje o konkursie:<\/span><\/p>\n<p><strong><span style=\"color: #000080;\"><a style=\"color: #000080;\" href=\"http:\/\/sp1.hrubieszow.info\/wp-content\/uploads\/2021\/05\/fina\u0142-konkursu.doc\">fina\u0142 konkursu<\/a><\/span><\/strong><\/p>\n","protected":false},"excerpt":{"rendered":"<p>W za\u0142\u0105czniku informacje o konkursie: fina\u0142 konkursu<\/p>\n","protected":false},"author":2,"featured_media":0,"parent":5983,"menu_order":0,"comment_status":"closed","ping_status":"closed","template":"","meta":{"ngg_post_thumbnail":0,"footnotes":""},"class_list":["post-9612","page","type-page","status-publish","hentry"],"_links":{"self":[{"href":"https:\/\/sp1hrubieszow.pl\/index.php\/wp-json\/wp\/v2\/pages\/9612","targetHints":{"allow":["GET"]}}],"collection":[{"href":"https:\/\/sp1hrubieszow.pl\/index.php\/wp-json\/wp\/v2\/pages"}],"about":[{"href":"https:\/\/sp1hrubieszow.pl\/index.php\/wp-json\/wp\/v2\/types\/page"}],"author":[{"embeddable":true,"href":"https:\/\/sp1hrubieszow.pl\/index.php\/wp-json\/wp\/v2\/users\/2"}],"replies":[{"embeddable":true,"href":"https:\/\/sp1hrubieszow.pl\/index.php\/wp-json\/wp\/v2\/comments?post=9612"}],"version-history":[{"count":1,"href":"https:\/\/sp1hrubieszow.pl\/index.php\/wp-json\/wp\/v2\/pages\/9612\/revisions"}],"predecessor-version":[{"id":9613,"href":"https:\/\/sp1hrubieszow.pl\/index.php\/wp-json\/wp\/v2\/pages\/9612\/revisions\/9613"}],"up":[{"embeddable":true,"href":"https:\/\/sp1hrubieszow.pl\/index.php\/wp-json\/wp\/v2\/pages\/5983"}],"wp:attachment":[{"href":"https:\/\/sp1hrubieszow.pl\/index.php\/wp-json\/wp\/v2\/media?parent=9612"}],"curies":[{"name":"wp","href":"https:\/\/api.w.org\/{rel}","templated":true}]}}