{"id":9604,"date":"2021-05-20T19:18:54","date_gmt":"2021-05-20T17:18:54","guid":{"rendered":"http:\/\/sp1.hrubieszow.info\/?page_id=9604"},"modified":"2021-05-20T19:21:21","modified_gmt":"2021-05-20T17:21:21","slug":"egzamin-klas-8-wytyczne","status":"publish","type":"page","link":"https:\/\/sp1hrubieszow.pl\/index.php\/kronika-2020-2021\/egzamin-klas-8-wytyczne\/","title":{"rendered":"Egzamin klas 8 &#8211; wytyczne"},"content":{"rendered":"\n<p><span style=\"color: #000080;\">Rodzic\u00f3w i uczni\u00f3w klas 8 zapraszamy do zapoznania si\u0119 z dokumentem prezentuj\u0105cym najwa\u017cniejsze wytyczne zwi\u0105zane z organizacj\u0105 egzaminu.<\/span><\/p>\n<p><span style=\"background-color: #ffffff; color: #000080;\"><strong><a style=\"background-color: #ffffff; color: #000080;\" href=\"http:\/\/sp1.hrubieszow.info\/wp-content\/uploads\/2021\/05\/Termin-egzaminu.docx\">Egzamin klas 8<\/a><\/strong><\/span><\/p>\n","protected":false},"excerpt":{"rendered":"<p>Rodzic\u00f3w i uczni\u00f3w klas 8 zapraszamy do zapoznania si\u0119 z dokumentem prezentuj\u0105cym najwa\u017cniejsze wytyczne zwi\u0105zane z organizacj\u0105 egzaminu. Egzamin klas 8<\/p>\n","protected":false},"author":2,"featured_media":0,"parent":5983,"menu_order":0,"comment_status":"closed","ping_status":"closed","template":"","meta":{"ngg_post_thumbnail":0,"footnotes":""},"class_list":["post-9604","page","type-page","status-publish","hentry"],"_links":{"self":[{"href":"https:\/\/sp1hrubieszow.pl\/index.php\/wp-json\/wp\/v2\/pages\/9604","targetHints":{"allow":["GET"]}}],"collection":[{"href":"https:\/\/sp1hrubieszow.pl\/index.php\/wp-json\/wp\/v2\/pages"}],"about":[{"href":"https:\/\/sp1hrubieszow.pl\/index.php\/wp-json\/wp\/v2\/types\/page"}],"author":[{"embeddable":true,"href":"https:\/\/sp1hrubieszow.pl\/index.php\/wp-json\/wp\/v2\/users\/2"}],"replies":[{"embeddable":true,"href":"https:\/\/sp1hrubieszow.pl\/index.php\/wp-json\/wp\/v2\/comments?post=9604"}],"version-history":[{"count":2,"href":"https:\/\/sp1hrubieszow.pl\/index.php\/wp-json\/wp\/v2\/pages\/9604\/revisions"}],"predecessor-version":[{"id":9608,"href":"https:\/\/sp1hrubieszow.pl\/index.php\/wp-json\/wp\/v2\/pages\/9604\/revisions\/9608"}],"up":[{"embeddable":true,"href":"https:\/\/sp1hrubieszow.pl\/index.php\/wp-json\/wp\/v2\/pages\/5983"}],"wp:attachment":[{"href":"https:\/\/sp1hrubieszow.pl\/index.php\/wp-json\/wp\/v2\/media?parent=9604"}],"curies":[{"name":"wp","href":"https:\/\/api.w.org\/{rel}","templated":true}]}}