{"id":9588,"date":"2021-05-19T17:59:26","date_gmt":"2021-05-19T15:59:26","guid":{"rendered":"http:\/\/sp1.hrubieszow.info\/?page_id=9588"},"modified":"2021-05-19T18:32:50","modified_gmt":"2021-05-19T16:32:50","slug":"dzien-patrona-szkoly","status":"publish","type":"page","link":"https:\/\/sp1hrubieszow.pl\/index.php\/kronika-2020-2021\/dzien-patrona-szkoly\/","title":{"rendered":"Dzie\u0144 Patrona Szko\u0142y"},"content":{"rendered":"\n<p style=\"text-align: right;\"><span style=\"color: #000080;\">&#8222;Stara\u0107 si\u0119 by\u0107 szcz\u0119\u015bliwym,&nbsp; <\/span><\/p>\n<p style=\"text-align: right;\"><span style=\"color: #000080;\">bo tylko tacy ludzie daj\u0105 szcz\u0119\u015bcie innym.&#8221; <\/span><\/p>\n<p style=\"text-align: right;\"><span style=\"color: #000080;\">Boles\u0142aw Prus<\/span><\/p>\n<p><span style=\"color: #000080;\">19 maja to wa\u017cny dzie\u0144 dla naszej szkolnej spo\u0142eczno\u015bci. Data ta przypomina nam o 109 rocznicy \u015bmierci wybitnego pisarza Boles\u0142awa Prusa i wyznacza w naszym szkolnym kalendarzu obchody Dnia Patrona Szko\u0142y.&nbsp;<\/span><\/p>\n<p><span style=\"color: #000080;\">\u015awi\u0119towanie zacz\u0119li\u015bmy ju\u017c od rana, kiedy to delegacje klas pod opiek\u0105 nauczycieli chodzi\u0142y pod pomnik Boles\u0142awa Prusa, aby z\u0142o\u017cy\u0107 wi\u0105zank\u0119 kwiat\u00f3w.<\/span><\/p>\n<p><span style=\"color: #000080;\">Wszyscy uczniowie uczestniczyli w spotkaniach z wychowawc\u0105, podczas kt\u00f3rych nauczyciele starali si\u0119 jeszcze bardziej przybli\u017cy\u0107 swoim wychowankom posta\u0107 naszego patrona.&nbsp; Elementem spotkania online by\u0142o tak\u017ce odtworzenie filmu &#8211; uroczystego apelu przygotowanego przez uczni\u00f3w z klasy 3b i klasy 3c pod kierownictwem Pani Joanny Nazar i Pani Moniki Korneluk.&nbsp;<\/span><\/p>\n<p><span style=\"color: #000080;\">Warto doda\u0107, \u017ce na terenie szko\u0142y zosta\u0142y przygotowane dwie gazetki \u015bcienne po\u015bwi\u0119cone Prusowi oraz stworzony zosta\u0142 k\u0105cik patrona.&nbsp;<\/span><\/p>\nngg_shortcode_0_placeholder\nngg_shortcode_1_placeholder\nngg_shortcode_2_placeholder\n<p><span style=\"color: #000080;\">link do filmu <\/span><\/p>\n<p><span style=\"color: #000080;\"><strong><a style=\"color: #000080;\" href=\"https:\/\/www.facebook.com\/sp1hrubieszow\/videos\/943808439765186\">(1) Facebook<\/a><\/strong><\/span><\/p>\n<p>&nbsp;<\/p>\n","protected":false},"excerpt":{"rendered":"<p>&#8222;Stara\u0107 si\u0119 by\u0107 szcz\u0119\u015bliwym,&nbsp; bo tylko tacy ludzie daj\u0105 szcz\u0119\u015bcie innym.&#8221; Boles\u0142aw Prus 19 maja to wa\u017cny dzie\u0144 dla naszej szkolnej spo\u0142eczno\u015bci. Data ta przypomina nam o 109 rocznicy \u015bmierci wybitnego pisarza Boles\u0142awa Prusa i wyznacza w naszym szkolnym kalendarzu obchody Dnia Patrona Szko\u0142y.&nbsp; \u015awi\u0119towanie zacz\u0119li\u015bmy ju\u017c od rana, kiedy to delegacje klas pod opiek\u0105 [&hellip;]<\/p>\n","protected":false},"author":2,"featured_media":0,"parent":5983,"menu_order":0,"comment_status":"closed","ping_status":"closed","template":"","meta":{"ngg_post_thumbnail":0,"footnotes":""},"class_list":["post-9588","page","type-page","status-publish","hentry"],"_links":{"self":[{"href":"https:\/\/sp1hrubieszow.pl\/index.php\/wp-json\/wp\/v2\/pages\/9588","targetHints":{"allow":["GET"]}}],"collection":[{"href":"https:\/\/sp1hrubieszow.pl\/index.php\/wp-json\/wp\/v2\/pages"}],"about":[{"href":"https:\/\/sp1hrubieszow.pl\/index.php\/wp-json\/wp\/v2\/types\/page"}],"author":[{"embeddable":true,"href":"https:\/\/sp1hrubieszow.pl\/index.php\/wp-json\/wp\/v2\/users\/2"}],"replies":[{"embeddable":true,"href":"https:\/\/sp1hrubieszow.pl\/index.php\/wp-json\/wp\/v2\/comments?post=9588"}],"version-history":[{"count":3,"href":"https:\/\/sp1hrubieszow.pl\/index.php\/wp-json\/wp\/v2\/pages\/9588\/revisions"}],"predecessor-version":[{"id":9602,"href":"https:\/\/sp1hrubieszow.pl\/index.php\/wp-json\/wp\/v2\/pages\/9588\/revisions\/9602"}],"up":[{"embeddable":true,"href":"https:\/\/sp1hrubieszow.pl\/index.php\/wp-json\/wp\/v2\/pages\/5983"}],"wp:attachment":[{"href":"https:\/\/sp1hrubieszow.pl\/index.php\/wp-json\/wp\/v2\/media?parent=9588"}],"curies":[{"name":"wp","href":"https:\/\/api.w.org\/{rel}","templated":true}]}}