{"id":9555,"date":"2021-05-18T19:08:36","date_gmt":"2021-05-18T17:08:36","guid":{"rendered":"http:\/\/sp1.hrubieszow.info\/?page_id=9555"},"modified":"2021-05-18T19:12:57","modified_gmt":"2021-05-18T17:12:57","slug":"od-oszczedzania-do-inwestowania-lekcja-z-bakcylem","status":"publish","type":"page","link":"https:\/\/sp1hrubieszow.pl\/index.php\/kronika-2020-2021\/od-oszczedzania-do-inwestowania-lekcja-z-bakcylem\/","title":{"rendered":"OD OSZCZ\u0118DZANIA DO INWESTOWANIA &#8211; lekcja z BAKCYLEM"},"content":{"rendered":"\n<p><span style=\"color: #000080;\">13.05.2021 uczniowie klasy VII A i VIIC wzi\u0119li udzia\u0142 w kolejnej lekcji online prowadzonej w ramach projektu edukacyjnego BAKCYL &#8211; jednego z najwi\u0119kszych program\u00f3w pozaformalnej edukacji finansowej w Europie \u2013 \u201eBankowcy dla Edukacji\u201d. W trakcie drugich zaj\u0119\u0107 wolontariusz &#8211; Pan Piotr wyja\u015bni\u0142 r\u00f3\u017cnic\u0119 mi\u0119dzy oszcz\u0119dzaniem i inwestowaniem, okre\u015bli\u0142 zasady bezpiecznych p\u0142atno\u015bci internetowych i p\u0142atno\u015bci mobilnych oraz wskaza\u0142 rol\u0119 Bankowego Funduszu Gwarancyjnego. Prowadz\u0105cy zwr\u00f3ci\u0142 uwag\u0119 na potencjalnych oszust\u00f3w finansowych i podpowiedzia\u0142 jak rozpoznawa\u0107 ich oferty. Lekcja zako\u0144czy\u0142a si\u0119 kr\u00f3tkim quizem dotycz\u0105cym zagadnie\u0144 omawianych na lekcji. <\/span><br><span style=\"color: #000080;\">Pan Piotr ponownie uj\u0105\u0142 uczni\u00f3w swoj\u0105 ogromn\u0105 wiedz\u0105 i profesjonalnym podej\u015bciem.<\/span><\/p>\n<p><span style=\"color: #000080;\">Inicjatorem i koordynatorem zaj\u0119\u0107 by\u0142 nauczyciel doradztwa zawodowego w naszej szkole Pani Arleta Kowalska.<\/span><\/p>\n<p><strong><span style=\"color: #000080;\"><a style=\"color: #000080;\" href=\"http:\/\/sp1.hrubieszow.info\/wp-content\/uploads\/2021\/05\/OD-OSZCZ\u0118DZANIA-DO-INWESTOWANIA.docx\">OD OSZCZ\u0118DZANIA DO INWESTOWANIA<\/a><\/span><\/strong><\/p>\n","protected":false},"excerpt":{"rendered":"<p>13.05.2021 uczniowie klasy VII A i VIIC wzi\u0119li udzia\u0142 w kolejnej lekcji online prowadzonej w ramach projektu edukacyjnego BAKCYL &#8211; jednego z najwi\u0119kszych program\u00f3w pozaformalnej edukacji finansowej w Europie \u2013 \u201eBankowcy dla Edukacji\u201d. W trakcie drugich zaj\u0119\u0107 wolontariusz &#8211; Pan Piotr wyja\u015bni\u0142 r\u00f3\u017cnic\u0119 mi\u0119dzy oszcz\u0119dzaniem i inwestowaniem, okre\u015bli\u0142 zasady bezpiecznych p\u0142atno\u015bci internetowych i p\u0142atno\u015bci mobilnych [&hellip;]<\/p>\n","protected":false},"author":2,"featured_media":0,"parent":5983,"menu_order":0,"comment_status":"closed","ping_status":"closed","template":"","meta":{"ngg_post_thumbnail":0,"footnotes":""},"class_list":["post-9555","page","type-page","status-publish","hentry"],"_links":{"self":[{"href":"https:\/\/sp1hrubieszow.pl\/index.php\/wp-json\/wp\/v2\/pages\/9555","targetHints":{"allow":["GET"]}}],"collection":[{"href":"https:\/\/sp1hrubieszow.pl\/index.php\/wp-json\/wp\/v2\/pages"}],"about":[{"href":"https:\/\/sp1hrubieszow.pl\/index.php\/wp-json\/wp\/v2\/types\/page"}],"author":[{"embeddable":true,"href":"https:\/\/sp1hrubieszow.pl\/index.php\/wp-json\/wp\/v2\/users\/2"}],"replies":[{"embeddable":true,"href":"https:\/\/sp1hrubieszow.pl\/index.php\/wp-json\/wp\/v2\/comments?post=9555"}],"version-history":[{"count":2,"href":"https:\/\/sp1hrubieszow.pl\/index.php\/wp-json\/wp\/v2\/pages\/9555\/revisions"}],"predecessor-version":[{"id":9558,"href":"https:\/\/sp1hrubieszow.pl\/index.php\/wp-json\/wp\/v2\/pages\/9555\/revisions\/9558"}],"up":[{"embeddable":true,"href":"https:\/\/sp1hrubieszow.pl\/index.php\/wp-json\/wp\/v2\/pages\/5983"}],"wp:attachment":[{"href":"https:\/\/sp1hrubieszow.pl\/index.php\/wp-json\/wp\/v2\/media?parent=9555"}],"curies":[{"name":"wp","href":"https:\/\/api.w.org\/{rel}","templated":true}]}}