{"id":9551,"date":"2021-05-17T22:15:26","date_gmt":"2021-05-17T20:15:26","guid":{"rendered":"http:\/\/sp1.hrubieszow.info\/?page_id=9551"},"modified":"2021-05-17T22:15:59","modified_gmt":"2021-05-17T20:15:59","slug":"ogolnopolska-kampania-profilaktyczna-zachowaj-trzezwy-umysl2021-pod-haslem-w-poszukiwaniu-szczescia-rozpoczeta","status":"publish","type":"page","link":"https:\/\/sp1hrubieszow.pl\/index.php\/kronika-2020-2021\/ogolnopolska-kampania-profilaktyczna-zachowaj-trzezwy-umysl2021-pod-haslem-w-poszukiwaniu-szczescia-rozpoczeta\/","title":{"rendered":"Og\u00f3lnopolska kampania profilaktyczna &#8222;Zachowaj Trze\u017awy Umys\u0142&#8217;2021&#8221; pod has\u0142em: &#8222;W poszukiwaniu szcz\u0119\u015bcia&#8221; rozpocz\u0119ta!"},"content":{"rendered":"\n<div class=\"o9v6fnle cxmmr5t8 oygrvhab hcukyx3x c1et5uql ii04i59q\">\n<div dir=\"auto\"><span style=\"color: #000080;\">Zapraszamy wszystkich uczni\u00f3w do udzia\u0142u w akcjach i konkursach w ramach tegorocznej kampanii ZTU&#8217;2021. W tym roku zaprosimy Was do udzia\u0142u w dw\u00f3ch konkursach og\u00f3lnopolskich:<\/span><\/div>\n<div dir=\"auto\"><span style=\"color: #000080;\">-konkurs plastyczno-literacki &#8221; Szcz\u0119\u015bliwa chwila. Szcz\u0119\u015bliwy dzie\u0144. Szcz\u0119\u015bliwe \u017cycie&#8221;,<\/span><\/div>\n<div dir=\"auto\"><span style=\"color: #000080;\">&#8211; konkurs krzy\u017c\u00f3wkowy &#8222;Spr\u00f3buj szcz\u0119\u015bcia z krzy\u017c\u00f3wk\u0105&#8221;.<\/span><\/div>\n<div dir=\"auto\"><span style=\"color: #000080;\">Niebawem przedstawimy Wam wszystkie szczeg\u00f3\u0142y dotycz\u0105ce tych konkurs\u00f3w.<\/span><\/div>\n<div dir=\"auto\"><span style=\"color: #000080;\">Tymczasem zapraszamy do zapoznania si\u0119 z materia\u0142ami edukacyjnymi kampanii, kt\u00f3re mo\u017cna obejrze\u0107 na gazetce \u015bciennej na dolnym korytarzu.<\/span><\/div>\n<div dir=\"auto\">&nbsp;<\/div>\n<\/div>\n<div class=\"o9v6fnle cxmmr5t8 oygrvhab hcukyx3x c1et5uql ii04i59q\">\n<div dir=\"auto\" style=\"text-align: right;\"><span style=\"color: #000080;\">Pedagodzy szkolni<\/span><\/div>\n<div dir=\"auto\">\nngg_shortcode_0_placeholder\n<\/div>\n<\/div>\n","protected":false},"excerpt":{"rendered":"<p>Zapraszamy wszystkich uczni\u00f3w do udzia\u0142u w akcjach i konkursach w ramach tegorocznej kampanii ZTU&#8217;2021. W tym roku zaprosimy Was do udzia\u0142u w dw\u00f3ch konkursach og\u00f3lnopolskich: -konkurs plastyczno-literacki &#8221; Szcz\u0119\u015bliwa chwila. Szcz\u0119\u015bliwy dzie\u0144. Szcz\u0119\u015bliwe \u017cycie&#8221;, &#8211; konkurs krzy\u017c\u00f3wkowy &#8222;Spr\u00f3buj szcz\u0119\u015bcia z krzy\u017c\u00f3wk\u0105&#8221;. Niebawem przedstawimy Wam wszystkie szczeg\u00f3\u0142y dotycz\u0105ce tych konkurs\u00f3w. Tymczasem zapraszamy do zapoznania si\u0119 z [&hellip;]<\/p>\n","protected":false},"author":2,"featured_media":0,"parent":5983,"menu_order":0,"comment_status":"closed","ping_status":"closed","template":"","meta":{"ngg_post_thumbnail":0,"footnotes":""},"class_list":["post-9551","page","type-page","status-publish","hentry"],"_links":{"self":[{"href":"https:\/\/sp1hrubieszow.pl\/index.php\/wp-json\/wp\/v2\/pages\/9551","targetHints":{"allow":["GET"]}}],"collection":[{"href":"https:\/\/sp1hrubieszow.pl\/index.php\/wp-json\/wp\/v2\/pages"}],"about":[{"href":"https:\/\/sp1hrubieszow.pl\/index.php\/wp-json\/wp\/v2\/types\/page"}],"author":[{"embeddable":true,"href":"https:\/\/sp1hrubieszow.pl\/index.php\/wp-json\/wp\/v2\/users\/2"}],"replies":[{"embeddable":true,"href":"https:\/\/sp1hrubieszow.pl\/index.php\/wp-json\/wp\/v2\/comments?post=9551"}],"version-history":[{"count":1,"href":"https:\/\/sp1hrubieszow.pl\/index.php\/wp-json\/wp\/v2\/pages\/9551\/revisions"}],"predecessor-version":[{"id":9552,"href":"https:\/\/sp1hrubieszow.pl\/index.php\/wp-json\/wp\/v2\/pages\/9551\/revisions\/9552"}],"up":[{"embeddable":true,"href":"https:\/\/sp1hrubieszow.pl\/index.php\/wp-json\/wp\/v2\/pages\/5983"}],"wp:attachment":[{"href":"https:\/\/sp1hrubieszow.pl\/index.php\/wp-json\/wp\/v2\/media?parent=9551"}],"curies":[{"name":"wp","href":"https:\/\/api.w.org\/{rel}","templated":true}]}}