{"id":9545,"date":"2021-05-17T21:51:15","date_gmt":"2021-05-17T19:51:15","guid":{"rendered":"http:\/\/sp1.hrubieszow.info\/?page_id=9545"},"modified":"2021-05-17T21:51:46","modified_gmt":"2021-05-17T19:51:46","slug":"sukces-ucznia-klasy-3b","status":"publish","type":"page","link":"https:\/\/sp1hrubieszow.pl\/index.php\/kronika-2020-2021\/sukces-ucznia-klasy-3b\/","title":{"rendered":"Sukces ucznia klasy 3b"},"content":{"rendered":"\n<p><span style=\"color: #000080;\">Bardzo nam mi\u0142o poinformowa\u0107, \u017ce Miko\u0142aj Karpiuk ucze\u0144 klasy 3b zaj\u0105\u0142 II miejsce w Og\u00f3lnopolskim Konkursie Plastycznym &#8222;My kochamy las, las kocha nas&#8221; pod has\u0142em &#8222;Mieszka\u0144cy naszych las\u00f3w&#8221;. Organizatorem konkursu by\u0142a Szko\u0142a Podstawowa nr 25 im. Stanis\u0142awa Staszica w Cz\u0119stochowie. Z ca\u0142ego serca gratulujemy Miko\u0142ajowi i \u017cyczymy dalszych sukces\u00f3w. Gratulacje sk\u0142adamy tak\u017ce wychowawczyni Miko\u0142aja &#8211; Pani Monice Korneluk.<\/span><\/p>\nngg_shortcode_0_placeholder\n","protected":false},"excerpt":{"rendered":"<p>Bardzo nam mi\u0142o poinformowa\u0107, \u017ce Miko\u0142aj Karpiuk ucze\u0144 klasy 3b zaj\u0105\u0142 II miejsce w Og\u00f3lnopolskim Konkursie Plastycznym &#8222;My kochamy las, las kocha nas&#8221; pod has\u0142em &#8222;Mieszka\u0144cy naszych las\u00f3w&#8221;. Organizatorem konkursu by\u0142a Szko\u0142a Podstawowa nr 25 im. Stanis\u0142awa Staszica w Cz\u0119stochowie. Z ca\u0142ego serca gratulujemy Miko\u0142ajowi i \u017cyczymy dalszych sukces\u00f3w. Gratulacje sk\u0142adamy tak\u017ce wychowawczyni Miko\u0142aja &#8211; [&hellip;]<\/p>\n","protected":false},"author":2,"featured_media":0,"parent":5983,"menu_order":0,"comment_status":"closed","ping_status":"closed","template":"","meta":{"ngg_post_thumbnail":0,"footnotes":""},"class_list":["post-9545","page","type-page","status-publish","hentry"],"_links":{"self":[{"href":"https:\/\/sp1hrubieszow.pl\/index.php\/wp-json\/wp\/v2\/pages\/9545","targetHints":{"allow":["GET"]}}],"collection":[{"href":"https:\/\/sp1hrubieszow.pl\/index.php\/wp-json\/wp\/v2\/pages"}],"about":[{"href":"https:\/\/sp1hrubieszow.pl\/index.php\/wp-json\/wp\/v2\/types\/page"}],"author":[{"embeddable":true,"href":"https:\/\/sp1hrubieszow.pl\/index.php\/wp-json\/wp\/v2\/users\/2"}],"replies":[{"embeddable":true,"href":"https:\/\/sp1hrubieszow.pl\/index.php\/wp-json\/wp\/v2\/comments?post=9545"}],"version-history":[{"count":1,"href":"https:\/\/sp1hrubieszow.pl\/index.php\/wp-json\/wp\/v2\/pages\/9545\/revisions"}],"predecessor-version":[{"id":9546,"href":"https:\/\/sp1hrubieszow.pl\/index.php\/wp-json\/wp\/v2\/pages\/9545\/revisions\/9546"}],"up":[{"embeddable":true,"href":"https:\/\/sp1hrubieszow.pl\/index.php\/wp-json\/wp\/v2\/pages\/5983"}],"wp:attachment":[{"href":"https:\/\/sp1hrubieszow.pl\/index.php\/wp-json\/wp\/v2\/media?parent=9545"}],"curies":[{"name":"wp","href":"https:\/\/api.w.org\/{rel}","templated":true}]}}