{"id":9539,"date":"2021-05-17T15:48:11","date_gmt":"2021-05-17T13:48:11","guid":{"rendered":"http:\/\/sp1.hrubieszow.info\/?page_id=9539"},"modified":"2021-05-17T15:49:57","modified_gmt":"2021-05-17T13:49:57","slug":"nasz-szkola-przystapila-do-akcji-tydzien-ulgi-w-dniach-od-17-05-2021r-do-21-05-2021r","status":"publish","type":"page","link":"https:\/\/sp1hrubieszow.pl\/index.php\/kronika-2020-2021\/nasz-szkola-przystapila-do-akcji-tydzien-ulgi-w-dniach-od-17-05-2021r-do-21-05-2021r\/","title":{"rendered":"Nasz szko\u0142a przyst\u0105pi\u0142a do akcji  ,, Tydzie\u0144 Ulgi\u2019\u2019 w dniach od 17.05. 2021r. do 21.05. 2021r."},"content":{"rendered":"\n<p><span style=\"color: #000080;\"><img loading=\"lazy\" decoding=\"async\" class=\"alignnone size-medium wp-image-9538\" src=\"http:\/\/sp1.hrubieszow.info\/wp-content\/uploads\/2021\/05\/ULGA-300x300.png\" alt=\"\" width=\"300\" height=\"300\"><\/span><\/p>\n<p><span style=\"color: #000080;\">Celem akcji jest optymalizacja procesu readaptacji uczni\u00f3w do nauki w formule stacjonarnej, a tak\u017ce obni\u017cenie poziomu stresu i l\u0119ku wynikaj\u0105cego z d\u0142ugotrwa\u0142ego ograniczenia funkcjonowania szk\u00f3\u0142 w zwi\u0105zku z pandemi\u0105 Covid-19. W ramach kampanii, przez pierwszy tydzie\u0144 powrotu uczni\u00f3w do szko\u0142y, nauczyciele zobowi\u0105zuj\u0105 si\u0119 do powstrzymywania si\u0119 od klas\u00f3wek, pytania na lekcji oraz zadawania uczniom prac domowych.<\/span><\/p>\n<p style=\"text-align: right;\"><br><span style=\"color: #000080;\">pozdrawiam wszystkich uczni\u00f3w <\/span><br><span style=\"color: #000080;\">Edyta Kucharska<\/span> <\/p>\n","protected":false},"excerpt":{"rendered":"<p>Celem akcji jest optymalizacja procesu readaptacji uczni\u00f3w do nauki w formule stacjonarnej, a tak\u017ce obni\u017cenie poziomu stresu i l\u0119ku wynikaj\u0105cego z d\u0142ugotrwa\u0142ego ograniczenia funkcjonowania szk\u00f3\u0142 w zwi\u0105zku z pandemi\u0105 Covid-19. W ramach kampanii, przez pierwszy tydzie\u0144 powrotu uczni\u00f3w do szko\u0142y, nauczyciele zobowi\u0105zuj\u0105 si\u0119 do powstrzymywania si\u0119 od klas\u00f3wek, pytania na lekcji oraz zadawania uczniom prac [&hellip;]<\/p>\n","protected":false},"author":2,"featured_media":0,"parent":5983,"menu_order":0,"comment_status":"closed","ping_status":"closed","template":"","meta":{"ngg_post_thumbnail":0,"footnotes":""},"class_list":["post-9539","page","type-page","status-publish","hentry"],"_links":{"self":[{"href":"https:\/\/sp1hrubieszow.pl\/index.php\/wp-json\/wp\/v2\/pages\/9539","targetHints":{"allow":["GET"]}}],"collection":[{"href":"https:\/\/sp1hrubieszow.pl\/index.php\/wp-json\/wp\/v2\/pages"}],"about":[{"href":"https:\/\/sp1hrubieszow.pl\/index.php\/wp-json\/wp\/v2\/types\/page"}],"author":[{"embeddable":true,"href":"https:\/\/sp1hrubieszow.pl\/index.php\/wp-json\/wp\/v2\/users\/2"}],"replies":[{"embeddable":true,"href":"https:\/\/sp1hrubieszow.pl\/index.php\/wp-json\/wp\/v2\/comments?post=9539"}],"version-history":[{"count":1,"href":"https:\/\/sp1hrubieszow.pl\/index.php\/wp-json\/wp\/v2\/pages\/9539\/revisions"}],"predecessor-version":[{"id":9540,"href":"https:\/\/sp1hrubieszow.pl\/index.php\/wp-json\/wp\/v2\/pages\/9539\/revisions\/9540"}],"up":[{"embeddable":true,"href":"https:\/\/sp1hrubieszow.pl\/index.php\/wp-json\/wp\/v2\/pages\/5983"}],"wp:attachment":[{"href":"https:\/\/sp1hrubieszow.pl\/index.php\/wp-json\/wp\/v2\/media?parent=9539"}],"curies":[{"name":"wp","href":"https:\/\/api.w.org\/{rel}","templated":true}]}}