{"id":9532,"date":"2021-05-15T14:16:55","date_gmt":"2021-05-15T12:16:55","guid":{"rendered":"http:\/\/sp1.hrubieszow.info\/?page_id=9532"},"modified":"2021-05-15T14:18:55","modified_gmt":"2021-05-15T12:18:55","slug":"dzien-szkoly-bez-przemocy-zaproszenie-do-udzialu-w-konkursach-nie-dajemy-mocy-szkolnej-przemocy","status":"publish","type":"page","link":"https:\/\/sp1hrubieszow.pl\/index.php\/kronika-2020-2021\/dzien-szkoly-bez-przemocy-zaproszenie-do-udzialu-w-konkursach-nie-dajemy-mocy-szkolnej-przemocy\/","title":{"rendered":"Dzie\u0144 szko\u0142y bez przemocy-zaproszenie do udzia\u0142u w konkursach &#8222;Nie dajemy mocy szkolnej przemocy&#8221;"},"content":{"rendered":"\n<div class=\"o9v6fnle cxmmr5t8 oygrvhab hcukyx3x c1et5uql ii04i59q\">\n<div dir=\"auto\"><span style=\"color: #000080;\"><img loading=\"lazy\" decoding=\"async\" class=\"size-medium wp-image-9534 aligncenter\" src=\"http:\/\/sp1.hrubieszow.info\/wp-content\/uploads\/2021\/05\/OIP-300x185.jpg\" alt=\"\" width=\"300\" height=\"185\" srcset=\"https:\/\/sp1hrubieszow.pl\/wp-content\/uploads\/2021\/05\/OIP-300x185.jpg 300w, https:\/\/sp1hrubieszow.pl\/wp-content\/uploads\/2021\/05\/OIP.jpg 450w\" sizes=\"auto, (max-width: 300px) 100vw, 300px\" \/><\/span><\/div>\n<div dir=\"auto\"><span style=\"color: #000080;\">Do dnia 02.06.2021r.mo\u017cna wzi\u0105\u0107 udzia\u0142 w proponowanych poni\u017cej konkursach z okazji Dnia szko\u0142y bez przemocy:<\/span><\/div>\n<div dir=\"auto\"><span style=\"color: #000080;\"><strong>I. Konkurs plastyczny -indywidualny<\/strong><\/span><\/div>\n<div dir=\"auto\"><span style=\"color: #000080;\">Konkurs polega na stworzeniu pracy plastycznej w formie rysunku dowolnego lub plakatu, promuj\u0105cego przyjazne , pozbawione przemocy relacje r\u00f3wie\u015bnicze.<\/span><\/div>\n<div dir=\"auto\"><span style=\"color: #000080;\">Format pracy oraz technika pracy: dowolne. Praca podpisana na odwrocie imi\u0119, nazwisko i klasa autora.<\/span><\/div>\n<div dir=\"auto\"><span style=\"color: #000080;\"><strong>II. Konkurs literacki -indywidualny<\/strong><\/span><\/div>\n<div dir=\"auto\"><span style=\"color: #000080;\">Konkurs polega na stworzeniu pracy literackiej w formie wiersza, opowiadania lub bajki, utw\u00f3r ma na celu promowa\u0107 przyjazne , pozbawione przemocy relacje r\u00f3wie\u015bnicze.<\/span><\/div>\n<div dir=\"auto\"><span style=\"color: #000080;\">Format pracy: do dw\u00f3ch stron A-4. Mile widziany tekst przepisany na komputerze. Praca podpisana na odwrocie imi\u0119, nazwisko i klasa autora.<\/span><\/div>\n<div dir=\"auto\"><span style=\"color: #000080;\"><strong>III. Konkurs na zdj\u0119cie z has\u0142em przeciw przemocy-indywidulany<\/strong><\/span><\/div>\n<div dir=\"auto\"><span style=\"color: #000080;\">Nale\u017cy wykona\u0107 zdj\u0119cie z has\u0142em promuj\u0105cym \u017cycie bez przemocy, ze szczeg\u00f3lnym uwzgl\u0119dnieniem przemocy r\u00f3wie\u015bniczej. Has\u0142o mo\u017ce by\u0107 wykonane w dowolny spos\u00f3b, na kartce papieru lub wed\u0142ug uznania. Na zdj\u0119ciu mo\u017ce by\u0107 widoczny autor zdj\u0119cia, ale nie jest to konieczne. Zdj\u0119cie nale\u017cy nades\u0142a\u0107 na adres e-mail: martakuczynska44@gmail.com<\/span><\/div>\n<div dir=\"auto\"><span style=\"color: #000080;\"><strong>IV. Konkurs na plakat klasowy-grupowy.<\/strong><\/span><\/div>\n<div dir=\"auto\"><span style=\"color: #000080;\">Konkurs polega na wykonaniu przez klas\u0119 plakatu \u201eNie dajemy mocy szkolnej przemocy\u201d. Plakat mo\u017cna wykona\u0107 w r\u00f3\u017cnej formie. Plakat mo\u017ce zawiera\u0107 has\u0142a, rysunki, mapy my\u015bli, elementy naklejane itp. Wskazane jest wykonanie go na formacie wi\u0119kszym ni\u017c A3.<\/span><\/div>\n<div dir=\"auto\"><span style=\"color: #000080;\">Z\u0142o\u017cenie\/przes\u0142anie prac: do 02.06.2021r, do p. Marty Kuczy\u0144skiej, gabinet pedagog-terapeuty SP 1 Hrubiesz\u00f3w.<\/span><\/div>\n<div dir=\"auto\"><span style=\"color: #000080;\">Prace b\u0119d\u0105 oceniane w kategoriach klas I-III oraz IV-VIII.<\/span><\/div>\n<\/div>\n<div class=\"o9v6fnle cxmmr5t8 oygrvhab hcukyx3x c1et5uql ii04i59q\">\n<div dir=\"auto\"><span style=\"color: #000080;\">Organizatorzy konkursu- Uczestnicy projektu Akademia Szkolnych Lider\u00f3w Przysz\u0142o\u015bci: Stefania Suchecka, kl. VI c, Wiktoria Najfeld, kl. VII d oraz Aleksandra Szymko, kl. VIII b wraz z opiekunem Mart\u0105 Kuczy\u0144sk\u0105. Konkurs organizowany z okazji \u201eDnia szko\u0142y bez przemocy\u201d, w ramach projektu Akademia Szkolnych Lider\u00f3w Przysz\u0142o\u015bci, pod patronatem Instytutu Edukacji Pozytywnej. Przewidziane s\u0105 nagrody, dyplomy oraz promocja prac konkursowych. <\/span><\/div>\n<div dir=\"auto\">&nbsp;<\/div>\n<div dir=\"auto\" style=\"text-align: center;\"><span style=\"color: #000080;\">Zapraszamy do udzia\u0142u!<\/span><\/div>\n<\/div>\n","protected":false},"excerpt":{"rendered":"<p>Do dnia 02.06.2021r.mo\u017cna wzi\u0105\u0107 udzia\u0142 w proponowanych poni\u017cej konkursach z okazji Dnia szko\u0142y bez przemocy: I. Konkurs plastyczny -indywidualny Konkurs polega na stworzeniu pracy plastycznej w formie rysunku dowolnego lub plakatu, promuj\u0105cego przyjazne , pozbawione przemocy relacje r\u00f3wie\u015bnicze. Format pracy oraz technika pracy: dowolne. Praca podpisana na odwrocie imi\u0119, nazwisko i klasa autora. II. Konkurs [&hellip;]<\/p>\n","protected":false},"author":2,"featured_media":0,"parent":5983,"menu_order":0,"comment_status":"closed","ping_status":"closed","template":"","meta":{"ngg_post_thumbnail":0,"footnotes":""},"class_list":["post-9532","page","type-page","status-publish","hentry"],"_links":{"self":[{"href":"https:\/\/sp1hrubieszow.pl\/index.php\/wp-json\/wp\/v2\/pages\/9532","targetHints":{"allow":["GET"]}}],"collection":[{"href":"https:\/\/sp1hrubieszow.pl\/index.php\/wp-json\/wp\/v2\/pages"}],"about":[{"href":"https:\/\/sp1hrubieszow.pl\/index.php\/wp-json\/wp\/v2\/types\/page"}],"author":[{"embeddable":true,"href":"https:\/\/sp1hrubieszow.pl\/index.php\/wp-json\/wp\/v2\/users\/2"}],"replies":[{"embeddable":true,"href":"https:\/\/sp1hrubieszow.pl\/index.php\/wp-json\/wp\/v2\/comments?post=9532"}],"version-history":[{"count":2,"href":"https:\/\/sp1hrubieszow.pl\/index.php\/wp-json\/wp\/v2\/pages\/9532\/revisions"}],"predecessor-version":[{"id":9535,"href":"https:\/\/sp1hrubieszow.pl\/index.php\/wp-json\/wp\/v2\/pages\/9532\/revisions\/9535"}],"up":[{"embeddable":true,"href":"https:\/\/sp1hrubieszow.pl\/index.php\/wp-json\/wp\/v2\/pages\/5983"}],"wp:attachment":[{"href":"https:\/\/sp1hrubieszow.pl\/index.php\/wp-json\/wp\/v2\/media?parent=9532"}],"curies":[{"name":"wp","href":"https:\/\/api.w.org\/{rel}","templated":true}]}}