{"id":9526,"date":"2021-05-15T14:10:21","date_gmt":"2021-05-15T12:10:21","guid":{"rendered":"http:\/\/sp1.hrubieszow.info\/?page_id=9526"},"modified":"2021-05-15T14:12:14","modified_gmt":"2021-05-15T12:12:14","slug":"w-jedynce-uczymy-sie-angielskiego-w-uczniami-z-zagranicy","status":"publish","type":"page","link":"https:\/\/sp1hrubieszow.pl\/index.php\/kronika-2020-2021\/w-jedynce-uczymy-sie-angielskiego-w-uczniami-z-zagranicy\/","title":{"rendered":"W Jedynce uczymy si\u0119 angielskiego z uczniami z zagranicy"},"content":{"rendered":"\n<p style=\"text-align: left;\"><span style=\"color: #000080;\">Szko\u0142a Podstawowa nr 1w Hrubieszowie realizuje mi\u0119dzynarodowy projekt \u201eNice to meet you\u201d. Uczniowie i nauczyciele z r\u00f3\u017cnych zak\u0105tk\u00f3w \u015bwiata \u0142\u0105cz\u0105 si\u0119 ze sob\u0105 online i rozmawiaj\u0105 w j\u0119zyku angielskim o sobie, swoich krajach, kulturze, geografii, historii, zwyczajach itp. Dotychczas klasy 6a i 6c odby\u0142y seri\u0119 spotka\u0144 z r\u00f3wie\u015bnikami z Uzbekistanu oraz Indii. Uczniowie maj\u0105 fantastyczn\u0105 okazj\u0119 do porozumiewania si\u0119 po angielsku, ucz\u0105 si\u0119 pokonywa\u0107 barier\u0119 j\u0119zykow\u0105, staj\u0105 si\u0119 otwarci na \u015bwiat oraz tolerancyjni wobec innych kultur i religii. Ponadto zawieraj\u0105 ciekawe mi\u0119dzynarodowe przyja\u017anie. Te wirtualne podr\u00f3\u017ce stanowi\u0105 olbrzymi czynnik motywuj\u0105cy do nauki j\u0119zyka, przynosz\u0105 wiele satysfakcji oraz pozytywnych emocji. Projekt spotka\u0142 si\u0119 bardzo pozytywnym odbiorem w\u015br\u00f3d uczni\u00f3w, w zwi\u0105zku z tym z pewno\u015bci\u0105 b\u0119dzie kontynuowany w nast\u0119pnym roku szkolnym. Planujemy organizowa\u0107 kolejne spotkania z innymi krajami z r\u00f3\u017cnych kontynent\u00f3w.<\/span><\/p>\n<p style=\"text-align: right;\"><br><span style=\"color: #000080;\">Koordynator projektu: Justyna Przybik<\/span><\/p>\n<p>&nbsp;<\/p>\nngg_shortcode_0_placeholder\n","protected":false},"excerpt":{"rendered":"<p>Szko\u0142a Podstawowa nr 1w Hrubieszowie realizuje mi\u0119dzynarodowy projekt \u201eNice to meet you\u201d. Uczniowie i nauczyciele z r\u00f3\u017cnych zak\u0105tk\u00f3w \u015bwiata \u0142\u0105cz\u0105 si\u0119 ze sob\u0105 online i rozmawiaj\u0105 w j\u0119zyku angielskim o sobie, swoich krajach, kulturze, geografii, historii, zwyczajach itp. Dotychczas klasy 6a i 6c odby\u0142y seri\u0119 spotka\u0144 z r\u00f3wie\u015bnikami z Uzbekistanu oraz Indii. Uczniowie maj\u0105 fantastyczn\u0105 [&hellip;]<\/p>\n","protected":false},"author":2,"featured_media":0,"parent":5983,"menu_order":0,"comment_status":"closed","ping_status":"closed","template":"","meta":{"ngg_post_thumbnail":0,"footnotes":""},"class_list":["post-9526","page","type-page","status-publish","hentry"],"_links":{"self":[{"href":"https:\/\/sp1hrubieszow.pl\/index.php\/wp-json\/wp\/v2\/pages\/9526","targetHints":{"allow":["GET"]}}],"collection":[{"href":"https:\/\/sp1hrubieszow.pl\/index.php\/wp-json\/wp\/v2\/pages"}],"about":[{"href":"https:\/\/sp1hrubieszow.pl\/index.php\/wp-json\/wp\/v2\/types\/page"}],"author":[{"embeddable":true,"href":"https:\/\/sp1hrubieszow.pl\/index.php\/wp-json\/wp\/v2\/users\/2"}],"replies":[{"embeddable":true,"href":"https:\/\/sp1hrubieszow.pl\/index.php\/wp-json\/wp\/v2\/comments?post=9526"}],"version-history":[{"count":2,"href":"https:\/\/sp1hrubieszow.pl\/index.php\/wp-json\/wp\/v2\/pages\/9526\/revisions"}],"predecessor-version":[{"id":9531,"href":"https:\/\/sp1hrubieszow.pl\/index.php\/wp-json\/wp\/v2\/pages\/9526\/revisions\/9531"}],"up":[{"embeddable":true,"href":"https:\/\/sp1hrubieszow.pl\/index.php\/wp-json\/wp\/v2\/pages\/5983"}],"wp:attachment":[{"href":"https:\/\/sp1hrubieszow.pl\/index.php\/wp-json\/wp\/v2\/media?parent=9526"}],"curies":[{"name":"wp","href":"https:\/\/api.w.org\/{rel}","templated":true}]}}