{"id":9512,"date":"2021-05-14T08:36:21","date_gmt":"2021-05-14T06:36:21","guid":{"rendered":"http:\/\/sp1.hrubieszow.info\/?page_id=9512"},"modified":"2021-05-14T08:36:42","modified_gmt":"2021-05-14T06:36:42","slug":"uwaga-oplata-za-obiady","status":"publish","type":"page","link":"https:\/\/sp1hrubieszow.pl\/index.php\/kronika-2020-2021\/uwaga-oplata-za-obiady\/","title":{"rendered":"UWAGA- OP\u0141ATA ZA OBIADY"},"content":{"rendered":"\n<p><span style=\"color: #000080;\"><strong><em>Rezygnacj\u0119<\/em><\/strong> z obiad\u00f3w z miesi\u0105ca&nbsp; czerwca mo\u017cna &nbsp;zg\u0142osi\u0107 do intendenta <strong><em>do dnia 21.05.2021r<\/em><\/strong>.<\/span><\/p>\n<p><span style=\"color: #000080;\">Po tym terminie nie b\u0119dzie mo\u017cliwo\u015bci wypisania si\u0119 z wy\u017cywienia.<\/span><\/p>\n<p><span style=\"color: #000080;\">Uczniowie grupy&nbsp; \u201e0\u201d &nbsp;oraz klas 1-3 dostan\u0105 <strong>24.05.2021r.<\/strong> karteczki &nbsp;z kwot\u0105 do wp\u0142aty za obiady za miesi\u0105c czerwiec.<\/span><\/p>\n<p><span style=\"color: #000080;\"><strong>Uczniowie klas &nbsp;4-8<\/strong>&nbsp; korzystaj\u0105cy&nbsp; z obiad\u00f3w o wysoko\u015bci wp\u0142aty zostan\u0105 powiadomieni <strong>24.05.2021r.<\/strong><\/span><\/p>\n<p><span style=\"color: #000080;\"><strong>Dla&nbsp; wszystkich uczni\u00f3w obowi\u0105zuje termin wp\u0142at : &nbsp;&nbsp;&nbsp;&nbsp;&nbsp;&nbsp;&nbsp;&nbsp;&nbsp;&nbsp;&nbsp;&nbsp;&nbsp;&nbsp;&nbsp;&nbsp;&nbsp;&nbsp;&nbsp;&nbsp;&nbsp;&nbsp;&nbsp;&nbsp;&nbsp;&nbsp;<\/strong><\/span><\/p>\n<p><span style=\"color: #000080;\"><strong>&nbsp;&nbsp;&nbsp;&nbsp;&nbsp;&nbsp;&nbsp;&nbsp;&nbsp;&nbsp;&nbsp;&nbsp;&nbsp;&nbsp;&nbsp;&nbsp;&nbsp;&nbsp; 25.05 &#8211; 31.05.2021r<\/strong>.<\/span><\/p>\n","protected":false},"excerpt":{"rendered":"<p>Rezygnacj\u0119 z obiad\u00f3w z miesi\u0105ca&nbsp; czerwca mo\u017cna &nbsp;zg\u0142osi\u0107 do intendenta do dnia 21.05.2021r. Po tym terminie nie b\u0119dzie mo\u017cliwo\u015bci wypisania si\u0119 z wy\u017cywienia. Uczniowie grupy&nbsp; \u201e0\u201d &nbsp;oraz klas 1-3 dostan\u0105 24.05.2021r. karteczki &nbsp;z kwot\u0105 do wp\u0142aty za obiady za miesi\u0105c czerwiec. Uczniowie klas &nbsp;4-8&nbsp; korzystaj\u0105cy&nbsp; z obiad\u00f3w o wysoko\u015bci wp\u0142aty zostan\u0105 powiadomieni 24.05.2021r. Dla&nbsp; wszystkich [&hellip;]<\/p>\n","protected":false},"author":2,"featured_media":0,"parent":5983,"menu_order":0,"comment_status":"closed","ping_status":"closed","template":"","meta":{"ngg_post_thumbnail":0,"footnotes":""},"class_list":["post-9512","page","type-page","status-publish","hentry"],"_links":{"self":[{"href":"https:\/\/sp1hrubieszow.pl\/index.php\/wp-json\/wp\/v2\/pages\/9512","targetHints":{"allow":["GET"]}}],"collection":[{"href":"https:\/\/sp1hrubieszow.pl\/index.php\/wp-json\/wp\/v2\/pages"}],"about":[{"href":"https:\/\/sp1hrubieszow.pl\/index.php\/wp-json\/wp\/v2\/types\/page"}],"author":[{"embeddable":true,"href":"https:\/\/sp1hrubieszow.pl\/index.php\/wp-json\/wp\/v2\/users\/2"}],"replies":[{"embeddable":true,"href":"https:\/\/sp1hrubieszow.pl\/index.php\/wp-json\/wp\/v2\/comments?post=9512"}],"version-history":[{"count":1,"href":"https:\/\/sp1hrubieszow.pl\/index.php\/wp-json\/wp\/v2\/pages\/9512\/revisions"}],"predecessor-version":[{"id":9513,"href":"https:\/\/sp1hrubieszow.pl\/index.php\/wp-json\/wp\/v2\/pages\/9512\/revisions\/9513"}],"up":[{"embeddable":true,"href":"https:\/\/sp1hrubieszow.pl\/index.php\/wp-json\/wp\/v2\/pages\/5983"}],"wp:attachment":[{"href":"https:\/\/sp1hrubieszow.pl\/index.php\/wp-json\/wp\/v2\/media?parent=9512"}],"curies":[{"name":"wp","href":"https:\/\/api.w.org\/{rel}","templated":true}]}}