{"id":9505,"date":"2021-05-11T19:23:31","date_gmt":"2021-05-11T17:23:31","guid":{"rendered":"http:\/\/sp1.hrubieszow.info\/?page_id=9505"},"modified":"2021-05-11T19:23:47","modified_gmt":"2021-05-11T17:23:47","slug":"dzien-ksiazki-konkurs","status":"publish","type":"page","link":"https:\/\/sp1hrubieszow.pl\/index.php\/kronika-2020-2021\/dzien-ksiazki-konkurs\/","title":{"rendered":"Dzie\u0144 Ksi\u0105\u017cki \u2013 konkurs"},"content":{"rendered":"\n<p><span style=\"color: #000080;\">23 kwietnia obchodzili\u015bmy Dzie\u0144 Ksi\u0105\u017cki i Praw Autorskich. Szkolne \u015bwi\u0119towanie trwa\u0142o do ko\u0144ca kwietnia. W tym czasie uczniowie klas 1 &#8211; 8 mogli uczestniczy\u0107 w konkursie fotograficznym. Zadanie polega\u0142o na wykonaniu zdj\u0119cia w jednym z wybranych sposob\u00f3w: zrobienie tzw. sleeveface, zrobienie zdj\u0119cia pod has\u0142em \u201eCzytam wsz\u0119dzie\u201d lub po prostu \u201eZdj\u0119cie z ksi\u0105\u017ck\u0105\u201d.<\/span><br><span style=\"color: #000080;\">Prace przes\u0142ane przez uczni\u00f3w by\u0142y pomys\u0142owe i oryginalne. Bardzo trudno by\u0142o wybra\u0107 zwyci\u0119zc\u00f3w. Komisja konkursowa w sk\u0142adzie: pani Monika Anigacz, pani Marta Kuczy\u0144ska, pani Aneta Rycerz oraz pani Sylwia Wojak, nagrodzi\u0142a uczni\u00f3w w trzech kategoriach wiekowych:<\/span><br><strong><span style=\"color: #000080;\">klasy 1-3<\/span><\/strong><br><span style=\"color: #000080;\">I miejsce Aleksandra Paczos kl. 2a<\/span><br><span style=\"color: #000080;\">II miejsce Martyna Jasic kl. 2a<\/span><br><span style=\"color: #000080;\">III miejsce Adriana Kowalczuk kl. 1a<\/span><br><span style=\"color: #000080;\"><strong>wyr\u00f3\u017cnienia:<\/strong> Amelia Pasieka kl. 3b i Miko\u0142aj Karpiuk kl. 3b<\/span><br><strong><span style=\"color: #000080;\">klasy 4 &#8211; 6<\/span><\/strong><br><span style=\"color: #000080;\">I miejsce Oskar Urbaniak kl. 4a<\/span><br><span style=\"color: #000080;\">II miejsce Karol Stadnicki kl. 5a<\/span><br><span style=\"color: #000080;\">III Nikola Nowak kl. 4a<\/span><br><strong><span style=\"color: #000080;\">klasy 7 &#8211; 8<\/span><\/strong><br><span style=\"color: #000080;\">I miejsce Eliza Poninkiewicz kl. 7a<\/span><br><span style=\"color: #000080;\">II miejsce Antonina Suchecka kl. 8b<\/span><br><span style=\"color: #000080;\">III Agata Czajkowska kl. 8c<\/span><\/p>\n<p style=\"text-align: center;\"><br><strong><span style=\"color: #000080;\">Gratulujemy!<\/span><\/strong><\/p>\n<p style=\"text-align: right;\"><span style=\"color: #000080;\">Organizatorzy konkursu:<\/span><br><span style=\"color: #000080;\">Marta Lackowska \u2013 nauczyciel j\u0119zyka polskiego<\/span><br><span style=\"color: #000080;\">pracownicy biblioteki szkolne<\/span><span style=\"color: #000080;\">j<\/span><\/p>\nngg_shortcode_0_placeholder\n","protected":false},"excerpt":{"rendered":"<p>23 kwietnia obchodzili\u015bmy Dzie\u0144 Ksi\u0105\u017cki i Praw Autorskich. Szkolne \u015bwi\u0119towanie trwa\u0142o do ko\u0144ca kwietnia. W tym czasie uczniowie klas 1 &#8211; 8 mogli uczestniczy\u0107 w konkursie fotograficznym. Zadanie polega\u0142o na wykonaniu zdj\u0119cia w jednym z wybranych sposob\u00f3w: zrobienie tzw. sleeveface, zrobienie zdj\u0119cia pod has\u0142em \u201eCzytam wsz\u0119dzie\u201d lub po prostu \u201eZdj\u0119cie z ksi\u0105\u017ck\u0105\u201d.Prace przes\u0142ane przez uczni\u00f3w [&hellip;]<\/p>\n","protected":false},"author":2,"featured_media":0,"parent":5983,"menu_order":0,"comment_status":"closed","ping_status":"closed","template":"","meta":{"ngg_post_thumbnail":0,"footnotes":""},"class_list":["post-9505","page","type-page","status-publish","hentry"],"_links":{"self":[{"href":"https:\/\/sp1hrubieszow.pl\/index.php\/wp-json\/wp\/v2\/pages\/9505","targetHints":{"allow":["GET"]}}],"collection":[{"href":"https:\/\/sp1hrubieszow.pl\/index.php\/wp-json\/wp\/v2\/pages"}],"about":[{"href":"https:\/\/sp1hrubieszow.pl\/index.php\/wp-json\/wp\/v2\/types\/page"}],"author":[{"embeddable":true,"href":"https:\/\/sp1hrubieszow.pl\/index.php\/wp-json\/wp\/v2\/users\/2"}],"replies":[{"embeddable":true,"href":"https:\/\/sp1hrubieszow.pl\/index.php\/wp-json\/wp\/v2\/comments?post=9505"}],"version-history":[{"count":1,"href":"https:\/\/sp1hrubieszow.pl\/index.php\/wp-json\/wp\/v2\/pages\/9505\/revisions"}],"predecessor-version":[{"id":9506,"href":"https:\/\/sp1hrubieszow.pl\/index.php\/wp-json\/wp\/v2\/pages\/9505\/revisions\/9506"}],"up":[{"embeddable":true,"href":"https:\/\/sp1hrubieszow.pl\/index.php\/wp-json\/wp\/v2\/pages\/5983"}],"wp:attachment":[{"href":"https:\/\/sp1hrubieszow.pl\/index.php\/wp-json\/wp\/v2\/media?parent=9505"}],"curies":[{"name":"wp","href":"https:\/\/api.w.org\/{rel}","templated":true}]}}