{"id":9445,"date":"2021-05-11T12:09:31","date_gmt":"2021-05-11T10:09:31","guid":{"rendered":"http:\/\/sp1.hrubieszow.info\/?page_id=9445"},"modified":"2021-05-11T12:09:46","modified_gmt":"2021-05-11T10:09:46","slug":"dzien-unii-europejskiej","status":"publish","type":"page","link":"https:\/\/sp1hrubieszow.pl\/index.php\/kronika-2020-2021\/dzien-unii-europejskiej\/","title":{"rendered":"Dzie\u0144 Unii Europejskiej"},"content":{"rendered":"\n<p><span style=\"color: #000080;\">Z okazji Dnia Unii Europejskiej nasi uczniowie wykonali nast\u0119puj\u0105ce prace projektowe. Klasy 0, 1a, 1b pokolorowa\u0142y Syriusza- maskotk\u0119 UE barwami flagi narodowej i flagi UE. Klasa 2b wykona\u0142a projekt flagi UE. Uczniowie klasy 7a pokazali najistotniejsze fakty zwi\u0105zane z UE. Klasy 4c i 7d stworzy\u0142y prezentacje dotycz\u0105ce wybranych kraj\u00f3w UE.<\/span><\/p>\nngg_shortcode_0_placeholder\n<p>&nbsp;<\/p>\n","protected":false},"excerpt":{"rendered":"<p>Z okazji Dnia Unii Europejskiej nasi uczniowie wykonali nast\u0119puj\u0105ce prace projektowe. Klasy 0, 1a, 1b pokolorowa\u0142y Syriusza- maskotk\u0119 UE barwami flagi narodowej i flagi UE. Klasa 2b wykona\u0142a projekt flagi UE. Uczniowie klasy 7a pokazali najistotniejsze fakty zwi\u0105zane z UE. Klasy 4c i 7d stworzy\u0142y prezentacje dotycz\u0105ce wybranych kraj\u00f3w UE. &nbsp;<\/p>\n","protected":false},"author":2,"featured_media":0,"parent":5983,"menu_order":0,"comment_status":"closed","ping_status":"closed","template":"","meta":{"ngg_post_thumbnail":0,"footnotes":""},"class_list":["post-9445","page","type-page","status-publish","hentry"],"_links":{"self":[{"href":"https:\/\/sp1hrubieszow.pl\/index.php\/wp-json\/wp\/v2\/pages\/9445","targetHints":{"allow":["GET"]}}],"collection":[{"href":"https:\/\/sp1hrubieszow.pl\/index.php\/wp-json\/wp\/v2\/pages"}],"about":[{"href":"https:\/\/sp1hrubieszow.pl\/index.php\/wp-json\/wp\/v2\/types\/page"}],"author":[{"embeddable":true,"href":"https:\/\/sp1hrubieszow.pl\/index.php\/wp-json\/wp\/v2\/users\/2"}],"replies":[{"embeddable":true,"href":"https:\/\/sp1hrubieszow.pl\/index.php\/wp-json\/wp\/v2\/comments?post=9445"}],"version-history":[{"count":1,"href":"https:\/\/sp1hrubieszow.pl\/index.php\/wp-json\/wp\/v2\/pages\/9445\/revisions"}],"predecessor-version":[{"id":9446,"href":"https:\/\/sp1hrubieszow.pl\/index.php\/wp-json\/wp\/v2\/pages\/9445\/revisions\/9446"}],"up":[{"embeddable":true,"href":"https:\/\/sp1hrubieszow.pl\/index.php\/wp-json\/wp\/v2\/pages\/5983"}],"wp:attachment":[{"href":"https:\/\/sp1hrubieszow.pl\/index.php\/wp-json\/wp\/v2\/media?parent=9445"}],"curies":[{"name":"wp","href":"https:\/\/api.w.org\/{rel}","templated":true}]}}