{"id":9412,"date":"2021-05-10T11:22:50","date_gmt":"2021-05-10T09:22:50","guid":{"rendered":"http:\/\/sp1.hrubieszow.info\/?page_id=9412"},"modified":"2021-05-10T11:23:21","modified_gmt":"2021-05-10T09:23:21","slug":"twoje-pieniadze-lekcja-z-bakcylem","status":"publish","type":"page","link":"https:\/\/sp1hrubieszow.pl\/index.php\/kronika-2020-2021\/twoje-pieniadze-lekcja-z-bakcylem\/","title":{"rendered":"TWOJE PIENI\u0104DZE &#8211; lekcja z BAKCYLEM"},"content":{"rendered":"\n<p><span style=\"color: #000080;\"><em>6.05.2021 uczniowie klasy VII A i VIIC wzi\u0119li udzia\u0142 w lekcji online prowadzonej w ramach projektu edukacyjnego BAKCYL &#8211; <\/em><em>jednego z najwi\u0119kszych program\u00f3w pozaformalnej edukacji finansowej w Europie \u2013 \u201eBankowcy dla Edukacji\u201d. Celem programu BAKCYL jest podnoszenie poziomu wiedzy dzieci i m\u0142odzie\u017cy z zakresu finans\u00f3w i bezpiecze\u0144stwa w cyberprzestrzeni oraz inspirowanie \u015bwiadomych dzia\u0142a\u0144 i budowanie w\u0142a\u015bciwych postaw w zakresie przedsi\u0119biorczo\u015bci. <\/em><\/span><\/p>\n<p><span style=\"color: #000080;\"><em>Jedn\u0105 z form dzia\u0142a\u0144 w\/w programu s\u0105 lekcje dostosowane do podstawy programowej w szkole i idealnie wpisuj\u0105ce si\u0119 w realizacj\u0119&nbsp; <strong>wewn\u0105trzszkolnego systemu doradztwa zawodowego.<\/strong><\/em><\/span><\/p>\n<p><span style=\"color: #000080;\"><em>Zaj\u0119cia, kt\u00f3re poprowadzi\u0142 z uczniami wolontariusz i ekspert sektora bankowego <strong>Pan Piotr \u017bmudzki by\u0142y zatytu\u0142owane \u201eTwoje pieni\u0105dze\u201d<\/strong> . Spotkanie dotyczy\u0142o bliskich nam spraw, czyli funkcji i form pieni\u0105dza, obrotu bezgot\u00f3wkowego, dochod\u00f3w i wydatk\u00f3w w \u017cyciu codziennym. Pan Piotr om\u00f3wi\u0142 korzy\u015bci wynikaj\u0105ce z systematycznego oszcz\u0119dzania, wyja\u015bni\u0142 co to jest bud\u017cet oraz \u201erezerwa na czarn\u0105 godzin\u0119. Wszystkie te zagadnienia zosta\u0142y przedstawione w atrakcyjny &nbsp;spos\u00f3b. Dope\u0142nieniem by\u0142 film edukacyjny oraz kr\u00f3tki quiz sprawdzaj\u0105cy wiedz\u0119 uczni\u00f3w. Zaj\u0119cia sprowokowa\u0142y m\u0142odzie\u017c do zadawania wielu, czasem zaskakuj\u0105cych pyta\u0144, na kt\u00f3re z fachow\u0105 wiedz\u0105 i wyj\u0105tkow\u0105 uwag\u0105 odpowiada\u0142 prowadz\u0105cy.<\/em><\/span><\/p>\n<p><span style=\"color: #000080;\"><em>Inicjatorem i koordynatorem zaj\u0119\u0107 by\u0142 nauczyciel doradztwa zawodowego w naszej szkole Pani Arleta Kowalska.<\/em><\/span><\/p>\n<p><strong><span style=\"color: #000080;\"><a style=\"color: #000080;\" href=\"http:\/\/sp1.hrubieszow.info\/wp-content\/uploads\/2021\/05\/Zdj\u0119cia-z-Bakcyla.docx\">Zdj\u0119cia z Bakcyla<\/a><\/span><\/strong><\/p>\n","protected":false},"excerpt":{"rendered":"<p>6.05.2021 uczniowie klasy VII A i VIIC wzi\u0119li udzia\u0142 w lekcji online prowadzonej w ramach projektu edukacyjnego BAKCYL &#8211; jednego z najwi\u0119kszych program\u00f3w pozaformalnej edukacji finansowej w Europie \u2013 \u201eBankowcy dla Edukacji\u201d. Celem programu BAKCYL jest podnoszenie poziomu wiedzy dzieci i m\u0142odzie\u017cy z zakresu finans\u00f3w i bezpiecze\u0144stwa w cyberprzestrzeni oraz inspirowanie \u015bwiadomych dzia\u0142a\u0144 i budowanie [&hellip;]<\/p>\n","protected":false},"author":2,"featured_media":0,"parent":5983,"menu_order":0,"comment_status":"closed","ping_status":"closed","template":"","meta":{"ngg_post_thumbnail":0,"footnotes":""},"class_list":["post-9412","page","type-page","status-publish","hentry"],"_links":{"self":[{"href":"https:\/\/sp1hrubieszow.pl\/index.php\/wp-json\/wp\/v2\/pages\/9412","targetHints":{"allow":["GET"]}}],"collection":[{"href":"https:\/\/sp1hrubieszow.pl\/index.php\/wp-json\/wp\/v2\/pages"}],"about":[{"href":"https:\/\/sp1hrubieszow.pl\/index.php\/wp-json\/wp\/v2\/types\/page"}],"author":[{"embeddable":true,"href":"https:\/\/sp1hrubieszow.pl\/index.php\/wp-json\/wp\/v2\/users\/2"}],"replies":[{"embeddable":true,"href":"https:\/\/sp1hrubieszow.pl\/index.php\/wp-json\/wp\/v2\/comments?post=9412"}],"version-history":[{"count":1,"href":"https:\/\/sp1hrubieszow.pl\/index.php\/wp-json\/wp\/v2\/pages\/9412\/revisions"}],"predecessor-version":[{"id":9413,"href":"https:\/\/sp1hrubieszow.pl\/index.php\/wp-json\/wp\/v2\/pages\/9412\/revisions\/9413"}],"up":[{"embeddable":true,"href":"https:\/\/sp1hrubieszow.pl\/index.php\/wp-json\/wp\/v2\/pages\/5983"}],"wp:attachment":[{"href":"https:\/\/sp1hrubieszow.pl\/index.php\/wp-json\/wp\/v2\/media?parent=9412"}],"curies":[{"name":"wp","href":"https:\/\/api.w.org\/{rel}","templated":true}]}}