{"id":9407,"date":"2021-05-10T11:16:24","date_gmt":"2021-05-10T09:16:24","guid":{"rendered":"http:\/\/sp1.hrubieszow.info\/?page_id=9407"},"modified":"2021-05-10T11:16:50","modified_gmt":"2021-05-10T09:16:50","slug":"wiosna-z-klubem-ortograffiti","status":"publish","type":"page","link":"https:\/\/sp1hrubieszow.pl\/index.php\/kronika-2020-2021\/wiosna-z-klubem-ortograffiti\/","title":{"rendered":"Wiosna z Klubem Ortograffiti"},"content":{"rendered":"\n<div class=\"kvgmc6g5 cxmmr5t8 oygrvhab hcukyx3x c1et5uql ii04i59q\">\n<div dir=\"auto\"><span style=\"color: #000080;\">W dniu 07.05.2021r. odby\u0142y si\u0119 innowacyjne zaj\u0119cia w klasie IIa, podczas kt\u00f3rych realizowano projekt &#8222;Otograficzne kwiatki&#8221;. Cz\u0142onkowie Klubu Ortograffiti: Natan(IIa), Eva i Bartek(IIb), wraz z opiekunem Mart\u0105 Kuczy\u0144sk\u0105, zach\u0119cili drugoklasist\u00f3w do wykonania wiosennych kwiat\u00f3w utrwalaj\u0105cych poprawn\u0105 pisowni\u0119 wyraz\u00f3w z trudno\u015bci\u0105 ortograficzn\u0105. Dzieci wybra\u0142y wyrazy, kojarz\u0105ce si\u0119 z wiosenn\u0105 przyrod\u0105; by\u0142y to nazwy roslin, zwierz\u0105t i zjawisk atmosferycznych. Na papierowych kwiatkach uczniowie umie\u015bcili wylosowane wyrazy. Zadaniem uczni\u00f3w by\u0142o uzasadnienie, dlaczego dany wyraz zapisany jest w nast\u0119puj\u0105cy spos\u00f3b. Dodatkowo, w celu utrwalenia melodii kinetycznej wyrazu, uczniowie zapisywali wybrany wyraz z trudno\u015bci\u0105 ortograficzn\u0105 pod podanym wzorem prawid\u0142owego zapisu. Na koniec zaj\u0119\u0107, w radosnej atmosferze wykonano wsp\u00f3lne zdj\u0119cia, a w klasie II a &#8222;zapachnia\u0142o&#8221; od kolorowych, ortograficznych kwiatk\u00f3w:) Poprzez zaj\u0119cia zrealizowano jedno z za\u0142o\u017ce\u0144 innowacji pedagogicznej &#8222;Klub Ortograffiti&#8221;, kt\u00f3re zak\u0142ada w\u0142\u0105czanie spo\u0142eczno\u015bci szkolnej w dzia\u0142ania realizowane w ramach pracy terapeutycznej z uczniami. Uczestnicy Klubu Ortograffiti, podczas podejmowania tego typu dzia\u0142a\u0144, opr\u00f3cz doskonalenia umiej\u0119tno\u015bci dydaktycznych rozwijaj\u0105 tak\u017ce zdolno\u015bci organizatorskie. Mamy nadziej\u0119, \u017ce wszyscy uczestnicy zaj\u0119\u0107 skorzystali z tej nietypowej lekcji ortografii.<\/span><\/div>\n<div dir=\"auto\">&nbsp;<\/div>\n<div dir=\"auto\" style=\"text-align: right;\"><span style=\"color: #000080;\">Dzi\u0119kujemy klasie IIa wraz z p. wychowawczyni\u0105 Renat\u0105 Pacza\u0142\u0105 za zaproszenie i wsp\u00f3\u0142prac\u0119.<\/span><\/div>\n<\/div>\n<div class=\"o9v6fnle cxmmr5t8 oygrvhab hcukyx3x c1et5uql ii04i59q\">\n<div dir=\"auto\" style=\"text-align: right;\"><span style=\"color: #000080;\">Opiekun Klubu Ortograffiti-Marta Kuczy\u0144ska, pedagog-terapeuta<\/span><\/div>\n<div dir=\"auto\">\nngg_shortcode_0_placeholder\n<\/div>\n<\/div>\n","protected":false},"excerpt":{"rendered":"<p>W dniu 07.05.2021r. odby\u0142y si\u0119 innowacyjne zaj\u0119cia w klasie IIa, podczas kt\u00f3rych realizowano projekt &#8222;Otograficzne kwiatki&#8221;. Cz\u0142onkowie Klubu Ortograffiti: Natan(IIa), Eva i Bartek(IIb), wraz z opiekunem Mart\u0105 Kuczy\u0144sk\u0105, zach\u0119cili drugoklasist\u00f3w do wykonania wiosennych kwiat\u00f3w utrwalaj\u0105cych poprawn\u0105 pisowni\u0119 wyraz\u00f3w z trudno\u015bci\u0105 ortograficzn\u0105. Dzieci wybra\u0142y wyrazy, kojarz\u0105ce si\u0119 z wiosenn\u0105 przyrod\u0105; by\u0142y to nazwy roslin, zwierz\u0105t i [&hellip;]<\/p>\n","protected":false},"author":2,"featured_media":0,"parent":5983,"menu_order":0,"comment_status":"closed","ping_status":"closed","template":"","meta":{"ngg_post_thumbnail":0,"footnotes":""},"class_list":["post-9407","page","type-page","status-publish","hentry"],"_links":{"self":[{"href":"https:\/\/sp1hrubieszow.pl\/index.php\/wp-json\/wp\/v2\/pages\/9407","targetHints":{"allow":["GET"]}}],"collection":[{"href":"https:\/\/sp1hrubieszow.pl\/index.php\/wp-json\/wp\/v2\/pages"}],"about":[{"href":"https:\/\/sp1hrubieszow.pl\/index.php\/wp-json\/wp\/v2\/types\/page"}],"author":[{"embeddable":true,"href":"https:\/\/sp1hrubieszow.pl\/index.php\/wp-json\/wp\/v2\/users\/2"}],"replies":[{"embeddable":true,"href":"https:\/\/sp1hrubieszow.pl\/index.php\/wp-json\/wp\/v2\/comments?post=9407"}],"version-history":[{"count":1,"href":"https:\/\/sp1hrubieszow.pl\/index.php\/wp-json\/wp\/v2\/pages\/9407\/revisions"}],"predecessor-version":[{"id":9408,"href":"https:\/\/sp1hrubieszow.pl\/index.php\/wp-json\/wp\/v2\/pages\/9407\/revisions\/9408"}],"up":[{"embeddable":true,"href":"https:\/\/sp1hrubieszow.pl\/index.php\/wp-json\/wp\/v2\/pages\/5983"}],"wp:attachment":[{"href":"https:\/\/sp1hrubieszow.pl\/index.php\/wp-json\/wp\/v2\/media?parent=9407"}],"curies":[{"name":"wp","href":"https:\/\/api.w.org\/{rel}","templated":true}]}}