{"id":9353,"date":"2021-05-07T12:26:29","date_gmt":"2021-05-07T10:26:29","guid":{"rendered":"http:\/\/sp1.hrubieszow.info\/?page_id=9353"},"modified":"2021-05-07T12:31:45","modified_gmt":"2021-05-07T10:31:45","slug":"warsztaty-profilaktyczne-dla-uczniow-profilaktyka-uniwersalna","status":"publish","type":"page","link":"https:\/\/sp1hrubieszow.pl\/index.php\/kronika-2020-2021\/warsztaty-profilaktyczne-dla-uczniow-profilaktyka-uniwersalna\/","title":{"rendered":"Warsztaty profilaktyczne dla uczni\u00f3w-profilaktyka uniwersalna"},"content":{"rendered":"\n<div dir=\"auto\"><span style=\"color: #000080;\">W dniach od 22.04.2021r. do 06.05.2021r. w wybranych klasach odby\u0142y si\u0119 warsztaty profilaktyczne, kt\u00f3re przeprowadzi\u0142a pani Kamila Suse\u0142 z firmy Tandem-profilaktyka uniwersalna.<\/span><\/div>\n<div dir=\"auto\"><span style=\"color: #000080;\">W warsztatach uczestniczyli uczniowie klas: IIc, IVc, VId, VIIc, VIIIc. Ka\u017cda klasa mia\u0142a zorganizowane dwie godziny zaj\u0119\u0107. Tematem prowadzonych zaj\u0119\u0107 by\u0142y uzale\u017cnienia od \u015brodk\u00f3w psychoaktywnych oraz uzale\u017cnienia behawioralne, a tak\u017ce bezpiecze\u0144stwo w sieci. Starsi uczniowie poprzez udzia\u0142 w zaj\u0119ciach &#8222;Naukowo o substancjach psychoaktywnych&#8221; zdobyli wa\u017cne informacje, dotycz\u0105ce szkodliwo\u015bci wszelkich u\u017cywek oraz zapoznali si\u0119 z mechanizmem uzale\u017cniania si\u0119 od substancji i czynno\u015bci. M\u0142odsi uczniowie wzi\u0119li udzia\u0142 w zaj\u0119ciach &#8222;Czatodziejskie okno&#8221;, podczas kt\u00f3rych utrwalili zasady bezpiecze\u0144stwa w Internecie, poznali zasad\u0119 tworzenia bezpiecznych hase\u0142 oraz uzupe\u0142nili wiedz\u0119 na temat cyberprzemocy.<\/span><\/div>\n<div dir=\"auto\"><span style=\"color: #000080;\">Warsztaty by\u0142y sfinansowane przez Gmin\u0119 Miejsk\u0105 Hrubiesz\u00f3w w ramach programu: &#8222;Wybieramy zdrowe \u017cycie&#8221;, realizowanego na terenie SP 1 Hrubiesz\u00f3w przez pedagoga szkolnego Mart\u0119 Kuczy\u0144sk\u0105<\/span><\/div>\n<div dir=\"auto\">&nbsp;<\/div>\n<div dir=\"auto\">\nngg_shortcode_0_placeholder\n<\/div>\n","protected":false},"excerpt":{"rendered":"<p>W dniach od 22.04.2021r. do 06.05.2021r. w wybranych klasach odby\u0142y si\u0119 warsztaty profilaktyczne, kt\u00f3re przeprowadzi\u0142a pani Kamila Suse\u0142 z firmy Tandem-profilaktyka uniwersalna. W warsztatach uczestniczyli uczniowie klas: IIc, IVc, VId, VIIc, VIIIc. Ka\u017cda klasa mia\u0142a zorganizowane dwie godziny zaj\u0119\u0107. Tematem prowadzonych zaj\u0119\u0107 by\u0142y uzale\u017cnienia od \u015brodk\u00f3w psychoaktywnych oraz uzale\u017cnienia behawioralne, a tak\u017ce bezpiecze\u0144stwo w sieci. [&hellip;]<\/p>\n","protected":false},"author":2,"featured_media":0,"parent":5983,"menu_order":0,"comment_status":"closed","ping_status":"closed","template":"","meta":{"ngg_post_thumbnail":0,"footnotes":""},"class_list":["post-9353","page","type-page","status-publish","hentry"],"_links":{"self":[{"href":"https:\/\/sp1hrubieszow.pl\/index.php\/wp-json\/wp\/v2\/pages\/9353","targetHints":{"allow":["GET"]}}],"collection":[{"href":"https:\/\/sp1hrubieszow.pl\/index.php\/wp-json\/wp\/v2\/pages"}],"about":[{"href":"https:\/\/sp1hrubieszow.pl\/index.php\/wp-json\/wp\/v2\/types\/page"}],"author":[{"embeddable":true,"href":"https:\/\/sp1hrubieszow.pl\/index.php\/wp-json\/wp\/v2\/users\/2"}],"replies":[{"embeddable":true,"href":"https:\/\/sp1hrubieszow.pl\/index.php\/wp-json\/wp\/v2\/comments?post=9353"}],"version-history":[{"count":3,"href":"https:\/\/sp1hrubieszow.pl\/index.php\/wp-json\/wp\/v2\/pages\/9353\/revisions"}],"predecessor-version":[{"id":9358,"href":"https:\/\/sp1hrubieszow.pl\/index.php\/wp-json\/wp\/v2\/pages\/9353\/revisions\/9358"}],"up":[{"embeddable":true,"href":"https:\/\/sp1hrubieszow.pl\/index.php\/wp-json\/wp\/v2\/pages\/5983"}],"wp:attachment":[{"href":"https:\/\/sp1hrubieszow.pl\/index.php\/wp-json\/wp\/v2\/media?parent=9353"}],"curies":[{"name":"wp","href":"https:\/\/api.w.org\/{rel}","templated":true}]}}