{"id":9298,"date":"2021-05-07T08:46:17","date_gmt":"2021-05-07T06:46:17","guid":{"rendered":"http:\/\/sp1.hrubieszow.info\/?page_id=9298"},"modified":"2021-05-07T08:46:45","modified_gmt":"2021-05-07T06:46:45","slug":"mysle-pozytywnie-odwrocona-lekcja-wychowawcza","status":"publish","type":"page","link":"https:\/\/sp1hrubieszow.pl\/index.php\/kronika-2020-2021\/mysle-pozytywnie-odwrocona-lekcja-wychowawcza\/","title":{"rendered":"My\u015bl\u0119 Pozytywnie-Odwr\u00f3cona lekcja wychowawcza"},"content":{"rendered":"\n<div dir=\"auto\"><span style=\"color: #000080;\">W ramach zadania certyfikacyjnego \u201eSzko\u0142y My\u015blenia Pozytywnego\u201d na miesi\u0105c kwiecie\u0144, uczniowie wybranych klas, wraz z wychowawcami w\u0142\u0105czyli si\u0119 w przygotowanie lekcji odwr\u00f3conej. Uczniowie wybrali temat zaj\u0119\u0107 oraz przygotowali elementy lekcji z zastowaniem bogatej oferty metod i \u015brodk\u00f3w dydaktycznych. Pojawi\u0142y si\u0119 prezentacje wykonane w r\u00f3\u017cnych programach, mapy my\u015bli, mini-wyk\u0142ady, rysunki i plakaty tematyczne, debata <\/span><span style=\"color: #000080;\">a nawet play-lista oraz koncerty muzyczne: wokalny i instrumentalny. Wyb\u00f3r temat\u00f3w do prowadzenia lekcji by\u0142 ciekawy, wa\u017cny i potrzebny. Pojawi\u0142y si\u0119 tematy zwi\u0105zane z dba\u0142o\u015bci\u0105 o \u015brodowisko, ale tak\u017ce takie, kt\u00f3re uwzgl\u0119dni\u0142y rozwijanie prawid\u0142owych postaw, relacji w klasie i kompetencji emcjonalno-spo\u0142ecznych. Lekcje odwr\u00f3cone, w spos\u00f3b dostosowany do wieku uczestnik\u00f3w, by\u0142y prowadzone przez nast\u0119puj\u0105ce zespo\u0142y klasowe:<\/span><\/div>\n<div dir=\"auto\"><span style=\"color: #000080;\">Klasa 1a (wych. Katarzyna Sztuk),temat I: \u201eMali odkrywcy wiele wiedz\u0105&#8221;, temat II: \u201eUrz\u0105dzamy klasowy koncert&#8221;.<\/span><\/div>\n<div dir=\"auto\"><span style=\"color: #000080;\">Klasa 2a (wych. Renata Pacza\u0142a). Tematy uczniowskich prezentacji: \u201ePiramida \u017cywienia\u201d, \u201eRodzina\u201d, \u201ePrzyja\u017a\u0144\u201d, \u201eDobre maniery\u201d, \u201eDobre maniery w szkole i na lekcji on-line\u201d, Matematyka jest wa\u017cna\u201d, \u201eTolerancja\u201d, Czytelnictwo\u201d, \u201eLubimy si\u0119\u201d, \u201eDbamy o przyrod\u0119\u201d,&#8217;<\/span><\/div>\n<div dir=\"auto\"><span style=\"color: #000080;\">\u201eO niewypalaniu \u0142\u0105k\u201d.<\/span><\/div>\n<div dir=\"auto\"><span style=\"color: #000080;\">Klasa 3a (wych. Ma\u0142gorzata Serafin), temat: \u201ePrzyja\u017a\u0144\u201d.<\/span><\/div>\n<div dir=\"auto\"><span style=\"color: #000080;\">Klasa 3b (wych. Monika Korneluk), temat: \u201eNasze emocje\u201d.<\/span><\/div>\n<div dir=\"auto\"><span style=\"color: #000080;\">Klasa 3c (wych. Joanna Nazar), temat: \u201eList. Samoocena dla rodzic\u00f3w\u201d.<\/span><\/div>\n<div dir=\"auto\"><span style=\"color: #000080;\">Klasa 4b (wych. Ewa Filipowicz-Sidorczuk), temat: \u201eKompozycja symetryczna i rytmiczna\u201d.<\/span><\/div>\n<div dir=\"auto\"><span style=\"color: #000080;\">Klasa 4c (wych. Anna Lewandowska), temat: \u201eEkologia i segregacja odpad\u00f3w\u201d.<\/span><\/div>\n<div dir=\"auto\"><span style=\"color: #000080;\">Klasa 5a (wych. Ewa Szostak),temat: \u201eZasady Fair Play w sporcie i \u017cyciu codziennym\u201d.<\/span><\/div>\n<div dir=\"auto\"><span style=\"color: #000080;\">Klasa 6b (wych.&nbsp; Agnieszka Kolano), temat: \u201ePrawa dziecka\u201d.<\/span><\/div>\n<div dir=\"auto\"><span style=\"color: #000080;\">Klasa 7b (wych. Monika Czulak) I temat: \u201ePierwsza pomoc przedmedyczna\u201d, II temat: \u201eNasze zainteresowania; muzyka ostatnich dekad\u201d.<\/span><\/div>\n<div dir=\"auto\"><span style=\"color: #000080;\">Klasa 7c (wych. Ma\u0142gorzata Szumiata),temat: Debata pt. &#8222;Nauczanie zdalne za i przeciw\u201d.<\/span><\/div>\n<div dir=\"auto\"><span style=\"color: #000080;\">Klasa 8 c (wych. Marta Lackowska), temat: \u201eCele i marzenia\u201d.<\/span><\/div>\n<div dir=\"auto\"><span style=\"color: #000080;\">Klub Ortograffiti- grupa kl. IIa, b, c (prowadz\u0105cy: Marta Kuczy\u0144ska), temat: \u201e Jestem kole\u017ce\u0144ski jak Bratek\u201d.<\/span><\/div>\n<div dir=\"auto\"><span style=\"color: #000080;\">Prowadzenie zaj\u0119\u0107 dla kole\u017canek i koleg\u00f3w przynios\u0142o uczniom wiele satysfakcji. Uczniowie ch\u0119tnie zaanga\u017cowali si\u0119 w prac\u0119 na rzecz klasy. Dodatkowo przyswoili wiele wa\u017cnych tre\u015bci profilaktycznych oraz rozwin\u0119li takie umiej\u0119tno\u015bci jak: organizacja zada\u0144 i \u0107wicze\u0144 dla zespo\u0142u, zarz\u0105dzanie czasem oraz stresem podczas wyst\u0105pie\u0144 publicznych. Uczniowie zgodnie uznali, \u017ce lekcje odwr\u00f3cone bardzo przypad\u0142y im do gustu oraz chcieliby cz\u0119\u015bciej wciela\u0107 si\u0119 w rol\u0119 nauczyciela i wsp\u00f3\u0142tworzy\u0107 zadania w toku lekcji.<\/span><\/div>\n<div dir=\"auto\"><span style=\"color: #000080;\">Podczas wykonywania zadania na miesi\u0105c kwiecie\u0144 rozwijano u uczni\u00f3w takie aspekty osobowo\u015bci jak: samodzielno\u015b\u0107 i proaktywno\u015b\u0107, kt\u00f3re w znacznym stopniu wp\u0142ywaj\u0105 na prawid\u0142owy rozw\u00f3j zdrowia psychicznego, kt\u00f3re to zdrowie jest g\u0142\u00f3wnym przedmiotem programu \u201eSzko\u0142a My\u015blenia Pozytywnego-My\u015bl\u0119 Pozytywnie\u201d.<\/span><\/div>\n<div dir=\"auto\">&nbsp;<\/div>\n<div dir=\"auto\" style=\"text-align: right;\"><span style=\"color: #000080;\">Marta Kuczy\u0144ska, szkolny koordynator \u201eSzko\u0142y My\u015blenia Pozytywnego\u201d<\/span><\/div>\n<div dir=\"auto\">\nngg_shortcode_0_placeholder\n<\/div>\n","protected":false},"excerpt":{"rendered":"<p>W ramach zadania certyfikacyjnego \u201eSzko\u0142y My\u015blenia Pozytywnego\u201d na miesi\u0105c kwiecie\u0144, uczniowie wybranych klas, wraz z wychowawcami w\u0142\u0105czyli si\u0119 w przygotowanie lekcji odwr\u00f3conej. Uczniowie wybrali temat zaj\u0119\u0107 oraz przygotowali elementy lekcji z zastowaniem bogatej oferty metod i \u015brodk\u00f3w dydaktycznych. Pojawi\u0142y si\u0119 prezentacje wykonane w r\u00f3\u017cnych programach, mapy my\u015bli, mini-wyk\u0142ady, rysunki i plakaty tematyczne, debata a nawet [&hellip;]<\/p>\n","protected":false},"author":2,"featured_media":0,"parent":5983,"menu_order":0,"comment_status":"closed","ping_status":"closed","template":"","meta":{"ngg_post_thumbnail":0,"footnotes":""},"class_list":["post-9298","page","type-page","status-publish","hentry"],"_links":{"self":[{"href":"https:\/\/sp1hrubieszow.pl\/index.php\/wp-json\/wp\/v2\/pages\/9298","targetHints":{"allow":["GET"]}}],"collection":[{"href":"https:\/\/sp1hrubieszow.pl\/index.php\/wp-json\/wp\/v2\/pages"}],"about":[{"href":"https:\/\/sp1hrubieszow.pl\/index.php\/wp-json\/wp\/v2\/types\/page"}],"author":[{"embeddable":true,"href":"https:\/\/sp1hrubieszow.pl\/index.php\/wp-json\/wp\/v2\/users\/2"}],"replies":[{"embeddable":true,"href":"https:\/\/sp1hrubieszow.pl\/index.php\/wp-json\/wp\/v2\/comments?post=9298"}],"version-history":[{"count":1,"href":"https:\/\/sp1hrubieszow.pl\/index.php\/wp-json\/wp\/v2\/pages\/9298\/revisions"}],"predecessor-version":[{"id":9299,"href":"https:\/\/sp1hrubieszow.pl\/index.php\/wp-json\/wp\/v2\/pages\/9298\/revisions\/9299"}],"up":[{"embeddable":true,"href":"https:\/\/sp1hrubieszow.pl\/index.php\/wp-json\/wp\/v2\/pages\/5983"}],"wp:attachment":[{"href":"https:\/\/sp1hrubieszow.pl\/index.php\/wp-json\/wp\/v2\/media?parent=9298"}],"curies":[{"name":"wp","href":"https:\/\/api.w.org\/{rel}","templated":true}]}}