{"id":9203,"date":"2021-05-03T12:37:27","date_gmt":"2021-05-03T10:37:27","guid":{"rendered":"http:\/\/sp1.hrubieszow.info\/?page_id=9203"},"modified":"2021-05-03T12:37:40","modified_gmt":"2021-05-03T10:37:40","slug":"konkurs-literacki","status":"publish","type":"page","link":"https:\/\/sp1hrubieszow.pl\/index.php\/kronika-2020-2021\/konkurs-literacki\/","title":{"rendered":"Konkurs literacki"},"content":{"rendered":"\n<p><span style=\"color: #000080;\">23 marca 2021 r. zosta\u0142 rozstrzygni\u0119ty konkurs literacki dla klas 1\u20133 \u201eNa skrzyd\u0142ach wyobra\u017ani\u201d zorganizowany przez DKK Lekturynki .<\/span><\/p>\n<p><span style=\"color: #000080;\">Ze wzgl\u0119du na nauczanie zdalne podsumowanie zosta\u0142o przesuni\u0119te na czas obecno\u015bci dzieci w szkole. W dniach 28 \u2013 29 kwietnia 2021 r. wr\u0119czono nagrody i dyplomy pami\u0105tkowe laureatom konkursu. Nagrodzone utwory zostan\u0105 opublikowane na \u0142amach gazetki szkolnej \u201eJedyneczka\u201d.<\/span><\/p>\n<p><span style=\"color: #000080;\">Gratulujemy zwyci\u0119zcom \u2013 organizatorki Ma\u0142gorzata Serafin i Ma\u0142gorzata Sidorska.<\/span><\/p>\nngg_shortcode_0_placeholder\n","protected":false},"excerpt":{"rendered":"<p>23 marca 2021 r. zosta\u0142 rozstrzygni\u0119ty konkurs literacki dla klas 1\u20133 \u201eNa skrzyd\u0142ach wyobra\u017ani\u201d zorganizowany przez DKK Lekturynki . Ze wzgl\u0119du na nauczanie zdalne podsumowanie zosta\u0142o przesuni\u0119te na czas obecno\u015bci dzieci w szkole. W dniach 28 \u2013 29 kwietnia 2021 r. wr\u0119czono nagrody i dyplomy pami\u0105tkowe laureatom konkursu. Nagrodzone utwory zostan\u0105 opublikowane na \u0142amach gazetki [&hellip;]<\/p>\n","protected":false},"author":2,"featured_media":0,"parent":5983,"menu_order":0,"comment_status":"closed","ping_status":"closed","template":"","meta":{"ngg_post_thumbnail":0,"footnotes":""},"class_list":["post-9203","page","type-page","status-publish","hentry"],"_links":{"self":[{"href":"https:\/\/sp1hrubieszow.pl\/index.php\/wp-json\/wp\/v2\/pages\/9203","targetHints":{"allow":["GET"]}}],"collection":[{"href":"https:\/\/sp1hrubieszow.pl\/index.php\/wp-json\/wp\/v2\/pages"}],"about":[{"href":"https:\/\/sp1hrubieszow.pl\/index.php\/wp-json\/wp\/v2\/types\/page"}],"author":[{"embeddable":true,"href":"https:\/\/sp1hrubieszow.pl\/index.php\/wp-json\/wp\/v2\/users\/2"}],"replies":[{"embeddable":true,"href":"https:\/\/sp1hrubieszow.pl\/index.php\/wp-json\/wp\/v2\/comments?post=9203"}],"version-history":[{"count":1,"href":"https:\/\/sp1hrubieszow.pl\/index.php\/wp-json\/wp\/v2\/pages\/9203\/revisions"}],"predecessor-version":[{"id":9204,"href":"https:\/\/sp1hrubieszow.pl\/index.php\/wp-json\/wp\/v2\/pages\/9203\/revisions\/9204"}],"up":[{"embeddable":true,"href":"https:\/\/sp1hrubieszow.pl\/index.php\/wp-json\/wp\/v2\/pages\/5983"}],"wp:attachment":[{"href":"https:\/\/sp1hrubieszow.pl\/index.php\/wp-json\/wp\/v2\/media?parent=9203"}],"curies":[{"name":"wp","href":"https:\/\/api.w.org\/{rel}","templated":true}]}}