{"id":9190,"date":"2021-05-03T12:28:46","date_gmt":"2021-05-03T10:28:46","guid":{"rendered":"http:\/\/sp1.hrubieszow.info\/?page_id=9190"},"modified":"2021-05-03T12:29:12","modified_gmt":"2021-05-03T10:29:12","slug":"rozstrzygniecie-konkursu-wierszyk-do-gazetki","status":"publish","type":"page","link":"https:\/\/sp1hrubieszow.pl\/index.php\/kronika-2020-2021\/rozstrzygniecie-konkursu-wierszyk-do-gazetki\/","title":{"rendered":"Rozstrzygni\u0119cie konkursu \u201eWierszyk do gazetki\u201d"},"content":{"rendered":"\n<div class=\"o9v6fnle cxmmr5t8 oygrvhab hcukyx3x c1et5uql ii04i59q\">\n<div dir=\"auto\"><span style=\"color: #000080;\">\u201eKsi\u0105\u017cki kochaj\u0105 ka\u017cdego, kto je otwiera, daj\u0105c mu poczucie bezpiecze\u0144stwa i przyja\u017a\u0144, niczego w zamian nie \u017c\u0105daj\u0105c\u2026\u201d Cornelia Funke<\/span><\/div>\n<div dir=\"auto\">&nbsp;<\/div>\n<\/div>\n<div class=\"o9v6fnle cxmmr5t8 oygrvhab hcukyx3x c1et5uql ii04i59q\">\n<div dir=\"auto\"><span style=\"color: #000080;\">Tradycyjny, szkolny konkurs poetycki \u201eWierszyk do gazetki\u201d zosta\u0142 zorganizowany w miesi\u0105cu kwietniu, z okazji \u201e\u015awiatowego Dnia Ksi\u0105\u017cki\u201d. Organizatorem konkursu by\u0142: Zesp\u00f3\u0142 redakcyjny gazetki szkolnej \u201eJedyneczka\u201d.<\/span><\/div>\n<div dir=\"auto\"><span style=\"color: #000080;\">Cele konkursu: promocja tw\u00f3rczo\u015bci w\u0142asnej oraz czytelnictwa w\u015br\u00f3d dzieci i m\u0142odzie\u017cy.<\/span><\/div>\n<div dir=\"auto\"><span style=\"color: #000080;\">Komisja konkursowa: p. Joanna Bartnik, p. Marta Kuczy\u0144ska, <\/span><span style=\"color: #000080;\">p. Sylwia Wojak, p. Paulina Seweryn, nagrodzi\u0142a i wyr\u00f3\u017cni\u0142a prace literackie nast\u0119puj\u0105cych uczni\u00f3w:<\/span><\/div>\n<div dir=\"auto\"><strong><span style=\"color: #000080;\">Laureaci w klasach I-III<\/span><\/strong><\/div>\n<div dir=\"auto\"><span style=\"color: #000080;\">1. Jakub Kalbarczyk, kl. Ia<\/span><\/div>\n<div dir=\"auto\"><span style=\"color: #000080;\">2. Adriana Kowalczuk, kl. Ia<\/span><\/div>\n<div dir=\"auto\"><span style=\"color: #000080;\">3. Eva Jankowska, kl. IIb<\/span><\/div>\n<div dir=\"auto\"><span style=\"color: #000080;\">4. Karolina Grzegorczyk, kl. IIIa<\/span><\/div>\n<div dir=\"auto\"><span style=\"color: #000080;\">5. Nikola Karwowska, kl. IIIa<\/span><\/div>\n<div dir=\"auto\"><span style=\"color: #000080;\">6. Kornel Tor, kl. IIIa<\/span><\/div>\n<div dir=\"auto\"><span style=\"color: #000080;\">7. Dominik Grabo\u015b, kl. IIIa<\/span><\/div>\n<div dir=\"auto\"><span style=\"color: #000080;\">8. Igor Wojtiuk, kl. IIIa<\/span><\/div>\n<div dir=\"auto\"><span style=\"color: #000080;\">9. Miko\u0142aj Karpiuk, kl. IIIb<\/span><\/div>\n<div dir=\"auto\"><span style=\"color: #000080;\">10. Anna Metyk, kl. IIIc<\/span><\/div>\n<div dir=\"auto\"><strong><span style=\"color: #000080;\">Wyr\u00f3\u017cnienia:<\/span><\/strong><\/div>\n<div dir=\"auto\"><span style=\"color: #000080;\">1. Paula Wilczy\u0144ska, kl. IIIa<\/span><\/div>\n<div dir=\"auto\"><span style=\"color: #000080;\">2. Mi\u0142osz Brudnowski, kl. IIIa<\/span><\/div>\n<div dir=\"auto\"><span style=\"color: #000080;\">3. Filip Su\u0142ek, kl. IIIa<\/span><\/div>\n<div dir=\"auto\"><span style=\"color: #000080;\">4. Zuzanna Peczak, kl. IIIa<\/span><\/div>\n<div dir=\"auto\"><span style=\"color: #000080;\">5. Igor Wr\u00f3bel, kl. IIIa<\/span><\/div>\n<div dir=\"auto\"><span style=\"color: #000080;\">6. Iga Nowosad, kl. IIIa<\/span><\/div>\n<div dir=\"auto\"><span style=\"color: #000080;\">7. Milena Hajkowska, kl. IIIa<\/span><\/div>\n<div dir=\"auto\"><span style=\"color: #000080;\">8. Karolina Danilczuk, kl. IIIa<\/span><\/div>\n<div dir=\"auto\"><span style=\"color: #000080;\">9. Aleksandra Pa\u0142ys, kl. IIIa<\/span><\/div>\n<div dir=\"auto\"><span style=\"color: #000080;\">10. Kacper \u017bur, kl. IIIa<\/span><\/div>\n<div dir=\"auto\"><span style=\"color: #000080;\">11. Gabriel Malinowski, kl. IIIa<\/span><\/div>\n<div dir=\"auto\"><span style=\"color: #000080;\">12. Gabriela Pawlos, kl. IIIa<\/span><\/div>\n<\/div>\n<div class=\"o9v6fnle cxmmr5t8 oygrvhab hcukyx3x c1et5uql ii04i59q\">\n<div dir=\"auto\"><strong><span style=\"color: #000080;\">Laureaci w klasach IV-VIII<\/span><\/strong><\/div>\n<div dir=\"auto\"><span style=\"color: #000080;\">1. Miko\u0142aj Gardzio\u0142a, kl. IVb<\/span><\/div>\n<div dir=\"auto\"><span style=\"color: #000080;\">2. Karolina Jasi\u0144ska, kl. VId<\/span><\/div>\n<div dir=\"auto\"><span style=\"color: #000080;\">3. Tomasz Skoczylas, kl. VId<\/span><\/div>\n<div dir=\"auto\"><span style=\"color: #000080;\">4. Jan K\u0142odzi\u0144ski, kl. VIIIa<\/span><\/div>\n<div dir=\"auto\"><strong><span style=\"color: #000080;\">Wyr\u00f3\u017cnienia:<\/span><\/strong><\/div>\n<div dir=\"auto\"><span style=\"color: #000080;\">1. Marcin Lackowski, kl. Va<\/span><\/div>\n<div dir=\"auto\"><span style=\"color: #000080;\">2. Kornelia Kruk, kl. VIIIc<\/span><\/div>\n<div dir=\"auto\"><span style=\"color: #000080;\">3. Wiktor Konopko, kl. Va<\/span><\/div>\n<div dir=\"auto\"><span style=\"color: #000080;\">4. Dominika Zezula, kl. VIIb<\/span><\/div>\n<div dir=\"auto\">&nbsp;<\/div>\n<\/div>\n<div class=\"o9v6fnle cxmmr5t8 oygrvhab hcukyx3x c1et5uql ii04i59q\">\n<div dir=\"auto\"><span style=\"color: #000080;\">Wiersze nagrodzone w konkursie b\u0119dzie mo\u017cna przeczyta\u0107 <\/span><span style=\"color: #000080;\">w letnim numerze gazetki szkolnej \u201eJedyneczka\u201d. Gratulujemy wszystkim uczniom! Szczeg\u00f3lne podzi\u0119kowania dla uczni\u00f3w klasy IIIa, wraz z wych. p. Ma\u0142gorzat\u0105 Serafin, za liczny udzia\u0142 w konkursie.<span class=\"pq6dq46d tbxw36s4 knj5qynh kvgmc6g5 ditlmg2l oygrvhab nvdbi5me sf5mxxl7 gl3lb2sf hhz5lgdu\"><img loading=\"lazy\" decoding=\"async\" src=\"https:\/\/static.xx.fbcdn.net\/images\/emoji.php\/v9\/teb\/2\/16\/1f642.png\" alt=\"?\" width=\"16\" height=\"16\"><\/span><\/span><\/div>\n<div dir=\"auto\">&nbsp;<\/div>\n<div dir=\"auto\" style=\"text-align: right;\"><span style=\"color: #000080;\">Zesp\u00f3\u0142 redakcyjny gazetki szkolnej \u201eJedyneczka\u201d wraz z opiekunami<\/span><\/div>\n<div dir=\"auto\">\nngg_shortcode_0_placeholder\n<\/div>\n<\/div>\n","protected":false},"excerpt":{"rendered":"<p>\u201eKsi\u0105\u017cki kochaj\u0105 ka\u017cdego, kto je otwiera, daj\u0105c mu poczucie bezpiecze\u0144stwa i przyja\u017a\u0144, niczego w zamian nie \u017c\u0105daj\u0105c\u2026\u201d Cornelia Funke &nbsp; Tradycyjny, szkolny konkurs poetycki \u201eWierszyk do gazetki\u201d zosta\u0142 zorganizowany w miesi\u0105cu kwietniu, z okazji \u201e\u015awiatowego Dnia Ksi\u0105\u017cki\u201d. Organizatorem konkursu by\u0142: Zesp\u00f3\u0142 redakcyjny gazetki szkolnej \u201eJedyneczka\u201d. Cele konkursu: promocja tw\u00f3rczo\u015bci w\u0142asnej oraz czytelnictwa w\u015br\u00f3d dzieci i [&hellip;]<\/p>\n","protected":false},"author":2,"featured_media":0,"parent":5983,"menu_order":0,"comment_status":"closed","ping_status":"closed","template":"","meta":{"ngg_post_thumbnail":0,"footnotes":""},"class_list":["post-9190","page","type-page","status-publish","hentry"],"_links":{"self":[{"href":"https:\/\/sp1hrubieszow.pl\/index.php\/wp-json\/wp\/v2\/pages\/9190","targetHints":{"allow":["GET"]}}],"collection":[{"href":"https:\/\/sp1hrubieszow.pl\/index.php\/wp-json\/wp\/v2\/pages"}],"about":[{"href":"https:\/\/sp1hrubieszow.pl\/index.php\/wp-json\/wp\/v2\/types\/page"}],"author":[{"embeddable":true,"href":"https:\/\/sp1hrubieszow.pl\/index.php\/wp-json\/wp\/v2\/users\/2"}],"replies":[{"embeddable":true,"href":"https:\/\/sp1hrubieszow.pl\/index.php\/wp-json\/wp\/v2\/comments?post=9190"}],"version-history":[{"count":1,"href":"https:\/\/sp1hrubieszow.pl\/index.php\/wp-json\/wp\/v2\/pages\/9190\/revisions"}],"predecessor-version":[{"id":9191,"href":"https:\/\/sp1hrubieszow.pl\/index.php\/wp-json\/wp\/v2\/pages\/9190\/revisions\/9191"}],"up":[{"embeddable":true,"href":"https:\/\/sp1hrubieszow.pl\/index.php\/wp-json\/wp\/v2\/pages\/5983"}],"wp:attachment":[{"href":"https:\/\/sp1hrubieszow.pl\/index.php\/wp-json\/wp\/v2\/media?parent=9190"}],"curies":[{"name":"wp","href":"https:\/\/api.w.org\/{rel}","templated":true}]}}