{"id":9119,"date":"2021-04-27T16:21:17","date_gmt":"2021-04-27T14:21:17","guid":{"rendered":"http:\/\/sp1.hrubieszow.info\/?page_id=9119"},"modified":"2021-04-27T16:21:43","modified_gmt":"2021-04-27T14:21:43","slug":"program-bieg-po-zdrowie","status":"publish","type":"page","link":"https:\/\/sp1hrubieszow.pl\/index.php\/kronika-2020-2021\/program-bieg-po-zdrowie\/","title":{"rendered":"Program &#8222;Bieg po zdrowie&#8221;."},"content":{"rendered":"\n<div dir=\"auto\"><span style=\"color: #000080;\">W II p\u00f3\u0142roczu roku szkolnego 2020\/2021, uczniowie klas czwartych brali udzia\u0142 w zaj\u0119ciach profilaktycznych w ramach programu &#8222;Bieg po zdrowie&#8221;. Zaj\u0119cia prowadzone by\u0142y na podstawie scenariuszy i materia\u0142\u00f3w edukacyjnych, ukazuj\u0105cych szkodliwo\u015b\u0107 palenia papieros\u00f3w i e-papieros\u00f3w.<\/span><\/div>\n<div dir=\"auto\">&nbsp;<\/div>\n<div dir=\"auto\"><span style=\"color: #000080;\">&#8222;Bieg po zdrowie\u201d to program edukacji antynikotynowej. Zosta\u0142 przygotowany przez G\u0142\u00f3wny Inspektorat Sanitarny we wsp\u00f3\u0142pracy ze ekspertami z dziedziny psychologii. Celem projektu edukacyjnego \u201eBieg po zdrowie\u201d jest zwi\u0119kszenie wiedzy na temat szkodliwo\u015bci palenia tytoniu oraz zapobieganie lub op\u00f3\u017anianie inicjacji tytoniowej w\u015br\u00f3d dzieci i m\u0142odzie\u017cy. Program jest obj\u0119ty honorowym patronatem Ministra Edukacji Narodowej.<\/span><\/div>\n<div dir=\"auto\">&nbsp;<\/div>\n<div dir=\"auto\"><span style=\"color: #000080;\">Zaj\u0119cia prowadzone by\u0142y przez wychowawc\u00f3w klas czwartych: p. Ann\u0119 Suwa\u0142\u0119, p.Ew\u0119 Filipowicz-Sidorczuk , p. Ann\u0119 Lewandowsk\u0105 oraz pedagoga szkolnego- p. Mart\u0119 Kuczy\u0144sk\u0105.<\/span><\/div>\n<div dir=\"auto\">&nbsp;<\/div>\n<div dir=\"auto\"><span style=\"color: #000080;\">Czwartoklasi\u015bci zostali zaproszeni do udzia\u0142u w konkursie plastycznym, kt\u00f3ry ma na celu utrwalenie prawid\u0142owych postaw prozdrowotnych i prospo\u0142ecznych a tak\u017ce zapobieganie na\u0142ogom w\u015br\u00f3d m\u0142odych ludzi. Prace konkursowe mo\u017cna sk\u0142ada\u0107 do dnia 17 maja 2021r. u szkolnego koordynatora programu -p. Marty Kuczy\u0144skiej.<\/span><\/div>\n<div dir=\"auto\">\nngg_shortcode_0_placeholder\n<\/div>\n","protected":false},"excerpt":{"rendered":"<p>W II p\u00f3\u0142roczu roku szkolnego 2020\/2021, uczniowie klas czwartych brali udzia\u0142 w zaj\u0119ciach profilaktycznych w ramach programu &#8222;Bieg po zdrowie&#8221;. Zaj\u0119cia prowadzone by\u0142y na podstawie scenariuszy i materia\u0142\u00f3w edukacyjnych, ukazuj\u0105cych szkodliwo\u015b\u0107 palenia papieros\u00f3w i e-papieros\u00f3w. &nbsp; &#8222;Bieg po zdrowie\u201d to program edukacji antynikotynowej. Zosta\u0142 przygotowany przez G\u0142\u00f3wny Inspektorat Sanitarny we wsp\u00f3\u0142pracy ze ekspertami z dziedziny [&hellip;]<\/p>\n","protected":false},"author":2,"featured_media":0,"parent":5983,"menu_order":0,"comment_status":"closed","ping_status":"closed","template":"","meta":{"ngg_post_thumbnail":0,"footnotes":""},"class_list":["post-9119","page","type-page","status-publish","hentry"],"_links":{"self":[{"href":"https:\/\/sp1hrubieszow.pl\/index.php\/wp-json\/wp\/v2\/pages\/9119","targetHints":{"allow":["GET"]}}],"collection":[{"href":"https:\/\/sp1hrubieszow.pl\/index.php\/wp-json\/wp\/v2\/pages"}],"about":[{"href":"https:\/\/sp1hrubieszow.pl\/index.php\/wp-json\/wp\/v2\/types\/page"}],"author":[{"embeddable":true,"href":"https:\/\/sp1hrubieszow.pl\/index.php\/wp-json\/wp\/v2\/users\/2"}],"replies":[{"embeddable":true,"href":"https:\/\/sp1hrubieszow.pl\/index.php\/wp-json\/wp\/v2\/comments?post=9119"}],"version-history":[{"count":1,"href":"https:\/\/sp1hrubieszow.pl\/index.php\/wp-json\/wp\/v2\/pages\/9119\/revisions"}],"predecessor-version":[{"id":9120,"href":"https:\/\/sp1hrubieszow.pl\/index.php\/wp-json\/wp\/v2\/pages\/9119\/revisions\/9120"}],"up":[{"embeddable":true,"href":"https:\/\/sp1hrubieszow.pl\/index.php\/wp-json\/wp\/v2\/pages\/5983"}],"wp:attachment":[{"href":"https:\/\/sp1hrubieszow.pl\/index.php\/wp-json\/wp\/v2\/media?parent=9119"}],"curies":[{"name":"wp","href":"https:\/\/api.w.org\/{rel}","templated":true}]}}