{"id":9104,"date":"2021-04-27T16:14:16","date_gmt":"2021-04-27T14:14:16","guid":{"rendered":"http:\/\/sp1.hrubieszow.info\/?page_id=9104"},"modified":"2021-04-27T16:15:08","modified_gmt":"2021-04-27T14:15:08","slug":"program-nie-pal-przy-mnie-prosze","status":"publish","type":"page","link":"https:\/\/sp1hrubieszow.pl\/index.php\/kronika-2020-2021\/program-nie-pal-przy-mnie-prosze\/","title":{"rendered":"Program &#8222;Nie pal przy mnie, prosz\u0119&#8230;&#8221;"},"content":{"rendered":"\n<div dir=\"auto\"><span style=\"color: #000080;\">W II p\u00f3\u0142roczu roku szkolnego 2020\/2021, w Szkole Podstawowej Nr 1 w Hrubieszowie, realizowany by\u0142 program &#8222;Nie pal przy mnie, prosz\u0119&#8230;&#8221;. W zaj\u0119ciach stacjonarnych i zdalnych w ramach programu uczestniczyli uczniowie klas: IIIa ( wych. p. Ma\u0142gorzata Serafin),IIIb (wych. p. Monika Korneluk) i IIIc (wych. p. Joanna Nazar).Celem g\u0142\u00f3wnym programu &#8222;Nie pal przy mnie, prosz\u0119&#8230;&#8221;jest promocja zdrowego stylu \u017cycia oraz zmniejszenie nara\u017cenia dzieci na bierne palenie tytoniu. Cele szczeg\u00f3\u0142owe programu to: uporz\u0105dkowanie i poszerzenie informacji na temat zdrowia, kszta\u0142towanie u dzieci postaw odpowiedzialno\u015bci za w\u0142asne zdrowie, u\u015bwiadomienie dzieciom, \u017ce palenie tytoniu jest szkodliwe dla zdrowia, uwra\u017cliwienie dzieci na szkodliwe oddzia\u0142ywanie dymu papierosowego zwi\u0105zane z biernym paleniem.<\/span><\/div>\n<div dir=\"auto\"><span style=\"color: #000080;\">Podczas zaj\u0119\u0107 uczniowie pracowali metodami aktywnymi, z du\u017cym zaanga\u017cowaniem realizuj\u0105c za\u0142o\u017cenia programowe. Na zako\u0144czenie zaj\u0119\u0107 zostali zaproszeni do wykonania prac plastycznych, odzwierciedlaj\u0105cych zdobyt\u0105 przez nich na zaj\u0119ciach wiedz\u0119. <\/span><\/div>\n<div dir=\"auto\"><span style=\"color: #000080;\">Prace konkursowe mo\u017cna sk\u0142ada\u0107 u szkolnego koordynatora programu, pedagoga szkolnego p. Marty Kuczy\u0144skiej do dnia 17 maja 2021r. <\/span><\/div>\n<div dir=\"auto\"><span style=\"color: #000080;\">Program realizowany by\u0142 pod patronatem Stacji Sanitarno-Epidemiologicznej w Hrubieszowie, we wsp\u00f3\u0142pracy z Gmin\u0105 Miejsk\u0105 Hrubiesz\u00f3w.<\/span><\/div>\n<div dir=\"auto\">\nngg_shortcode_0_placeholder\n<\/div>\n","protected":false},"excerpt":{"rendered":"<p>W II p\u00f3\u0142roczu roku szkolnego 2020\/2021, w Szkole Podstawowej Nr 1 w Hrubieszowie, realizowany by\u0142 program &#8222;Nie pal przy mnie, prosz\u0119&#8230;&#8221;. W zaj\u0119ciach stacjonarnych i zdalnych w ramach programu uczestniczyli uczniowie klas: IIIa ( wych. p. Ma\u0142gorzata Serafin),IIIb (wych. p. Monika Korneluk) i IIIc (wych. p. Joanna Nazar).Celem g\u0142\u00f3wnym programu &#8222;Nie pal przy mnie, prosz\u0119&#8230;&#8221;jest [&hellip;]<\/p>\n","protected":false},"author":2,"featured_media":0,"parent":5983,"menu_order":0,"comment_status":"closed","ping_status":"closed","template":"","meta":{"ngg_post_thumbnail":0,"footnotes":""},"class_list":["post-9104","page","type-page","status-publish","hentry"],"_links":{"self":[{"href":"https:\/\/sp1hrubieszow.pl\/index.php\/wp-json\/wp\/v2\/pages\/9104","targetHints":{"allow":["GET"]}}],"collection":[{"href":"https:\/\/sp1hrubieszow.pl\/index.php\/wp-json\/wp\/v2\/pages"}],"about":[{"href":"https:\/\/sp1hrubieszow.pl\/index.php\/wp-json\/wp\/v2\/types\/page"}],"author":[{"embeddable":true,"href":"https:\/\/sp1hrubieszow.pl\/index.php\/wp-json\/wp\/v2\/users\/2"}],"replies":[{"embeddable":true,"href":"https:\/\/sp1hrubieszow.pl\/index.php\/wp-json\/wp\/v2\/comments?post=9104"}],"version-history":[{"count":1,"href":"https:\/\/sp1hrubieszow.pl\/index.php\/wp-json\/wp\/v2\/pages\/9104\/revisions"}],"predecessor-version":[{"id":9105,"href":"https:\/\/sp1hrubieszow.pl\/index.php\/wp-json\/wp\/v2\/pages\/9104\/revisions\/9105"}],"up":[{"embeddable":true,"href":"https:\/\/sp1hrubieszow.pl\/index.php\/wp-json\/wp\/v2\/pages\/5983"}],"wp:attachment":[{"href":"https:\/\/sp1hrubieszow.pl\/index.php\/wp-json\/wp\/v2\/media?parent=9104"}],"curies":[{"name":"wp","href":"https:\/\/api.w.org\/{rel}","templated":true}]}}