{"id":9058,"date":"2021-04-23T12:58:43","date_gmt":"2021-04-23T10:58:43","guid":{"rendered":"http:\/\/sp1.hrubieszow.info\/?page_id=9058"},"modified":"2021-04-23T12:59:02","modified_gmt":"2021-04-23T10:59:02","slug":"jestesmy-z-wami-niebieskimi-motylami","status":"publish","type":"page","link":"https:\/\/sp1hrubieszow.pl\/index.php\/kronika-2020-2021\/jestesmy-z-wami-niebieskimi-motylami\/","title":{"rendered":"Jeste\u015bmy z Wami niebieskimi motylami"},"content":{"rendered":"\n<div dir=\"auto\"><span style=\"color: #000080;\">W miesi\u0105cu kwietniu w szczeg\u00f3lny spos\u00f3b solidaryzujemy si\u0119 z osobami z autyzmem. W tym roku wspieramy akcj\u0119 zapocz\u0105tkowan\u0105 przez O\u015brodek Szkolno \u2013 Wychowawczy im. Jana Paw\u0142a II w Jaros\u0142awiu- Jeste\u015bmy z Wami niebieskimi motylami.<\/span><\/div>\n<div dir=\"auto\">\nngg_shortcode_0_placeholder\n<\/div>\n<div dir=\"auto\">&nbsp;<\/div>\n<div dir=\"auto\">\n<div style=\"width: 625px;\" class=\"wp-video\"><video class=\"wp-video-shortcode\" id=\"video-9058-1\" width=\"625\" height=\"352\" preload=\"metadata\" controls=\"controls\"><source type=\"video\/mp4\" src=\"http:\/\/sp1.hrubieszow.info\/wp-content\/uploads\/2021\/04\/20210420_200145.mp4?_=1\" \/><a href=\"http:\/\/sp1.hrubieszow.info\/wp-content\/uploads\/2021\/04\/20210420_200145.mp4\">http:\/\/sp1.hrubieszow.info\/wp-content\/uploads\/2021\/04\/20210420_200145.mp4<\/a><\/video><\/div>\n<\/div>\n<div dir=\"auto\">&nbsp;<\/div>\n<div dir=\"auto\">\n<div style=\"width: 625px;\" class=\"wp-video\"><video class=\"wp-video-shortcode\" id=\"video-9058-2\" width=\"625\" height=\"352\" preload=\"metadata\" controls=\"controls\"><source type=\"video\/mp4\" src=\"http:\/\/sp1.hrubieszow.info\/wp-content\/uploads\/2021\/04\/VID_20210422_094825.mp4?_=2\" \/><a href=\"http:\/\/sp1.hrubieszow.info\/wp-content\/uploads\/2021\/04\/VID_20210422_094825.mp4\">http:\/\/sp1.hrubieszow.info\/wp-content\/uploads\/2021\/04\/VID_20210422_094825.mp4<\/a><\/video><\/div>\n<\/div>\n","protected":false},"excerpt":{"rendered":"<p>W miesi\u0105cu kwietniu w szczeg\u00f3lny spos\u00f3b solidaryzujemy si\u0119 z osobami z autyzmem. W tym roku wspieramy akcj\u0119 zapocz\u0105tkowan\u0105 przez O\u015brodek Szkolno \u2013 Wychowawczy im. Jana Paw\u0142a II w Jaros\u0142awiu- Jeste\u015bmy z Wami niebieskimi motylami. &nbsp; &nbsp;<\/p>\n","protected":false},"author":2,"featured_media":0,"parent":5983,"menu_order":0,"comment_status":"closed","ping_status":"closed","template":"","meta":{"ngg_post_thumbnail":0,"footnotes":""},"class_list":["post-9058","page","type-page","status-publish","hentry"],"_links":{"self":[{"href":"https:\/\/sp1hrubieszow.pl\/index.php\/wp-json\/wp\/v2\/pages\/9058","targetHints":{"allow":["GET"]}}],"collection":[{"href":"https:\/\/sp1hrubieszow.pl\/index.php\/wp-json\/wp\/v2\/pages"}],"about":[{"href":"https:\/\/sp1hrubieszow.pl\/index.php\/wp-json\/wp\/v2\/types\/page"}],"author":[{"embeddable":true,"href":"https:\/\/sp1hrubieszow.pl\/index.php\/wp-json\/wp\/v2\/users\/2"}],"replies":[{"embeddable":true,"href":"https:\/\/sp1hrubieszow.pl\/index.php\/wp-json\/wp\/v2\/comments?post=9058"}],"version-history":[{"count":1,"href":"https:\/\/sp1hrubieszow.pl\/index.php\/wp-json\/wp\/v2\/pages\/9058\/revisions"}],"predecessor-version":[{"id":9059,"href":"https:\/\/sp1hrubieszow.pl\/index.php\/wp-json\/wp\/v2\/pages\/9058\/revisions\/9059"}],"up":[{"embeddable":true,"href":"https:\/\/sp1hrubieszow.pl\/index.php\/wp-json\/wp\/v2\/pages\/5983"}],"wp:attachment":[{"href":"https:\/\/sp1hrubieszow.pl\/index.php\/wp-json\/wp\/v2\/media?parent=9058"}],"curies":[{"name":"wp","href":"https:\/\/api.w.org\/{rel}","templated":true}]}}