{"id":8966,"date":"2021-04-23T08:16:12","date_gmt":"2021-04-23T06:16:12","guid":{"rendered":"http:\/\/sp1.hrubieszow.info\/?page_id=8966"},"modified":"2021-04-23T08:16:26","modified_gmt":"2021-04-23T06:16:26","slug":"program-dla-szkol-list-do-rodzicow","status":"publish","type":"page","link":"https:\/\/sp1hrubieszow.pl\/index.php\/kronika-2020-2021\/program-dla-szkol-list-do-rodzicow\/","title":{"rendered":"&#8222;Program dla szk\u00f3\u0142&#8221; &#8211; list do rodzic\u00f3w"},"content":{"rendered":"\n<p><img loading=\"lazy\" decoding=\"async\" class=\"alignnone size-full wp-image-8964\" src=\"http:\/\/sp1.hrubieszow.info\/wp-content\/uploads\/2021\/04\/image001.jpg\" alt=\"\" width=\"229\" height=\"147\"><\/p>\n<p><span style=\"color: #000080;\">Przekazujemy Pa\u0144stwu List do rodzic\u00f3w i opiekun\u00f3w prawnych dzieci uczestnicz\u0105cych w \u201eProgramie dla szk\u00f3\u0142\u201d.<\/span><\/p>\n<p><strong><span style=\"color: #000080;\"><a style=\"color: #000080;\" href=\"http:\/\/sp1.hrubieszow.info\/wp-content\/uploads\/2021\/04\/Program-dla-szk\u00f3\u0142-List-do-rodzic\u00f3w-opiekun\u00f3w.pdf\">Program dla szk\u00f3\u0142 &#8211; List do rodzic\u00f3w-opiekun\u00f3w<\/a><\/span><\/strong><\/p>\n","protected":false},"excerpt":{"rendered":"<p>Przekazujemy Pa\u0144stwu List do rodzic\u00f3w i opiekun\u00f3w prawnych dzieci uczestnicz\u0105cych w \u201eProgramie dla szk\u00f3\u0142\u201d. Program dla szk\u00f3\u0142 &#8211; List do rodzic\u00f3w-opiekun\u00f3w<\/p>\n","protected":false},"author":2,"featured_media":0,"parent":5983,"menu_order":0,"comment_status":"closed","ping_status":"closed","template":"","meta":{"ngg_post_thumbnail":0,"footnotes":""},"class_list":["post-8966","page","type-page","status-publish","hentry"],"_links":{"self":[{"href":"https:\/\/sp1hrubieszow.pl\/index.php\/wp-json\/wp\/v2\/pages\/8966","targetHints":{"allow":["GET"]}}],"collection":[{"href":"https:\/\/sp1hrubieszow.pl\/index.php\/wp-json\/wp\/v2\/pages"}],"about":[{"href":"https:\/\/sp1hrubieszow.pl\/index.php\/wp-json\/wp\/v2\/types\/page"}],"author":[{"embeddable":true,"href":"https:\/\/sp1hrubieszow.pl\/index.php\/wp-json\/wp\/v2\/users\/2"}],"replies":[{"embeddable":true,"href":"https:\/\/sp1hrubieszow.pl\/index.php\/wp-json\/wp\/v2\/comments?post=8966"}],"version-history":[{"count":1,"href":"https:\/\/sp1hrubieszow.pl\/index.php\/wp-json\/wp\/v2\/pages\/8966\/revisions"}],"predecessor-version":[{"id":8967,"href":"https:\/\/sp1hrubieszow.pl\/index.php\/wp-json\/wp\/v2\/pages\/8966\/revisions\/8967"}],"up":[{"embeddable":true,"href":"https:\/\/sp1hrubieszow.pl\/index.php\/wp-json\/wp\/v2\/pages\/5983"}],"wp:attachment":[{"href":"https:\/\/sp1hrubieszow.pl\/index.php\/wp-json\/wp\/v2\/media?parent=8966"}],"curies":[{"name":"wp","href":"https:\/\/api.w.org\/{rel}","templated":true}]}}