{"id":8960,"date":"2021-04-22T07:23:41","date_gmt":"2021-04-22T05:23:41","guid":{"rendered":"http:\/\/sp1.hrubieszow.info\/?page_id=8960"},"modified":"2021-04-22T07:24:17","modified_gmt":"2021-04-22T05:24:17","slug":"przywrocmy-nam-ziemie","status":"publish","type":"page","link":"https:\/\/sp1hrubieszow.pl\/index.php\/kronika-2020-2021\/przywrocmy-nam-ziemie\/","title":{"rendered":"Przywr\u00f3\u0107my nam Ziemi\u0119"},"content":{"rendered":"\n<p><img loading=\"lazy\" decoding=\"async\" class=\"alignnone size-medium wp-image-8959\" src=\"http:\/\/sp1.hrubieszow.info\/wp-content\/uploads\/2021\/04\/ziemia-300x185.jpg\" alt=\"\" width=\"300\" height=\"185\" srcset=\"https:\/\/sp1hrubieszow.pl\/wp-content\/uploads\/2021\/04\/ziemia-300x185.jpg 300w, https:\/\/sp1hrubieszow.pl\/wp-content\/uploads\/2021\/04\/ziemia-768x475.jpg 768w, https:\/\/sp1hrubieszow.pl\/wp-content\/uploads\/2021\/04\/ziemia-1024x633.jpg 1024w, https:\/\/sp1hrubieszow.pl\/wp-content\/uploads\/2021\/04\/ziemia-624x386.jpg 624w, https:\/\/sp1hrubieszow.pl\/wp-content\/uploads\/2021\/04\/ziemia.jpg 1226w\" sizes=\"auto, (max-width: 300px) 100vw, 300px\" \/><\/p>\n<p><span style=\"color: #000080;\">22 kwietnia na&nbsp;ca\u0142ym \u015bwiecie celebrujemy Dzie\u0144 Ziemi. Obchody s\u0105 okazj\u0105 do&nbsp;promowania ekologicznych postaw, ale&nbsp;te\u017c u\u015bwiadamiania problem\u00f3w, kt\u00f3re si\u0119 wi\u0105\u017c\u0105 ze&nbsp;zmian\u0105 klimatu.<\/span><\/p>\n<p><span style=\"color: #000080;\">Ka\u017cdego roku Dniu Ziemi towarzyszy inne has\u0142o przewodnie. W roku ubieg\u0142ym by\u0142o to: \u201eDzia\u0142anie na rzecz ochrony klimatu\u201d. Motywem przewodnim tegorocznych obchod\u00f3w jest has\u0142o: \u201ePrzywr\u00f3\u0107 nasz\u0105 Ziemi\u0119\u201d. Od dw\u00f3ch lat wiele wydarze\u0144<\/span><br><span style=\"color: #000080;\">i imprez odbywa si\u0119 wy\u0142\u0105cznie online.<\/span><\/p>\n<p><span style=\"color: #000080;\">\u015awiatowe obchody s\u0105 zaplanowane na trzy dni, od 20 do 22 kwietnia. Dzie\u0144 Ziemi 2021 rozpocznie si\u0119 globalnym m\u0142odzie\u017cowym szczytem klimatycznym<\/span><br><span style=\"color: #000080;\">z udzia\u0142em aktywist\u00f3w, w tym Grety Thunberg, Alexandrii Villase\u00f1or i Licypriya Kangujam. Kolejne wydarzenie b\u0119dzie po\u015bwi\u0119cone roli, jak\u0105 odgrywaj\u0105 pedagodzy w walce ze zmianami klimatycznymi i znaczeniu edukacji klimatycznej. 22 kwietnia za\u015b, w pi\u0105t\u0105 rocznic\u0119 paryskiego porozumienia klimatycznego, z udzia\u0142em \u015bwiatowych przyw\u00f3dc\u00f3w odb\u0119dzie si\u0119 szczyt klimatyczny, kt\u00f3rego gospodarzem jest prezydent Joe Bidena. Podpisze on rozporz\u0105dzenie ustanawiaj\u0105ce walk\u0119 z kryzysem klimatycznym, ograniczenie wydobycia paliw kopalnych oraz rozw\u00f3j alternatywnych \u017ar\u00f3de\u0142 energii fundamentalnymi elementami polityki ameryka\u0144skiej.<\/span><\/p>\n<p><span style=\"color: #000080;\">Ka\u017cdy z nas powinien dba\u0107 o nasz jedyny, dost\u0119pny nam \u015bwiat. Na przyk\u0142ad sko\u0144czy\u0107 z marnotrawstwem czyli \u017cy\u0107 zgodnie z filozofi\u0105 ZERO WASTE. Dotyczy ona kilku prostych zasad:<\/span><\/p>\n<ol>\n<li><span style=\"color: #000080;\">Sortuj \u015bmieci<\/span><\/li>\n<\/ol>\n<p><span style=\"color: #000080;\">2.Ogranicz u\u017cycie plastiku<\/span><\/p>\n<p><span style=\"color: #000080;\">3.Szanuj papier<\/span><\/p>\n<p><span style=\"color: #000080;\">4.Nie wyrzucaj ubra\u0144<\/span><\/p>\n<p><span style=\"color: #000080;\">5.Nie wyrzucaj jedzenia<\/span><\/p>\n<p><span style=\"color: #000080;\">6.R\u00f3b przemy\u015blane zakupy<\/span><\/p>\n<p><span style=\"color: #000080;\">7.Oszcz\u0119dzaj pieni\u0105dze.<\/span><\/p>\n<p><span style=\"color: #000080;\">Ekolodzy przekonuj\u0105, \u017ce to wyj\u0105tkowe i bardzo potrzebne dzi\u015b \u015bwi\u0119to, obchodzi\u0107 powinien ka\u017cdy z nas i ka\u017cdy mo\u017ce zrobi\u0107 tego dnia co\u015b dla planety. Metoda ma\u0142ych krok\u00f3w i kilka, niewielkich na poz\u00f3r zmian, potrafi\u0105 zdzia\u0142a\u0107 cuda.<\/span><\/p>\n<p style=\"text-align: center;\"><span style=\"color: #000080;\">Pami\u0119tajcie chro\u0144my planet\u0119, nie tylko od \u015bwi\u0119ta!<\/span><\/p>\n","protected":false},"excerpt":{"rendered":"<p>22 kwietnia na&nbsp;ca\u0142ym \u015bwiecie celebrujemy Dzie\u0144 Ziemi. Obchody s\u0105 okazj\u0105 do&nbsp;promowania ekologicznych postaw, ale&nbsp;te\u017c u\u015bwiadamiania problem\u00f3w, kt\u00f3re si\u0119 wi\u0105\u017c\u0105 ze&nbsp;zmian\u0105 klimatu. Ka\u017cdego roku Dniu Ziemi towarzyszy inne has\u0142o przewodnie. W roku ubieg\u0142ym by\u0142o to: \u201eDzia\u0142anie na rzecz ochrony klimatu\u201d. Motywem przewodnim tegorocznych obchod\u00f3w jest has\u0142o: \u201ePrzywr\u00f3\u0107 nasz\u0105 Ziemi\u0119\u201d. Od dw\u00f3ch lat wiele wydarze\u0144i imprez odbywa [&hellip;]<\/p>\n","protected":false},"author":2,"featured_media":0,"parent":5983,"menu_order":0,"comment_status":"closed","ping_status":"closed","template":"","meta":{"ngg_post_thumbnail":0,"footnotes":""},"class_list":["post-8960","page","type-page","status-publish","hentry"],"_links":{"self":[{"href":"https:\/\/sp1hrubieszow.pl\/index.php\/wp-json\/wp\/v2\/pages\/8960","targetHints":{"allow":["GET"]}}],"collection":[{"href":"https:\/\/sp1hrubieszow.pl\/index.php\/wp-json\/wp\/v2\/pages"}],"about":[{"href":"https:\/\/sp1hrubieszow.pl\/index.php\/wp-json\/wp\/v2\/types\/page"}],"author":[{"embeddable":true,"href":"https:\/\/sp1hrubieszow.pl\/index.php\/wp-json\/wp\/v2\/users\/2"}],"replies":[{"embeddable":true,"href":"https:\/\/sp1hrubieszow.pl\/index.php\/wp-json\/wp\/v2\/comments?post=8960"}],"version-history":[{"count":1,"href":"https:\/\/sp1hrubieszow.pl\/index.php\/wp-json\/wp\/v2\/pages\/8960\/revisions"}],"predecessor-version":[{"id":8961,"href":"https:\/\/sp1hrubieszow.pl\/index.php\/wp-json\/wp\/v2\/pages\/8960\/revisions\/8961"}],"up":[{"embeddable":true,"href":"https:\/\/sp1hrubieszow.pl\/index.php\/wp-json\/wp\/v2\/pages\/5983"}],"wp:attachment":[{"href":"https:\/\/sp1hrubieszow.pl\/index.php\/wp-json\/wp\/v2\/media?parent=8960"}],"curies":[{"name":"wp","href":"https:\/\/api.w.org\/{rel}","templated":true}]}}