{"id":8949,"date":"2021-04-19T17:16:51","date_gmt":"2021-04-19T15:16:51","guid":{"rendered":"http:\/\/sp1.hrubieszow.info\/?page_id=8949"},"modified":"2021-04-19T17:31:16","modified_gmt":"2021-04-19T15:31:16","slug":"akcja-zonkile-laczy-nas-pamiec","status":"publish","type":"page","link":"https:\/\/sp1hrubieszow.pl\/index.php\/kronika-2020-2021\/akcja-zonkile-laczy-nas-pamiec\/","title":{"rendered":"Akcja \u017bonkile \u2013 \u0141\u0105czy Nas Pami\u0119\u0107"},"content":{"rendered":"\n<p><span style=\"color: #000080;\">W poniedzia\u0142ek, 19 kwietnia 2021 r., przypada 78 rocznica wybuchu powstania w getcie warszawskim. Jak ka\u017cdego roku, Szkolne Ko\u0142o Wolontariaty r\u00f3wnie\u017c przy\u0142\u0105czy\u0142o si\u0119 do obchod\u00f3w upami\u0119tniaj\u0105cych powstanie.<\/span><\/p>\n<p><span style=\"color: #000080;\">W ramach akcji spo\u0142eczno-edukacyjnej \u017bonkile, wolontariusze przygotowali gazetk\u0119 \u015bcienn\u0105 oraz papierowe \u017conkile, kt\u00f3re symbolizuj\u0105 pami\u0119\u0107, szacunek i nadziej\u0119. Nauczyciele jak r\u00f3wnie\u017c uczniowie, zapoznali si\u0119 z materia\u0142ami opracowanymi przez zesp\u00f3\u0142 Muzeum Polin.<\/span><\/p>\n<p><span style=\"color: #000080;\">Ze wzgl\u0119du na pandemi\u0119, wi\u0119kszo\u015b\u0107 aktywno\u015bci wok\u00f3\u0142 akcji przenosi\u0142a si\u0119 do internetu. Do akcji \u017bonkile mog\u0105 do\u0142\u0105czy\u0107 wszyscy, z ka\u017cdego miejsca na \u015bwiecie, przypinaj\u0105c wirtualny \u017conkil, ogl\u0105daj\u0105c wideo-spacer, s\u0142uchaj\u0105c debaty czy koncertu.<\/span><\/p>\n<p><span style=\"color: #000080;\">Dlaczego \u017conkile s\u0105 symbolem pami\u0119ci o powstaniu? Jednym z ocala\u0142ych z getta by\u0142 Marek Edelman, ostatni dow\u00f3dca \u017bydowskiej Organizacji Bojowej. 19 kwietnia, w rocznic\u0119 powstania, sk\u0142ada\u0142 bukiet \u017c\u00f3\u0142tych kwiat\u00f3w pod Pomnikiem Bohater\u00f3w Getta na Muranowie. \u017bonkil sta\u0142 si\u0119 symbolem szacunku i pami\u0119ci o powstaniu. Organizowana przez Muzeum Historii \u017byd\u00f3w Polskich POLIN akcja ma na celu rozpowszechnianie tego symbolu oraz szerzenie wiedzy na temat samego powstania.<\/span><\/p>\n<p><span style=\"color: #000080;\">Linki do materia\u0142\u00f3w edukacyjnych przygotowane przez Muzeum Polin:<\/span><\/p>\n<p><span style=\"color: #000080;\">Klasa 1-3<\/span><br><a href=\"https:\/\/www.youtube.com\/watch?v=p1g_6k9XBew\"><strong><span style=\"color: #000080;\">https:\/\/www.youtube.com\/watch?v=p1g_6k9XBew <\/span><\/strong><\/a><br><a href=\"https:\/\/www.youtube.com\/watch?v=Us0mx45epiQ\"><strong><span style=\"color: #000080;\">https:\/\/www.youtube.com\/watch?v=Us0mx45epiQ<\/span><\/strong><\/a><\/p>\n<p><span style=\"color: #000080;\">Klasa 4-6<\/span><br><a href=\"https:\/\/www.youtube.com\/watch?v=ZZ6AlJFCnP4\"><strong><span style=\"color: #000080;\">https:\/\/www.youtube.com\/watch?v=ZZ6AlJFCnP4<\/span><\/strong><\/a><\/p>\n<p><span style=\"color: #000080;\">Klasa 7-8<\/span><br><a href=\"https:\/\/www.youtube.com\/watch?v=apdbNIfWbkE\"><strong><span style=\"color: #000080;\">https:\/\/www.youtube.com\/watch?v=apdbNIfWbkE<\/span><\/strong><\/a><\/p>\n<p style=\"text-align: right;\"><span style=\"color: #000080;\">Opiekun SKW &#8211; Anna Karkuszewska<\/span><\/p>\nngg_shortcode_0_placeholder\nngg_shortcode_1_placeholder\n","protected":false},"excerpt":{"rendered":"<p>W poniedzia\u0142ek, 19 kwietnia 2021 r., przypada 78 rocznica wybuchu powstania w getcie warszawskim. Jak ka\u017cdego roku, Szkolne Ko\u0142o Wolontariaty r\u00f3wnie\u017c przy\u0142\u0105czy\u0142o si\u0119 do obchod\u00f3w upami\u0119tniaj\u0105cych powstanie. W ramach akcji spo\u0142eczno-edukacyjnej \u017bonkile, wolontariusze przygotowali gazetk\u0119 \u015bcienn\u0105 oraz papierowe \u017conkile, kt\u00f3re symbolizuj\u0105 pami\u0119\u0107, szacunek i nadziej\u0119. Nauczyciele jak r\u00f3wnie\u017c uczniowie, zapoznali si\u0119 z materia\u0142ami opracowanymi przez [&hellip;]<\/p>\n","protected":false},"author":2,"featured_media":0,"parent":5983,"menu_order":0,"comment_status":"closed","ping_status":"closed","template":"","meta":{"ngg_post_thumbnail":0,"footnotes":""},"class_list":["post-8949","page","type-page","status-publish","hentry"],"_links":{"self":[{"href":"https:\/\/sp1hrubieszow.pl\/index.php\/wp-json\/wp\/v2\/pages\/8949","targetHints":{"allow":["GET"]}}],"collection":[{"href":"https:\/\/sp1hrubieszow.pl\/index.php\/wp-json\/wp\/v2\/pages"}],"about":[{"href":"https:\/\/sp1hrubieszow.pl\/index.php\/wp-json\/wp\/v2\/types\/page"}],"author":[{"embeddable":true,"href":"https:\/\/sp1hrubieszow.pl\/index.php\/wp-json\/wp\/v2\/users\/2"}],"replies":[{"embeddable":true,"href":"https:\/\/sp1hrubieszow.pl\/index.php\/wp-json\/wp\/v2\/comments?post=8949"}],"version-history":[{"count":3,"href":"https:\/\/sp1hrubieszow.pl\/index.php\/wp-json\/wp\/v2\/pages\/8949\/revisions"}],"predecessor-version":[{"id":8958,"href":"https:\/\/sp1hrubieszow.pl\/index.php\/wp-json\/wp\/v2\/pages\/8949\/revisions\/8958"}],"up":[{"embeddable":true,"href":"https:\/\/sp1hrubieszow.pl\/index.php\/wp-json\/wp\/v2\/pages\/5983"}],"wp:attachment":[{"href":"https:\/\/sp1hrubieszow.pl\/index.php\/wp-json\/wp\/v2\/media?parent=8949"}],"curies":[{"name":"wp","href":"https:\/\/api.w.org\/{rel}","templated":true}]}}