{"id":8929,"date":"2021-04-16T20:24:16","date_gmt":"2021-04-16T18:24:16","guid":{"rendered":"http:\/\/sp1.hrubieszow.info\/?page_id=8929"},"modified":"2021-04-16T20:28:02","modified_gmt":"2021-04-16T18:28:02","slug":"zasady-funkcjonowania-przedszkola-i-szkoly-od-19-kwietnia-2021r","status":"publish","type":"page","link":"https:\/\/sp1hrubieszow.pl\/index.php\/kronika-2020-2021\/zasady-funkcjonowania-przedszkola-i-szkoly-od-19-kwietnia-2021r\/","title":{"rendered":"Zasady funkcjonowania przedszkola i szko\u0142y  od 19 kwietnia 2021r."},"content":{"rendered":"\n<p><span style=\"color: #000080;\"><strong>Szanowni Pa\u0144stwo!<\/strong><\/span><\/p>\n<h3><span style=\"color: #000080;\"><strong><u>Na podstawie:<\/u><\/strong><\/span><\/h3>\n<p><span style=\"color: #000080;\"><em>Rozporz\u0105dzenia Ministra Edukacji Narodowej i Sportu z dnia 31 grudnia 2002 r. w sprawie bezpiecze\u0144stwa i higieny w publicznych i niepublicznych szko\u0142ach i plac\u00f3wkach (Dz. U. 2020 poz. 1166), w zwi\u0105zku z wytycznymi przeciwepidemicznymi MEN, MZ i GIS dla publicznych i niepublicznych szk\u00f3\u0142 i plac\u00f3wek od 1 wrze\u015bnia 2020 r.<\/em><\/span><\/p>\n<p><span style=\"color: #000080;\"><em>Rozporz\u0105dzenia Ministra Edukacji Narodowej z dnia 26 marca 2021 r. w sprawie czasowego ograniczenia funkcjonowania jednostek systemu o\u015bwiaty w zwi\u0105zku z zapobieganiem, przeciwdzia\u0142aniem i zwalczaniem COVID-19 (Dz. U. 2021 ze zmianami)<\/em><\/span><\/p>\n<p><span style=\"color: #000080;\"><em>&nbsp;Rozporz\u0105dzenia Ministra Edukacji i Nauki z dnia 15 kwietnia 2021 r.<\/em><\/span><\/p>\n<ol>\n<li><span style=\"color: #000080;\"><strong>Od 19 kwietnia 2021 r. zostaje przywr\u00f3cone kszta\u0142cenie stacjonarne w oddziale przedszkolnym w szkole. Od tego dnia sto\u0142\u00f3wka szkolna wznawia wydawanie posi\u0142k\u00f3w na zasadach wcze\u015bniej obowi\u0105zuj\u0105cych.<\/strong><\/span><\/li>\n<\/ol>\n<ol start=\"2\">\n<li><span style=\"color: #000080;\"><strong>W klasach I- III i IV \u2013 VIII <\/strong><strong>zaj\u0119cia prowadzone s\u0105 z wykorzystaniem metod i&nbsp; technik kszta\u0142cenia na odleg\u0142o\u015b\u0107. Zosta\u0142y przed\u0142u\u017cone dotychczasowe obostrzenia w funkcjonowaniu tych klas stacjonarnie do 25 kwietnia br.<\/strong><\/span><\/li>\n<\/ol>\n<p style=\"text-align: right;\"><span style=\"color: #000080;\"><strong>&nbsp;&nbsp;&nbsp;&nbsp;&nbsp;&nbsp;&nbsp;&nbsp;&nbsp;&nbsp;&nbsp;&nbsp;&nbsp;&nbsp;&nbsp; &nbsp;&nbsp;&nbsp;&nbsp;&nbsp;&nbsp;&nbsp;&nbsp;&nbsp;&nbsp;&nbsp;&nbsp;&nbsp;&nbsp;&nbsp;&nbsp;&nbsp;&nbsp;&nbsp;&nbsp;&nbsp;&nbsp;&nbsp;&nbsp;&nbsp;&nbsp;&nbsp;&nbsp;&nbsp;&nbsp;&nbsp;&nbsp;&nbsp;&nbsp;&nbsp;&nbsp;&nbsp;&nbsp;&nbsp;&nbsp;&nbsp;&nbsp;&nbsp;&nbsp;&nbsp;&nbsp;&nbsp;&nbsp;&nbsp;&nbsp;&nbsp;&nbsp;&nbsp;&nbsp;&nbsp;dyrektor szko\u0142y <\/strong><\/span><\/p>\n<p><strong>&nbsp;&nbsp;&nbsp;&nbsp;&nbsp;&nbsp;&nbsp;&nbsp;&nbsp;&nbsp;&nbsp;&nbsp;&nbsp;&nbsp;&nbsp;&nbsp;&nbsp;&nbsp;&nbsp;&nbsp;&nbsp;&nbsp;&nbsp;&nbsp;&nbsp;&nbsp;&nbsp;&nbsp;&nbsp;&nbsp;&nbsp;&nbsp;&nbsp;&nbsp;&nbsp;&nbsp;&nbsp;&nbsp;&nbsp;&nbsp;&nbsp;&nbsp;&nbsp;&nbsp;&nbsp;&nbsp;&nbsp;&nbsp;&nbsp;&nbsp;&nbsp;&nbsp;&nbsp;&nbsp;&nbsp;&nbsp;&nbsp;&nbsp;&nbsp;&nbsp; <\/strong><\/p>\n<p>&nbsp;<\/p>\n","protected":false},"excerpt":{"rendered":"<p>Szanowni Pa\u0144stwo! Na podstawie: Rozporz\u0105dzenia Ministra Edukacji Narodowej i Sportu z dnia 31 grudnia 2002 r. w sprawie bezpiecze\u0144stwa i higieny w publicznych i niepublicznych szko\u0142ach i plac\u00f3wkach (Dz. U. 2020 poz. 1166), w zwi\u0105zku z wytycznymi przeciwepidemicznymi MEN, MZ i GIS dla publicznych i niepublicznych szk\u00f3\u0142 i plac\u00f3wek od 1 wrze\u015bnia 2020 r. Rozporz\u0105dzenia [&hellip;]<\/p>\n","protected":false},"author":2,"featured_media":0,"parent":5983,"menu_order":0,"comment_status":"closed","ping_status":"closed","template":"","meta":{"ngg_post_thumbnail":0,"footnotes":""},"class_list":["post-8929","page","type-page","status-publish","hentry"],"_links":{"self":[{"href":"https:\/\/sp1hrubieszow.pl\/index.php\/wp-json\/wp\/v2\/pages\/8929","targetHints":{"allow":["GET"]}}],"collection":[{"href":"https:\/\/sp1hrubieszow.pl\/index.php\/wp-json\/wp\/v2\/pages"}],"about":[{"href":"https:\/\/sp1hrubieszow.pl\/index.php\/wp-json\/wp\/v2\/types\/page"}],"author":[{"embeddable":true,"href":"https:\/\/sp1hrubieszow.pl\/index.php\/wp-json\/wp\/v2\/users\/2"}],"replies":[{"embeddable":true,"href":"https:\/\/sp1hrubieszow.pl\/index.php\/wp-json\/wp\/v2\/comments?post=8929"}],"version-history":[{"count":2,"href":"https:\/\/sp1hrubieszow.pl\/index.php\/wp-json\/wp\/v2\/pages\/8929\/revisions"}],"predecessor-version":[{"id":8933,"href":"https:\/\/sp1hrubieszow.pl\/index.php\/wp-json\/wp\/v2\/pages\/8929\/revisions\/8933"}],"up":[{"embeddable":true,"href":"https:\/\/sp1hrubieszow.pl\/index.php\/wp-json\/wp\/v2\/pages\/5983"}],"wp:attachment":[{"href":"https:\/\/sp1hrubieszow.pl\/index.php\/wp-json\/wp\/v2\/media?parent=8929"}],"curies":[{"name":"wp","href":"https:\/\/api.w.org\/{rel}","templated":true}]}}