{"id":8924,"date":"2021-04-16T20:14:11","date_gmt":"2021-04-16T18:14:11","guid":{"rendered":"http:\/\/sp1.hrubieszow.info\/?page_id=8924"},"modified":"2021-04-16T20:16:27","modified_gmt":"2021-04-16T18:16:27","slug":"spotkanie-online-sluzace-wsparciu-rodzicow-uczniow-klas-viii-w-zakresie-wyboru-dalszego-etapu-ksztalcenia-i-procesu-rekrutacji-do-szkol-ponadpodstawowych","status":"publish","type":"page","link":"https:\/\/sp1hrubieszow.pl\/index.php\/kronika-2020-2021\/spotkanie-online-sluzace-wsparciu-rodzicow-uczniow-klas-viii-w-zakresie-wyboru-dalszego-etapu-ksztalcenia-i-procesu-rekrutacji-do-szkol-ponadpodstawowych\/","title":{"rendered":"Spotkanie online s\u0142u\u017c\u0105ce wsparciu rodzic\u00f3w uczni\u00f3w klas VIII w zakresie wyboru dalszego etapu kszta\u0142cenia i procesu rekrutacji do szk\u00f3\u0142 ponadpodstawowych"},"content":{"rendered":"\n<p><span style=\"color: #000080;\">Informujemy Pa\u0144stwa, \u017ce w Lubelski Kurator O\u015bwiaty podejmuje kolejne spotkanie s\u0142u\u017c\u0105ce wsparciu rodzic\u00f3w uczni\u00f3w klas VIII w zakresie wyboru dalszego etapu kszta\u0142cenia i procesu rekrutacji do szk\u00f3\u0142 ponadpodstawowych pt. \u201e<em>Rodzic pierwszym doradc\u0105<\/em>\u201d.<\/span><br><span style=\"color: #000080;\">Spotkanie on-line ze specjalistami w tej dziedzinie odb\u0119dzie si\u0119 dnia <strong>20 kwietnia 2021 r. (wtorek) o godz. 17.00. &nbsp;<\/strong><\/span><br><br><br><span style=\"color: #000080;\"><a style=\"color: #000080;\" href=\"https:\/\/teams.microsoft.com\/l\/meetup-join\/19%3ameeting_YjYzMzMyNmYtOTczYS00NjNmLWFhNDMtZTE2MWUyZDFkMzc1%40thread.v2\/0?context=%7b%22Tid%22%3a%22e006472f-3211-4ea2-a7c6-ebaa0cb3af78%22%2c%22Oid%22%3a%22d180fcff-1206-43fe-b5b5-8134a79f6b96%22%2c%22IsBroadcastMeeting%22%3atrue%7d&amp;btype=a&amp;role=a\"><strong>https:\/\/teams.microsoft.com\/l\/meetup-join\/19%3ameeting_YjYzMzMyNmYtOTczYS00NjNmLWFhNDMtZTE2MWUyZDFkMzc1%40thread.v2\/0?context=%7b%22Tid%22%3a%22e006472f-3211-4ea2-a7c6-ebaa0cb3af78%22%2c%22Oid%22%3a%22d180fcff-1206-43fe-b5b5-8134a79f6b96%22%2c%22IsBroadcastMeeting%22%3atrue%7d&amp;btype=a&amp;role=a<\/strong><\/a><\/span><\/p>\n<p><strong><span style=\"color: #000080;\"><a style=\"color: #000080;\" href=\"http:\/\/sp1.hrubieszow.info\/wp-content\/uploads\/2021\/04\/list_LKO_do_Rodzic\u00f3w.pdf\">list_LKO_do_Rodzic\u00f3w<\/a><\/span><\/strong><\/p>\n","protected":false},"excerpt":{"rendered":"<p>Informujemy Pa\u0144stwa, \u017ce w Lubelski Kurator O\u015bwiaty podejmuje kolejne spotkanie s\u0142u\u017c\u0105ce wsparciu rodzic\u00f3w uczni\u00f3w klas VIII w zakresie wyboru dalszego etapu kszta\u0142cenia i procesu rekrutacji do szk\u00f3\u0142 ponadpodstawowych pt. \u201eRodzic pierwszym doradc\u0105\u201d.Spotkanie on-line ze specjalistami w tej dziedzinie odb\u0119dzie si\u0119 dnia 20 kwietnia 2021 r. (wtorek) o godz. 17.00. &nbsp; https:\/\/teams.microsoft.com\/l\/meetup-join\/19%3ameeting_YjYzMzMyNmYtOTczYS00NjNmLWFhNDMtZTE2MWUyZDFkMzc1%40thread.v2\/0?context=%7b%22Tid%22%3a%22e006472f-3211-4ea2-a7c6-ebaa0cb3af78%22%2c%22Oid%22%3a%22d180fcff-1206-43fe-b5b5-8134a79f6b96%22%2c%22IsBroadcastMeeting%22%3atrue%7d&amp;btype=a&amp;role=a list_LKO_do_Rodzic\u00f3w<\/p>\n","protected":false},"author":2,"featured_media":0,"parent":5983,"menu_order":0,"comment_status":"closed","ping_status":"closed","template":"","meta":{"ngg_post_thumbnail":0,"footnotes":""},"class_list":["post-8924","page","type-page","status-publish","hentry"],"_links":{"self":[{"href":"https:\/\/sp1hrubieszow.pl\/index.php\/wp-json\/wp\/v2\/pages\/8924","targetHints":{"allow":["GET"]}}],"collection":[{"href":"https:\/\/sp1hrubieszow.pl\/index.php\/wp-json\/wp\/v2\/pages"}],"about":[{"href":"https:\/\/sp1hrubieszow.pl\/index.php\/wp-json\/wp\/v2\/types\/page"}],"author":[{"embeddable":true,"href":"https:\/\/sp1hrubieszow.pl\/index.php\/wp-json\/wp\/v2\/users\/2"}],"replies":[{"embeddable":true,"href":"https:\/\/sp1hrubieszow.pl\/index.php\/wp-json\/wp\/v2\/comments?post=8924"}],"version-history":[{"count":2,"href":"https:\/\/sp1hrubieszow.pl\/index.php\/wp-json\/wp\/v2\/pages\/8924\/revisions"}],"predecessor-version":[{"id":8926,"href":"https:\/\/sp1hrubieszow.pl\/index.php\/wp-json\/wp\/v2\/pages\/8924\/revisions\/8926"}],"up":[{"embeddable":true,"href":"https:\/\/sp1hrubieszow.pl\/index.php\/wp-json\/wp\/v2\/pages\/5983"}],"wp:attachment":[{"href":"https:\/\/sp1hrubieszow.pl\/index.php\/wp-json\/wp\/v2\/media?parent=8924"}],"curies":[{"name":"wp","href":"https:\/\/api.w.org\/{rel}","templated":true}]}}