{"id":8912,"date":"2021-04-16T11:20:30","date_gmt":"2021-04-16T09:20:30","guid":{"rendered":"http:\/\/sp1.hrubieszow.info\/?page_id=8912"},"modified":"2021-04-16T11:42:32","modified_gmt":"2021-04-16T09:42:32","slug":"1-podatku-na-rzecz-naszej-szkoly","status":"publish","type":"page","link":"https:\/\/sp1hrubieszow.pl\/index.php\/kronika-2020-2021\/1-podatku-na-rzecz-naszej-szkoly\/","title":{"rendered":"1% podatku na rzecz naszej szko\u0142y"},"content":{"rendered":"\n<p><span style=\"color: #000080;\">Przypominamy o mo\u017cliwo\u015bci przekazania <strong>1 % podatku dochodowego<\/strong> na rzecz&nbsp; szko\u0142y. Aby to uczyni\u0107, nale\u017cy w zeznaniu podatkowym wpisa\u0107 <strong>numer KRS 0000197582 <b style=\"color: #000080;\">oraz jako cel szczeg\u00f3\u0142owy wpisa\u0107 <\/b><b>nazw\u0119 <\/b><b style=\"color: #000080;\">&nbsp;naszej szko\u0142y.&nbsp;<\/b><\/strong><\/span><\/p>\n<p><span style=\"color: #000080;\">Serdecznie dzi\u0119kujemy za wszelkie wp\u0142aty!<\/span><\/p>\n","protected":false},"excerpt":{"rendered":"<p>Przypominamy o mo\u017cliwo\u015bci przekazania 1 % podatku dochodowego na rzecz&nbsp; szko\u0142y. Aby to uczyni\u0107, nale\u017cy w zeznaniu podatkowym wpisa\u0107 numer KRS 0000197582 oraz jako cel szczeg\u00f3\u0142owy wpisa\u0107 nazw\u0119 &nbsp;naszej szko\u0142y.&nbsp; Serdecznie dzi\u0119kujemy za wszelkie wp\u0142aty!<\/p>\n","protected":false},"author":2,"featured_media":0,"parent":5983,"menu_order":0,"comment_status":"closed","ping_status":"closed","template":"","meta":{"ngg_post_thumbnail":0,"footnotes":""},"class_list":["post-8912","page","type-page","status-publish","hentry"],"_links":{"self":[{"href":"https:\/\/sp1hrubieszow.pl\/index.php\/wp-json\/wp\/v2\/pages\/8912","targetHints":{"allow":["GET"]}}],"collection":[{"href":"https:\/\/sp1hrubieszow.pl\/index.php\/wp-json\/wp\/v2\/pages"}],"about":[{"href":"https:\/\/sp1hrubieszow.pl\/index.php\/wp-json\/wp\/v2\/types\/page"}],"author":[{"embeddable":true,"href":"https:\/\/sp1hrubieszow.pl\/index.php\/wp-json\/wp\/v2\/users\/2"}],"replies":[{"embeddable":true,"href":"https:\/\/sp1hrubieszow.pl\/index.php\/wp-json\/wp\/v2\/comments?post=8912"}],"version-history":[{"count":3,"href":"https:\/\/sp1hrubieszow.pl\/index.php\/wp-json\/wp\/v2\/pages\/8912\/revisions"}],"predecessor-version":[{"id":8922,"href":"https:\/\/sp1hrubieszow.pl\/index.php\/wp-json\/wp\/v2\/pages\/8912\/revisions\/8922"}],"up":[{"embeddable":true,"href":"https:\/\/sp1hrubieszow.pl\/index.php\/wp-json\/wp\/v2\/pages\/5983"}],"wp:attachment":[{"href":"https:\/\/sp1hrubieszow.pl\/index.php\/wp-json\/wp\/v2\/media?parent=8912"}],"curies":[{"name":"wp","href":"https:\/\/api.w.org\/{rel}","templated":true}]}}