{"id":8901,"date":"2021-04-15T21:10:03","date_gmt":"2021-04-15T19:10:03","guid":{"rendered":"http:\/\/sp1.hrubieszow.info\/?page_id=8901"},"modified":"2021-12-29T11:52:41","modified_gmt":"2021-12-29T10:52:41","slug":"dobrostan","status":"publish","type":"page","link":"https:\/\/sp1hrubieszow.pl\/index.php\/dobrostan\/","title":{"rendered":"DOBROSTAN"},"content":{"rendered":"\n<header class=\"entry-header\">\n<h2><strong><span style=\"color: #000080;\">Uda\u0142o si\u0119!!! Z dum\u0105 i rado\u015bci\u0105 og\u0142aszamy, \u017ce nasza szko\u0142a otrzyma\u0142a certyfikat programu &#8222;TU SI\u0118 DBA O DOBROSTAN&#8221;.&nbsp;<\/span><\/strong><\/h2>\n<p><img loading=\"lazy\" decoding=\"async\" class=\"alignnone size-medium wp-image-10802\" src=\"http:\/\/sp1.hrubieszow.info\/wp-content\/uploads\/2021\/09\/DSCN3958-300x225.jpg\" alt=\"\" width=\"300\" height=\"225\" srcset=\"https:\/\/sp1hrubieszow.pl\/wp-content\/uploads\/2021\/09\/DSCN3958-300x225.jpg 300w, https:\/\/sp1hrubieszow.pl\/wp-content\/uploads\/2021\/09\/DSCN3958-768x576.jpg 768w, https:\/\/sp1hrubieszow.pl\/wp-content\/uploads\/2021\/09\/DSCN3958-1024x768.jpg 1024w, https:\/\/sp1hrubieszow.pl\/wp-content\/uploads\/2021\/09\/DSCN3958-624x468.jpg 624w\" sizes=\"auto, (max-width: 300px) 100vw, 300px\" \/>&nbsp;<\/p>\n<p><img loading=\"lazy\" decoding=\"async\" class=\"alignnone size-medium wp-image-10801\" src=\"http:\/\/sp1.hrubieszow.info\/wp-content\/uploads\/2021\/09\/DSCN3955-300x225.jpg\" alt=\"\" width=\"300\" height=\"225\" srcset=\"https:\/\/sp1hrubieszow.pl\/wp-content\/uploads\/2021\/09\/DSCN3955-300x225.jpg 300w, https:\/\/sp1hrubieszow.pl\/wp-content\/uploads\/2021\/09\/DSCN3955-768x576.jpg 768w, https:\/\/sp1hrubieszow.pl\/wp-content\/uploads\/2021\/09\/DSCN3955-1024x768.jpg 1024w, https:\/\/sp1hrubieszow.pl\/wp-content\/uploads\/2021\/09\/DSCN3955-624x468.jpg 624w\" sizes=\"auto, (max-width: 300px) 100vw, 300px\" \/><\/p>\n<p style=\"text-align: center;\"><span style=\"color: #000080;\"><strong>***<\/strong><\/span><\/p>\n<h1 class=\"entry-title\"><strong><span style=\"font-size: 14px; color: #000080;\">Czas pracy nad autodiagnoz\u0105 w naszej szkole trwa. Wys\u0142a\u0142y\u015bmy uzupe\u0142nione dokumenty oraz&nbsp; kwestionariusze i teraz z niecierpliwo\u015bci\u0105 czekamy na dyplom certyfikacyjny. Trzymajcie kciuki, aby nam si\u0119 uda\u0142o zosta\u0107 LIDEREM DOBROSTANU.&nbsp;<\/span><\/strong><\/h1>\n<p><span style=\"color: #000080;\">Poza tym w ostatnim czasie ( raz w tygodniu) nauczyciele otrzymali do wys\u0142uchania trzy projektowe&nbsp; webinaria: &#8222;Dobrostan w szkole i w przedszkolu&#8221;, &#8222;Spacer diagnostyczny w szkole&#8221; oraz &#8222;Dobrostan to stan dynamiczny&#8221;.&nbsp;<\/span><\/p>\n<p style=\"text-align: center;\"><span style=\"color: #000080;\"><strong>***<\/strong><\/span><\/p>\n<h1 class=\"entry-title\"><span style=\"font-size: 14px; color: #000080;\">Z wielk\u0105 rado\u015bci\u0105 informujemy, \u017ce nasza szko\u0142a przyst\u0105pi\u0142a do projektu \u201eTU DBA SI\u0118 O DOBROSTAN\u201d. W ramach projektu korzystamy z wariantu \u2013 STUDIUM DOBROSTANU \u2013 AUTODIAGNOZA. Przedsi\u0119wzi\u0119cie realizowane jest na mocy umowy licencyjnej podpisanej z firm\u0105 SENSOR.&nbsp;<\/span><\/h1>\n<\/header>\n<div class=\"entry-content\">\n<p><span style=\"color: #000080;\">Tw\u00f3rcy programu zak\u0142adaj\u0105, \u017ce poczucie dobrostanu nale\u017cy si\u0119 wszystkim i my chcemy to zrealizowa\u0107 i zadba\u0107 o dobrostan uczni\u00f3w oraz nauczycieli. Nasz\u0105 przewodniczk\u0105 na tej drodze b\u0119dzie pani Ewa Radanowicz \u2013 Edukacyjny Zmieniacz, kt\u00f3ry NieDaSi\u0119 zamienia w DaSi\u0119, ekspert ds. innowacji, przestrzeni i zmiany w edukacji.&nbsp;<\/span><\/p>\n<div class=\"\" data-block=\"true\" data-editor=\"a9mv4\" data-offset-key=\"3pelc-0-0\">\n<div class=\"_1mf _1mj\" data-offset-key=\"3pelc-0-0\"><span style=\"color: #000080;\">Szkolne koordynatorki projektu<\/span><\/div>\n<\/div>\n<div class=\"\" data-block=\"true\" data-editor=\"a9mv4\" data-offset-key=\"93asd-0-0\">\n<div class=\"_1mf _1mj\" data-offset-key=\"93asd-0-0\"><span style=\"color: #000080;\" data-offset-key=\"93asd-0-0\">Marta Kuczy\u0144ska<\/span><\/div>\n<\/div>\n<div class=\"\" data-block=\"true\" data-editor=\"a9mv4\" data-offset-key=\"f7e3g-0-0\">\n<div class=\"_1mf _1mj\" data-offset-key=\"f7e3g-0-0\"><span style=\"color: #000080;\" data-offset-key=\"f7e3g-0-0\">Marta Lackowska <\/span><\/div>\n<\/div>\nngg_shortcode_0_placeholder\n<\/div>\n\n\n","protected":false},"excerpt":{"rendered":"<p>Uda\u0142o si\u0119!!! Z dum\u0105 i rado\u015bci\u0105 og\u0142aszamy, \u017ce nasza szko\u0142a otrzyma\u0142a certyfikat programu &#8222;TU SI\u0118 DBA O DOBROSTAN&#8221;.&nbsp; &nbsp; *** Czas pracy nad autodiagnoz\u0105 w naszej szkole trwa. Wys\u0142a\u0142y\u015bmy uzupe\u0142nione dokumenty oraz&nbsp; kwestionariusze i teraz z niecierpliwo\u015bci\u0105 czekamy na dyplom certyfikacyjny. Trzymajcie kciuki, aby nam si\u0119 uda\u0142o zosta\u0107 LIDEREM DOBROSTANU.&nbsp; Poza tym w ostatnim czasie [&hellip;]<\/p>\n","protected":false},"author":2,"featured_media":0,"parent":0,"menu_order":0,"comment_status":"closed","ping_status":"closed","template":"","meta":{"ngg_post_thumbnail":0,"footnotes":""},"class_list":["post-8901","page","type-page","status-publish","hentry"],"_links":{"self":[{"href":"https:\/\/sp1hrubieszow.pl\/index.php\/wp-json\/wp\/v2\/pages\/8901","targetHints":{"allow":["GET"]}}],"collection":[{"href":"https:\/\/sp1hrubieszow.pl\/index.php\/wp-json\/wp\/v2\/pages"}],"about":[{"href":"https:\/\/sp1hrubieszow.pl\/index.php\/wp-json\/wp\/v2\/types\/page"}],"author":[{"embeddable":true,"href":"https:\/\/sp1hrubieszow.pl\/index.php\/wp-json\/wp\/v2\/users\/2"}],"replies":[{"embeddable":true,"href":"https:\/\/sp1hrubieszow.pl\/index.php\/wp-json\/wp\/v2\/comments?post=8901"}],"version-history":[{"count":6,"href":"https:\/\/sp1hrubieszow.pl\/index.php\/wp-json\/wp\/v2\/pages\/8901\/revisions"}],"predecessor-version":[{"id":10804,"href":"https:\/\/sp1hrubieszow.pl\/index.php\/wp-json\/wp\/v2\/pages\/8901\/revisions\/10804"}],"wp:attachment":[{"href":"https:\/\/sp1hrubieszow.pl\/index.php\/wp-json\/wp\/v2\/media?parent=8901"}],"curies":[{"name":"wp","href":"https:\/\/api.w.org\/{rel}","templated":true}]}}