{"id":8891,"date":"2021-04-15T21:02:32","date_gmt":"2021-04-15T19:02:32","guid":{"rendered":"http:\/\/sp1.hrubieszow.info\/?page_id=8891"},"modified":"2021-04-15T21:21:41","modified_gmt":"2021-04-15T19:21:41","slug":"tu-dba-sie-o-dobrostan","status":"publish","type":"page","link":"https:\/\/sp1hrubieszow.pl\/index.php\/kronika-2020-2021\/tu-dba-sie-o-dobrostan\/","title":{"rendered":"TU DBA SI\u0118 O DOBROSTAN"},"content":{"rendered":"\n<p><span style=\"color: #000080;\">Z wielk\u0105 rado\u015bci\u0105 informujemy, \u017ce nasza szko\u0142a przyst\u0105pi\u0142a do projektu &#8222;TU DBA SI\u0118 O DOBROSTAN&#8221;. W ramach projektu korzystamy z wariantu &#8211; STUDIUM DOBROSTANU &#8211; AUTODIAGNOZA. Przedsi\u0119wzi\u0119cie realizowane jest na mocy umowy licencyjnej podpisanej z firm\u0105 SENSOR.&nbsp;<\/span><\/p>\n<p><span style=\"color: #000080;\">Tw\u00f3rcy programu zak\u0142adaj\u0105, \u017ce poczucie dobrostanu nale\u017cy si\u0119 wszystkim i my chcemy to zrealizowa\u0107 i zadba\u0107 o dobrostan uczni\u00f3w oraz nauczycieli. Nasz\u0105 przewodniczk\u0105 na tej drodze b\u0119dzie pani Ewa Radanowicz &#8211; Edukacyjny Zmieniacz, kt\u00f3ry NieDaSi\u0119 zamienia w DaSi\u0119, ekspert ds. innowacji, przestrzeni i zmiany w edukacji.&nbsp;<\/span><\/p>\n<p><span style=\"color: #000080;\">O wszystkich podejmowanych dzia\u0142aniach b\u0119dziemy informowa\u0107 w aktualno\u015bciach oraz w zak\u0142adce DOBROSTAN.&nbsp;<\/span><\/p>\n<div class=\"\" data-block=\"true\" data-editor=\"a9mv4\" data-offset-key=\"3pelc-0-0\">\n<div class=\"_1mf _1mj\" style=\"text-align: right;\" data-offset-key=\"3pelc-0-0\"><span style=\"color: #000080;\">Szkolne koordynatorki projektu<\/span><\/div>\n<\/div>\n<div class=\"\" style=\"text-align: right;\" data-block=\"true\" data-editor=\"a9mv4\" data-offset-key=\"93asd-0-0\">\n<div class=\"_1mf _1mj\" data-offset-key=\"93asd-0-0\"><span style=\"color: #000080;\" data-offset-key=\"93asd-0-0\">Marta Kuczy\u0144ska<\/span><\/div>\n<\/div>\n<div class=\"\" data-block=\"true\" data-editor=\"a9mv4\" data-offset-key=\"f7e3g-0-0\">\n<div class=\"_1mf _1mj\" style=\"text-align: right;\" data-offset-key=\"f7e3g-0-0\"><span style=\"color: #000080;\" data-offset-key=\"f7e3g-0-0\">Marta Lackowska <\/span><\/div>\n<\/div>\nngg_shortcode_0_placeholder\n","protected":false},"excerpt":{"rendered":"<p>Z wielk\u0105 rado\u015bci\u0105 informujemy, \u017ce nasza szko\u0142a przyst\u0105pi\u0142a do projektu &#8222;TU DBA SI\u0118 O DOBROSTAN&#8221;. W ramach projektu korzystamy z wariantu &#8211; STUDIUM DOBROSTANU &#8211; AUTODIAGNOZA. Przedsi\u0119wzi\u0119cie realizowane jest na mocy umowy licencyjnej podpisanej z firm\u0105 SENSOR.&nbsp; Tw\u00f3rcy programu zak\u0142adaj\u0105, \u017ce poczucie dobrostanu nale\u017cy si\u0119 wszystkim i my chcemy to zrealizowa\u0107 i zadba\u0107 o dobrostan [&hellip;]<\/p>\n","protected":false},"author":2,"featured_media":0,"parent":5983,"menu_order":0,"comment_status":"closed","ping_status":"closed","template":"","meta":{"ngg_post_thumbnail":0,"footnotes":""},"class_list":["post-8891","page","type-page","status-publish","hentry"],"_links":{"self":[{"href":"https:\/\/sp1hrubieszow.pl\/index.php\/wp-json\/wp\/v2\/pages\/8891","targetHints":{"allow":["GET"]}}],"collection":[{"href":"https:\/\/sp1hrubieszow.pl\/index.php\/wp-json\/wp\/v2\/pages"}],"about":[{"href":"https:\/\/sp1hrubieszow.pl\/index.php\/wp-json\/wp\/v2\/types\/page"}],"author":[{"embeddable":true,"href":"https:\/\/sp1hrubieszow.pl\/index.php\/wp-json\/wp\/v2\/users\/2"}],"replies":[{"embeddable":true,"href":"https:\/\/sp1hrubieszow.pl\/index.php\/wp-json\/wp\/v2\/comments?post=8891"}],"version-history":[{"count":4,"href":"https:\/\/sp1hrubieszow.pl\/index.php\/wp-json\/wp\/v2\/pages\/8891\/revisions"}],"predecessor-version":[{"id":8906,"href":"https:\/\/sp1hrubieszow.pl\/index.php\/wp-json\/wp\/v2\/pages\/8891\/revisions\/8906"}],"up":[{"embeddable":true,"href":"https:\/\/sp1hrubieszow.pl\/index.php\/wp-json\/wp\/v2\/pages\/5983"}],"wp:attachment":[{"href":"https:\/\/sp1hrubieszow.pl\/index.php\/wp-json\/wp\/v2\/media?parent=8891"}],"curies":[{"name":"wp","href":"https:\/\/api.w.org\/{rel}","templated":true}]}}