{"id":8844,"date":"2021-03-31T15:09:52","date_gmt":"2021-03-31T13:09:52","guid":{"rendered":"http:\/\/sp1.hrubieszow.info\/?page_id=8844"},"modified":"2021-03-31T15:12:05","modified_gmt":"2021-03-31T13:12:05","slug":"swiateczne-zyczenia","status":"publish","type":"page","link":"https:\/\/sp1hrubieszow.pl\/index.php\/kronika-2020-2021\/swiateczne-zyczenia\/","title":{"rendered":"\u015awi\u0105teczne \u017cyczenia"},"content":{"rendered":"\n<p><img loading=\"lazy\" decoding=\"async\" class=\"size-medium wp-image-8843 aligncenter\" src=\"http:\/\/sp1.hrubieszow.info\/wp-content\/uploads\/2021\/03\/wielkanoc-300x199.jpg\" alt=\"\" width=\"300\" height=\"199\"><\/p>\n<h1 style=\"text-align: center;\"><span style=\"color: #000080;\"><strong>Zdrowych, radosnych, spokojnych, <\/strong><\/span><\/h1>\n<h1 style=\"text-align: center;\"><span style=\"color: #000080;\"><strong>pe\u0142nych wiary, nadziei <\/strong><\/span><span style=\"color: #000080;\"><strong>i mi\u0142o\u015bci&nbsp;<\/strong><\/span><\/h1>\n<h1 style=\"text-align: center;\"><span style=\"color: #000080;\"><strong>\u015awi\u0105t Wielkanocnych<\/strong><\/span><\/h1>\n<h1 style=\"text-align: center;\"><span style=\"color: #000080;\"><strong>\u017cyczy :<\/strong><\/span><\/h1>\n<h1 style=\"text-align: center;\"><span style=\"color: #000080;\"><strong>Dyrekcja szko\u0142y, grono pedagogiczne, <\/strong><\/span><\/h1>\n<h1 style=\"text-align: center;\"><span style=\"color: #000080;\"><strong>pracownicy administracji <\/strong><\/span><span style=\"color: #000080;\"><strong>i obs\u0142ugi.<\/strong><\/span><\/h1>\n","protected":false},"excerpt":{"rendered":"<p>Zdrowych, radosnych, spokojnych, pe\u0142nych wiary, nadziei i mi\u0142o\u015bci&nbsp; \u015awi\u0105t Wielkanocnych \u017cyczy : Dyrekcja szko\u0142y, grono pedagogiczne, pracownicy administracji i obs\u0142ugi.<\/p>\n","protected":false},"author":2,"featured_media":0,"parent":5983,"menu_order":0,"comment_status":"closed","ping_status":"closed","template":"","meta":{"ngg_post_thumbnail":0,"footnotes":""},"class_list":["post-8844","page","type-page","status-publish","hentry"],"_links":{"self":[{"href":"https:\/\/sp1hrubieszow.pl\/index.php\/wp-json\/wp\/v2\/pages\/8844","targetHints":{"allow":["GET"]}}],"collection":[{"href":"https:\/\/sp1hrubieszow.pl\/index.php\/wp-json\/wp\/v2\/pages"}],"about":[{"href":"https:\/\/sp1hrubieszow.pl\/index.php\/wp-json\/wp\/v2\/types\/page"}],"author":[{"embeddable":true,"href":"https:\/\/sp1hrubieszow.pl\/index.php\/wp-json\/wp\/v2\/users\/2"}],"replies":[{"embeddable":true,"href":"https:\/\/sp1hrubieszow.pl\/index.php\/wp-json\/wp\/v2\/comments?post=8844"}],"version-history":[{"count":2,"href":"https:\/\/sp1hrubieszow.pl\/index.php\/wp-json\/wp\/v2\/pages\/8844\/revisions"}],"predecessor-version":[{"id":8848,"href":"https:\/\/sp1hrubieszow.pl\/index.php\/wp-json\/wp\/v2\/pages\/8844\/revisions\/8848"}],"up":[{"embeddable":true,"href":"https:\/\/sp1hrubieszow.pl\/index.php\/wp-json\/wp\/v2\/pages\/5983"}],"wp:attachment":[{"href":"https:\/\/sp1hrubieszow.pl\/index.php\/wp-json\/wp\/v2\/media?parent=8844"}],"curies":[{"name":"wp","href":"https:\/\/api.w.org\/{rel}","templated":true}]}}