{"id":8838,"date":"2021-03-30T21:33:49","date_gmt":"2021-03-30T19:33:49","guid":{"rendered":"http:\/\/sp1.hrubieszow.info\/?page_id=8838"},"modified":"2021-03-30T21:34:11","modified_gmt":"2021-03-30T19:34:11","slug":"biblioteczny-konkurs-logo-biblioteki-szkolnej","status":"publish","type":"page","link":"https:\/\/sp1hrubieszow.pl\/index.php\/kronika-2020-2021\/biblioteczny-konkurs-logo-biblioteki-szkolnej\/","title":{"rendered":"Biblioteczny konkurs \u201eLOGO BIBLIOTEKI SZKOLNEJ\u201d"},"content":{"rendered":"\n<p><span style=\"color: #000080;\">29 marca 2021 roku biblioteka szkolna rozstrzygn\u0119\u0142a og\u0142oszony w lutym konkurs&nbsp; na \u201eLOGO BIBLIOTEKI SZKOLNEJ\u201d. Celem konkursu by\u0142o m.in.: rozbudzenie zainteresowa\u0144 czytelniczych, pobudzenie wra\u017cliwo\u015bci plastycznej i aktywno\u015bci tw\u00f3rczej uczni\u00f3w, kszta\u0142towanie poczucia estetyki i doskonalenie sprawno\u015bci manualnych i informatycznych.<\/span><\/p>\n<p><span style=\"color: #000080;\">Konkurs skierowany by\u0142 do uczni\u00f3w klas IV \u2013 VIII i polega\u0142 na wykonaniu z dowolnych materia\u0142\u00f3w i wed\u0142ug w\u0142asnego pomys\u0142u przestrzennej lub plastycznej pracy przedstawiaj\u0105cej logo biblioteki szkolnej.<\/span><\/p>\n<p><span style=\"color: #000080;\">Spo\u015br\u00f3d dostarczonych prac komisja konkursowa, bior\u0105c pod uwag\u0119: pomys\u0142owo\u015b\u0107, r\u00f3\u017cnorodno\u015b\u0107 materia\u0142\u00f3w wykorzystanych do wykonania, oryginalno\u015b\u0107, estetyk\u0119 i zgodno\u015b\u0107 <\/span><br><span style=\"color: #000080;\">z tematem, wy\u0142oni\u0142a nast\u0119puj\u0105cych laureat\u00f3w:<\/span><\/p>\n<p><span style=\"color: #000080;\"><strong>I miejsce ex aequo<\/strong>: Wiktor Konopko kl. 5a i Natalia Ba\u0142bustyn kl. 6c<\/span><\/p>\n<p><span style=\"color: #000080;\"><strong>II miejsce ex aequo<\/strong>: Karol Stadnicki kl. 5a i Dawid Ka\u0144ski kl. 4c<\/span><\/p>\n<p><span style=\"color: #000080;\"><strong>III miejsce ex aequo<\/strong>: Kornelia Kruk kl. 8c i Miko\u0142aj Gardzio\u0142a kl. 4b<\/span><\/p>\n<p><span style=\"color: #000080;\">Laureaci otrzymaj\u0105 dyplomy, nagrody ksi\u0105\u017ckowe oraz oceny celuj\u0105ce z j\u0119zyka polskiego.<\/span><\/p>\n<p style=\"text-align: right;\"><span style=\"color: #000080;\">Nauczyciele bibliotekarze<\/span><\/p>\nngg_shortcode_0_placeholder\n","protected":false},"excerpt":{"rendered":"<p>29 marca 2021 roku biblioteka szkolna rozstrzygn\u0119\u0142a og\u0142oszony w lutym konkurs&nbsp; na \u201eLOGO BIBLIOTEKI SZKOLNEJ\u201d. Celem konkursu by\u0142o m.in.: rozbudzenie zainteresowa\u0144 czytelniczych, pobudzenie wra\u017cliwo\u015bci plastycznej i aktywno\u015bci tw\u00f3rczej uczni\u00f3w, kszta\u0142towanie poczucia estetyki i doskonalenie sprawno\u015bci manualnych i informatycznych. Konkurs skierowany by\u0142 do uczni\u00f3w klas IV \u2013 VIII i polega\u0142 na wykonaniu z dowolnych materia\u0142\u00f3w i [&hellip;]<\/p>\n","protected":false},"author":2,"featured_media":0,"parent":5983,"menu_order":0,"comment_status":"closed","ping_status":"closed","template":"","meta":{"ngg_post_thumbnail":0,"footnotes":""},"class_list":["post-8838","page","type-page","status-publish","hentry"],"_links":{"self":[{"href":"https:\/\/sp1hrubieszow.pl\/index.php\/wp-json\/wp\/v2\/pages\/8838","targetHints":{"allow":["GET"]}}],"collection":[{"href":"https:\/\/sp1hrubieszow.pl\/index.php\/wp-json\/wp\/v2\/pages"}],"about":[{"href":"https:\/\/sp1hrubieszow.pl\/index.php\/wp-json\/wp\/v2\/types\/page"}],"author":[{"embeddable":true,"href":"https:\/\/sp1hrubieszow.pl\/index.php\/wp-json\/wp\/v2\/users\/2"}],"replies":[{"embeddable":true,"href":"https:\/\/sp1hrubieszow.pl\/index.php\/wp-json\/wp\/v2\/comments?post=8838"}],"version-history":[{"count":1,"href":"https:\/\/sp1hrubieszow.pl\/index.php\/wp-json\/wp\/v2\/pages\/8838\/revisions"}],"predecessor-version":[{"id":8839,"href":"https:\/\/sp1hrubieszow.pl\/index.php\/wp-json\/wp\/v2\/pages\/8838\/revisions\/8839"}],"up":[{"embeddable":true,"href":"https:\/\/sp1hrubieszow.pl\/index.php\/wp-json\/wp\/v2\/pages\/5983"}],"wp:attachment":[{"href":"https:\/\/sp1hrubieszow.pl\/index.php\/wp-json\/wp\/v2\/media?parent=8838"}],"curies":[{"name":"wp","href":"https:\/\/api.w.org\/{rel}","templated":true}]}}