{"id":8825,"date":"2021-03-30T21:20:24","date_gmt":"2021-03-30T19:20:24","guid":{"rendered":"http:\/\/sp1.hrubieszow.info\/?page_id=8825"},"modified":"2021-03-30T21:20:55","modified_gmt":"2021-03-30T19:20:55","slug":"pozytywna-moc-slow-w-szkole-myslenia-pozytywnego-zadanie-na-miesiac-marzec-2021r","status":"publish","type":"page","link":"https:\/\/sp1hrubieszow.pl\/index.php\/kronika-2020-2021\/pozytywna-moc-slow-w-szkole-myslenia-pozytywnego-zadanie-na-miesiac-marzec-2021r\/","title":{"rendered":"Pozytywna moc s\u0142\u00f3w w \u201eSzkole My\u015blenia Pozytywnego\u201d Zadanie na miesi\u0105c marzec 2021r."},"content":{"rendered":"\n<div class=\"kvgmc6g5 cxmmr5t8 oygrvhab hcukyx3x c1et5uql ii04i59q\">\n<div dir=\"auto\"><span style=\"color: #000080;\">Pozytywna komunikacja z innymi, bezinteresowne dawanie czego\u015b dobrego innym ludziom, drobne gesty na rzecz potrzebuj\u0105cych, sta\u0142y si\u0119 tre\u015bci\u0105 zadania certyfikacyjnego w ramach programu \u201eSzko\u0142a My\u015blenia Pozytywnego\u201d, w realizacj\u0119 kt\u00f3rego w\u0142\u0105czyli si\u0119 uczniowie i nauczyciele Szko\u0142y Podstawowej Nr 1 w Hrubieszowie.<\/span><\/div>\n<div dir=\"auto\"><span style=\"color: #000080;\">Okres przed\u015bwi\u0105teczny sta\u0142 si\u0119 okazj\u0105 do tego, by w pracy wychowawczej z dzie\u0107mi i m\u0142odzie\u017c\u0105 poruszy\u0107 tematyk\u0119 pomagania innym osobom oraz przyjmowania pomocy od tych os\u00f3b, kt\u00f3re t\u0105 pomoc\u0105 nam s\u0142u\u017c\u0105. Uczniowie zostali zainspirowani do tego, aby dostrzec potrzeby os\u00f3b starszych i samotnych w swoim najbli\u017cszym otoczeniu i sprawi\u0107 im rado\u015b\u0107 pozytywnym gestem w postaci ofiarowania kart \u015bwi\u0105tecznych. Dodatkowo, podczas zaj\u0119\u0107 przypomniano uczniom jak wielk\u0105 moc maj\u0105 s\u0142owa i jak bardzo potrzebna jest ludziom pozytywna komunikacja, oparta na \u017cyczliwo\u015bci i szacunku do drugiego cz\u0142owieka. Uczniowie rozmawiali tak\u017ce o tym, aby dzieli\u0107 si\u0119 dobrym s\u0142owem z r\u00f3wie\u015bnikami, kt\u00f3rym w dzisiejszych czasach tak trudno znie\u015b\u0107 izolacj\u0119 i brak kontakt\u00f3w spo\u0142ecznych.<\/span><\/div>\n<div dir=\"auto\"><span style=\"color: #000080;\">Efektem podejmowanych dzia\u0142a\u0144 by\u0142o stworzenie licznych optymistycznych plakat\u00f3w i gazetek. Powsta\u0142y barwne i weso\u0142e karty \u015bwi\u0105teczne, kt\u00f3re zosta\u0142y przekazane przez uczni\u00f3w potrzebuj\u0105cym osobom w s\u0105siedztwie, w rodzinie oraz w\u015br\u00f3d starszych nauczycieli.<\/span><\/div>\n<div dir=\"auto\"><span style=\"color: #000080;\">Wiele kart \u015bwi\u0105tecznych zosta\u0142o przes\u0142anych do senior\u00f3w z Niepublicznego Zak\u0142adu Opieku\u0144czo-Leczniczego w Smoligowie. Mamy nadziej\u0119, \u017ce uciesz\u0105 one osoby starsze, samotne i chore oraz wnios\u0105 optymizm i nadziej\u0119 w okresie \u015awi\u0105t Wielkanocnych.<\/span><\/div>\n<div dir=\"auto\"><span style=\"color: #000080;\">W dzia\u0142ania, zwi\u0105zane z realizacj\u0105 zadania w\u0142\u0105czy\u0142y si\u0119 nast\u0119puj\u0105ce oddzia\u0142y wraz<\/span><\/div>\n<div dir=\"auto\"><span style=\"color: #000080;\">z wychowawcami:<\/span><\/div>\n<div dir=\"auto\"><span style=\"color: #000080;\">-klasa IIa wraz z p. Renat\u0105 Pacza\u0142\u0105<\/span><\/div>\n<div dir=\"auto\"><span style=\"color: #000080;\">-klasa IIIa, wraz z p. Ma\u0142gorzat\u0105 Serafin<\/span><\/div>\n<div dir=\"auto\"><span style=\"color: #000080;\">-klasa IIIc, wraz z p. Joann\u0105 Nazar<\/span><\/div>\n<div dir=\"auto\"><span style=\"color: #000080;\">-klasa IVb, wraz z p. Ew\u0105 Filipowiecz-Sidorczuk<\/span><\/div>\n<div dir=\"auto\"><span style=\"color: #000080;\">-klasa Va, wraz z p. Ew\u0105 Szostak<\/span><\/div>\n<div dir=\"auto\"><span style=\"color: #000080;\">-klasa VIc, wraz z p. Monik\u0105 Anigacz<\/span><\/div>\n<div dir=\"auto\"><span style=\"color: #000080;\">-klasa VIIb, wraz z p. Monik\u0105 Czulak<\/span><\/div>\n<div dir=\"auto\"><span style=\"color: #000080;\">-klasa VIIIc, wraz z p. Mart\u0105 Lackowsk\u0105<\/span><\/div>\n<div dir=\"auto\"><span style=\"color: #000080;\">-zesp\u00f3\u0142 \u201eAkademia Szkolnych Lider\u00f3w Przysz\u0142o\u015bci\u201d wraz z p. Mart\u0105 Kuczy\u0144sk\u0105<\/span><\/div>\n<\/div>\n<div class=\"o9v6fnle cxmmr5t8 oygrvhab hcukyx3x c1et5uql ii04i59q\">\n<div dir=\"auto\"><span style=\"color: #000080;\">Niech rado\u015b\u0107, kt\u00f3ra pojawi\u0142a si\u0119 u odbiorc\u00f3w naszych szkolnych dzia\u0142a\u0144, b\u0119dzie najwi\u0119ksz\u0105 nagrod\u0105 za trud w\u0142o\u017cony w wykonanie prac, w ramach zadania na marzec w \u201eSzkole My\u015blenia Pozytywnego\u201d.<\/span><\/div>\n<div dir=\"auto\"><span style=\"color: #000080;\">Koordynator \u201eSzko\u0142y My\u015blenia Pozytywnego\u201d w SP 1 Hrubiesz\u00f3w-Marta Kuczy\u0144ska, pedagog szkolny<\/span><\/div>\n<div dir=\"auto\">\nngg_shortcode_0_placeholder\n<\/div>\n<\/div>\n","protected":false},"excerpt":{"rendered":"<p>Pozytywna komunikacja z innymi, bezinteresowne dawanie czego\u015b dobrego innym ludziom, drobne gesty na rzecz potrzebuj\u0105cych, sta\u0142y si\u0119 tre\u015bci\u0105 zadania certyfikacyjnego w ramach programu \u201eSzko\u0142a My\u015blenia Pozytywnego\u201d, w realizacj\u0119 kt\u00f3rego w\u0142\u0105czyli si\u0119 uczniowie i nauczyciele Szko\u0142y Podstawowej Nr 1 w Hrubieszowie. Okres przed\u015bwi\u0105teczny sta\u0142 si\u0119 okazj\u0105 do tego, by w pracy wychowawczej z dzie\u0107mi i m\u0142odzie\u017c\u0105 [&hellip;]<\/p>\n","protected":false},"author":2,"featured_media":0,"parent":5983,"menu_order":0,"comment_status":"closed","ping_status":"closed","template":"","meta":{"ngg_post_thumbnail":0,"footnotes":""},"class_list":["post-8825","page","type-page","status-publish","hentry"],"_links":{"self":[{"href":"https:\/\/sp1hrubieszow.pl\/index.php\/wp-json\/wp\/v2\/pages\/8825","targetHints":{"allow":["GET"]}}],"collection":[{"href":"https:\/\/sp1hrubieszow.pl\/index.php\/wp-json\/wp\/v2\/pages"}],"about":[{"href":"https:\/\/sp1hrubieszow.pl\/index.php\/wp-json\/wp\/v2\/types\/page"}],"author":[{"embeddable":true,"href":"https:\/\/sp1hrubieszow.pl\/index.php\/wp-json\/wp\/v2\/users\/2"}],"replies":[{"embeddable":true,"href":"https:\/\/sp1hrubieszow.pl\/index.php\/wp-json\/wp\/v2\/comments?post=8825"}],"version-history":[{"count":1,"href":"https:\/\/sp1hrubieszow.pl\/index.php\/wp-json\/wp\/v2\/pages\/8825\/revisions"}],"predecessor-version":[{"id":8826,"href":"https:\/\/sp1hrubieszow.pl\/index.php\/wp-json\/wp\/v2\/pages\/8825\/revisions\/8826"}],"up":[{"embeddable":true,"href":"https:\/\/sp1hrubieszow.pl\/index.php\/wp-json\/wp\/v2\/pages\/5983"}],"wp:attachment":[{"href":"https:\/\/sp1hrubieszow.pl\/index.php\/wp-json\/wp\/v2\/media?parent=8825"}],"curies":[{"name":"wp","href":"https:\/\/api.w.org\/{rel}","templated":true}]}}