{"id":8764,"date":"2021-03-30T21:02:28","date_gmt":"2021-03-30T19:02:28","guid":{"rendered":"http:\/\/sp1.hrubieszow.info\/?page_id=8764"},"modified":"2021-03-30T21:03:55","modified_gmt":"2021-03-30T19:03:55","slug":"wodomocni","status":"publish","type":"page","link":"https:\/\/sp1hrubieszow.pl\/index.php\/kronika-2020-2021\/wodomocni\/","title":{"rendered":"Wodomocni"},"content":{"rendered":"\n<p><span style=\"color: #000080;\">17 marca w klasie 1b odby\u0142y si\u0119 kolejne zaj\u0119cia w ramach og\u00f3lnopolskiego programu \u201eCzytam sobie. Pierwsza klasa\u201d pt. \u201eWodomocni \u2013 odkrywamy moc wody\u201d na podstawie ksi\u0105\u017cki Marcina Sendeckiego \u201eWielki skarb\u201d.<\/span><\/p>\n<p><span style=\"color: #000080;\">Zaj\u0119cia rozpocz\u0119\u0142y si\u0119 \u0107wiczeniem \u201eMoc wody\u201d \u2013 na przyk\u0142adzie stwierdzenia: \u201eWoda jest w kranie, kiedy go odkr\u0119cam\u201d \u2013 dzieci podawa\u0142y swoje przyk\u0142ady. Nast\u0119pnie wys\u0142ucha\u0142y tekstu, obejrza\u0142y ilustracje w ksi\u0105\u017cce i wymieni\u0142y wszystkie miejsca, w kt\u00f3rych znajduje si\u0119 ukryta woda. Stwierdzi\u0142y, \u017ce najwi\u0119cej wody znajduje si\u0119 w morzach i oceanach. By\u0142o to dobrym wst\u0119pem do kolejnego zadania. Uczniowie za pomoc\u0105 \u015bwiecy narysowali na kartonie cztery szlaczki przypominaj\u0105ce fale, a nast\u0119pnie pokryli kartk\u0119 niebiesk\u0105 farb\u0105. Poznali w ten spos\u00f3b now\u0105 technik\u0119 plastyczn\u0105.<\/span><\/p>\n<p><span style=\"color: #000080;\">W dalszej cz\u0119\u015bci zaj\u0119\u0107 uczniowie poznali poj\u0119cie \u201epiktogramy\u201d, dowiedzieli si\u0119 na czym polega ich rysowanie i na otrzymanych szablonach wykonali piktogramy odwo\u0142uj\u0105ce si\u0119 do tre\u015bci ksi\u0105\u017cki. Na podstawie swoich prac wyci\u0105gn\u0119li wnioski, \u017ce dzi\u0119ki wodzie rosn\u0105 ro\u015bliny, zachowujemy zdrowie, dbamy o czysto\u015b\u0107 i higien\u0119, produkujemy r\u00f3\u017cne rzeczy.<\/span><\/p>\n<p><span style=\"color: #000080;\">Po przerwie dzieci wypowiada\u0142y si\u0119 na temat swoich do\u015bwiadcze\u0144 zwi\u0105zanych <\/span><br><span style=\"color: #000080;\">z zabawami z wod\u0105 i w wodzie, przy okazji przypomniano zasady bezpiecze\u0144stwa podczas takich zabaw. Nast\u0119pnie obejrza\u0142y zdj\u0119cia artysty tworz\u0105cego prace z kamieni, przypomnia\u0142y jak nazywa si\u0119 taki artysta oraz dowiedzia\u0142y si\u0119, \u017ce woda czasami mo\u017ce r\u00f3wnie\u017c pe\u0142ni\u0107 rol\u0119 kleju. Wiele rado\u015bci i entuzjazmu wzbudzi\u0142o ostatnie zadanie \u2013 tworzenie rze\u017ab z kamieni r\u00f3\u017cnej wielko\u015bci. Dzieci wykaza\u0142y si\u0119 kreatywno\u015bci\u0105 i ogromnym zaanga\u017cowaniem.<\/span><\/p>\nngg_shortcode_0_placeholder\n<p>&nbsp;<\/p>\n<p>&nbsp;<\/p>\n","protected":false},"excerpt":{"rendered":"<p>17 marca w klasie 1b odby\u0142y si\u0119 kolejne zaj\u0119cia w ramach og\u00f3lnopolskiego programu \u201eCzytam sobie. Pierwsza klasa\u201d pt. \u201eWodomocni \u2013 odkrywamy moc wody\u201d na podstawie ksi\u0105\u017cki Marcina Sendeckiego \u201eWielki skarb\u201d. Zaj\u0119cia rozpocz\u0119\u0142y si\u0119 \u0107wiczeniem \u201eMoc wody\u201d \u2013 na przyk\u0142adzie stwierdzenia: \u201eWoda jest w kranie, kiedy go odkr\u0119cam\u201d \u2013 dzieci podawa\u0142y swoje przyk\u0142ady. Nast\u0119pnie wys\u0142ucha\u0142y tekstu, [&hellip;]<\/p>\n","protected":false},"author":2,"featured_media":0,"parent":5983,"menu_order":0,"comment_status":"closed","ping_status":"closed","template":"","meta":{"ngg_post_thumbnail":0,"footnotes":""},"class_list":["post-8764","page","type-page","status-publish","hentry"],"_links":{"self":[{"href":"https:\/\/sp1hrubieszow.pl\/index.php\/wp-json\/wp\/v2\/pages\/8764","targetHints":{"allow":["GET"]}}],"collection":[{"href":"https:\/\/sp1hrubieszow.pl\/index.php\/wp-json\/wp\/v2\/pages"}],"about":[{"href":"https:\/\/sp1hrubieszow.pl\/index.php\/wp-json\/wp\/v2\/types\/page"}],"author":[{"embeddable":true,"href":"https:\/\/sp1hrubieszow.pl\/index.php\/wp-json\/wp\/v2\/users\/2"}],"replies":[{"embeddable":true,"href":"https:\/\/sp1hrubieszow.pl\/index.php\/wp-json\/wp\/v2\/comments?post=8764"}],"version-history":[{"count":1,"href":"https:\/\/sp1hrubieszow.pl\/index.php\/wp-json\/wp\/v2\/pages\/8764\/revisions"}],"predecessor-version":[{"id":8765,"href":"https:\/\/sp1hrubieszow.pl\/index.php\/wp-json\/wp\/v2\/pages\/8764\/revisions\/8765"}],"up":[{"embeddable":true,"href":"https:\/\/sp1hrubieszow.pl\/index.php\/wp-json\/wp\/v2\/pages\/5983"}],"wp:attachment":[{"href":"https:\/\/sp1hrubieszow.pl\/index.php\/wp-json\/wp\/v2\/media?parent=8764"}],"curies":[{"name":"wp","href":"https:\/\/api.w.org\/{rel}","templated":true}]}}