{"id":8694,"date":"2021-03-30T20:37:45","date_gmt":"2021-03-30T18:37:45","guid":{"rendered":"http:\/\/sp1.hrubieszow.info\/?page_id=8694"},"modified":"2021-03-30T20:46:53","modified_gmt":"2021-03-30T18:46:53","slug":"fafik-jaki-jest","status":"publish","type":"page","link":"https:\/\/sp1hrubieszow.pl\/index.php\/kronika-2020-2021\/fafik-jaki-jest\/","title":{"rendered":"Fafik jaki jest?"},"content":{"rendered":"\n<p><span style=\"color: #000080;\">19 marca 2021 r. w klasie 1b odby\u0142y si\u0119 ostatnie zaj\u0119cia w ramach og\u00f3lnopolskiego programu \u201eCzytam sobie. Pierwsza klasa\u201d pt. \u201eFafik \u2013 jaki jest?\u201d na podstawie ksi\u0105\u017cki Doroty \u0141oskot &#8211; Cichockiej \u201eNelka i jej piesek Fafik\u201d.<\/span><\/p>\n<p><span style=\"color: #000080;\">Zaj\u0119cia rozpocz\u0119\u0142y si\u0119 od wypowiedzi dzieci na temat ich czworono\u017cnych przyjaci\u00f3\u0142 \u2013 sk\u0105d si\u0119 wzi\u0119\u0142y w ich domach i czego potrzebuj\u0105. Nast\u0119pnie wys\u0142ucha\u0142y tekstu, obejrza\u0142y ilustracje w ksi\u0105\u017cce i wykona\u0142y piktogramy fragment\u00f3w, kt\u00f3re im si\u0119 najbardziej podoba\u0142y. Przygotowane karteczki pogrupowa\u0142y na tablicy wed\u0142ug kolejno\u015bci zdarze\u0144. Z utworzonego wykresu odczytywa\u0142y: ilu z nich podoba\u0142a si\u0119 konkretna przygoda, o ile wi\u0119cej ( o ile mniej) os\u00f3b zaciekawi\u0142a podana przygoda, wykonywa\u0142y obliczenia i opisywa\u0142y w jaki spos\u00f3b do nich dosz\u0142y. Podsumowa\u0142y, \u017ce dotychczasowe ich dzia\u0142ania \u0142\u0105czy posta\u0107 bohatera ksi\u0105\u017cki \u2013 psa Fafika.<\/span><\/p>\n<p><span style=\"color: #000080;\">W dalszej cz\u0119\u015bci zaj\u0119\u0107 uczniowie pracowali w grupach. Ka\u017cda otrzyma\u0142a kartk\u0119 <\/span><br><span style=\"color: #000080;\">z rysunkiem psa, na kt\u00f3rej nale\u017ca\u0142o zapisa\u0107 jak najwi\u0119cej wyraz\u00f3w, kt\u00f3re m\u00f3wi\u0105 o tym, jaki by\u0142 pies Fafik. Po wyznaczonym czasie karty pow\u0119drowa\u0142y na tablic\u0119 i odczytano wyrazy zapisane przez ka\u017cd\u0105 z grup. Uczniowie dowiedzieli si\u0119, \u017ce wyrazy, kt\u00f3re zapisali nazywamy przymiotnikami. Tak spodoba\u0142o im si\u0119 to zadanie, \u017ce poprosili o podobne. Wyszukiwanie wyraz\u00f3w okre\u015blaj\u0105cych ksi\u0105\u017ck\u0119 wypad\u0142o jeszcze lepiej.<\/span><\/p>\n<p><span style=\"color: #000080;\">W ostatniej cz\u0119\u015bci nast\u0105pi\u0142o podsumowanie programu. Dzieci stwierdzi\u0142y, \u017ce zaj\u0119cia bardzo im si\u0119 podoba\u0142y i chcia\u0142yby, \u017ceby by\u0142o ich wi\u0119cej. Ze wzgl\u0119du na to, \u017ce budzi\u0142y <\/span><br><span style=\"color: #000080;\">w dzieciach zaciekawienie, kreatywno\u015b\u0107 i ogromne zaanga\u017cowanie, a tak\u017ce wp\u0142yn\u0119\u0142y pozytywnie na poziom czytelnictwa, b\u0119d\u0105 w miar\u0119 mo\u017cliwo\u015bci realizowane r\u00f3wnie\u017c po zako\u0144czeniu programu.<\/span><\/p>\n<p><span style=\"color: #000080;\">Na zako\u0144czenie dzieci otrzyma\u0142y gad\u017cety zwi\u0105zane z programem oraz pami\u0105tkowe dyplomy.<\/span><\/p>\nngg_shortcode_0_placeholder\n<p>&nbsp;<\/p>\n","protected":false},"excerpt":{"rendered":"<p>19 marca 2021 r. w klasie 1b odby\u0142y si\u0119 ostatnie zaj\u0119cia w ramach og\u00f3lnopolskiego programu \u201eCzytam sobie. Pierwsza klasa\u201d pt. \u201eFafik \u2013 jaki jest?\u201d na podstawie ksi\u0105\u017cki Doroty \u0141oskot &#8211; Cichockiej \u201eNelka i jej piesek Fafik\u201d. Zaj\u0119cia rozpocz\u0119\u0142y si\u0119 od wypowiedzi dzieci na temat ich czworono\u017cnych przyjaci\u00f3\u0142 \u2013 sk\u0105d si\u0119 wzi\u0119\u0142y w ich domach i [&hellip;]<\/p>\n","protected":false},"author":2,"featured_media":0,"parent":5983,"menu_order":0,"comment_status":"closed","ping_status":"closed","template":"","meta":{"ngg_post_thumbnail":0,"footnotes":""},"class_list":["post-8694","page","type-page","status-publish","hentry"],"_links":{"self":[{"href":"https:\/\/sp1hrubieszow.pl\/index.php\/wp-json\/wp\/v2\/pages\/8694","targetHints":{"allow":["GET"]}}],"collection":[{"href":"https:\/\/sp1hrubieszow.pl\/index.php\/wp-json\/wp\/v2\/pages"}],"about":[{"href":"https:\/\/sp1hrubieszow.pl\/index.php\/wp-json\/wp\/v2\/types\/page"}],"author":[{"embeddable":true,"href":"https:\/\/sp1hrubieszow.pl\/index.php\/wp-json\/wp\/v2\/users\/2"}],"replies":[{"embeddable":true,"href":"https:\/\/sp1hrubieszow.pl\/index.php\/wp-json\/wp\/v2\/comments?post=8694"}],"version-history":[{"count":2,"href":"https:\/\/sp1hrubieszow.pl\/index.php\/wp-json\/wp\/v2\/pages\/8694\/revisions"}],"predecessor-version":[{"id":8731,"href":"https:\/\/sp1hrubieszow.pl\/index.php\/wp-json\/wp\/v2\/pages\/8694\/revisions\/8731"}],"up":[{"embeddable":true,"href":"https:\/\/sp1hrubieszow.pl\/index.php\/wp-json\/wp\/v2\/pages\/5983"}],"wp:attachment":[{"href":"https:\/\/sp1hrubieszow.pl\/index.php\/wp-json\/wp\/v2\/media?parent=8694"}],"curies":[{"name":"wp","href":"https:\/\/api.w.org\/{rel}","templated":true}]}}