{"id":8661,"date":"2021-03-30T12:18:56","date_gmt":"2021-03-30T10:18:56","guid":{"rendered":"http:\/\/sp1.hrubieszow.info\/?page_id=8661"},"modified":"2021-03-30T12:19:29","modified_gmt":"2021-03-30T10:19:29","slug":"uwaga-konkurs","status":"publish","type":"page","link":"https:\/\/sp1hrubieszow.pl\/index.php\/kronika-2020-2021\/uwaga-konkurs\/","title":{"rendered":"UWAGA KONKURS!"},"content":{"rendered":"\n<p><img loading=\"lazy\" decoding=\"async\" class=\"alignnone size-full wp-image-8660\" src=\"http:\/\/sp1.hrubieszow.info\/wp-content\/uploads\/2021\/03\/166275629_3608043459323245_2580713148832185301_n.jpg\" alt=\"\" width=\"291\" height=\"173\"><\/p>\n<div dir=\"auto\"><span style=\"color: #000080;\">Zapraszamy do udzia\u0142u w konkursie \u201eWIERSZYK DO GAZETKI\u201d.<\/span><\/div>\n<div dir=\"auto\"><span style=\"color: #000080;\">Konkurs polega na napisaniu wiersza na dowolny temat. Wiersz, kt\u00f3ry zawiera imi\u0119 i nazwisko oraz klas\u0119 autora, mo\u017cna nades\u0142a\u0107 <\/span><span style=\"color: #000080;\">w wiadomo\u015bci na dzienniku Librus do p.Marty Kuczy\u0144skiej i p. Joanny Bartnik, lub na adres e-mail: martakuczynska44@gmail.com do dnia: 15 kwietnia 2021r. Przewidziane s\u0105 nagrody oraz prezentacja utwor\u00f3w na \u0142amach gazetki &#8222;Jedyneczka-Lato&#8221;.<\/span><\/div>\n<div dir=\"auto\"><span style=\"color: #000080;\">Organizator: Zesp\u00f3\u0142 redakcyjny gazetki szkolnej &#8222;Jedyneczka&#8221;.<\/span><\/div>\n","protected":false},"excerpt":{"rendered":"<p>Zapraszamy do udzia\u0142u w konkursie \u201eWIERSZYK DO GAZETKI\u201d. Konkurs polega na napisaniu wiersza na dowolny temat. Wiersz, kt\u00f3ry zawiera imi\u0119 i nazwisko oraz klas\u0119 autora, mo\u017cna nades\u0142a\u0107 w wiadomo\u015bci na dzienniku Librus do p.Marty Kuczy\u0144skiej i p. Joanny Bartnik, lub na adres e-mail: martakuczynska44@gmail.com do dnia: 15 kwietnia 2021r. Przewidziane s\u0105 nagrody oraz prezentacja utwor\u00f3w [&hellip;]<\/p>\n","protected":false},"author":2,"featured_media":0,"parent":5983,"menu_order":0,"comment_status":"closed","ping_status":"closed","template":"","meta":{"ngg_post_thumbnail":0,"footnotes":""},"class_list":["post-8661","page","type-page","status-publish","hentry"],"_links":{"self":[{"href":"https:\/\/sp1hrubieszow.pl\/index.php\/wp-json\/wp\/v2\/pages\/8661","targetHints":{"allow":["GET"]}}],"collection":[{"href":"https:\/\/sp1hrubieszow.pl\/index.php\/wp-json\/wp\/v2\/pages"}],"about":[{"href":"https:\/\/sp1hrubieszow.pl\/index.php\/wp-json\/wp\/v2\/types\/page"}],"author":[{"embeddable":true,"href":"https:\/\/sp1hrubieszow.pl\/index.php\/wp-json\/wp\/v2\/users\/2"}],"replies":[{"embeddable":true,"href":"https:\/\/sp1hrubieszow.pl\/index.php\/wp-json\/wp\/v2\/comments?post=8661"}],"version-history":[{"count":1,"href":"https:\/\/sp1hrubieszow.pl\/index.php\/wp-json\/wp\/v2\/pages\/8661\/revisions"}],"predecessor-version":[{"id":8662,"href":"https:\/\/sp1hrubieszow.pl\/index.php\/wp-json\/wp\/v2\/pages\/8661\/revisions\/8662"}],"up":[{"embeddable":true,"href":"https:\/\/sp1hrubieszow.pl\/index.php\/wp-json\/wp\/v2\/pages\/5983"}],"wp:attachment":[{"href":"https:\/\/sp1hrubieszow.pl\/index.php\/wp-json\/wp\/v2\/media?parent=8661"}],"curies":[{"name":"wp","href":"https:\/\/api.w.org\/{rel}","templated":true}]}}