{"id":8656,"date":"2021-03-30T10:28:19","date_gmt":"2021-03-30T08:28:19","guid":{"rendered":"http:\/\/sp1.hrubieszow.info\/?page_id=8656"},"modified":"2021-03-30T10:28:50","modified_gmt":"2021-03-30T08:28:50","slug":"zajecia-profilaktyczne-w-klasach-siodmych","status":"publish","type":"page","link":"https:\/\/sp1hrubieszow.pl\/index.php\/kronika-2020-2021\/zajecia-profilaktyczne-w-klasach-siodmych\/","title":{"rendered":"Zaj\u0119cia profilaktyczne w klasach si\u00f3dmych"},"content":{"rendered":"\n<p><span style=\"color: #000080;\">W miesi\u0105cu marcu 2021r. uczniowie klas VIIa, VIIb, VIIc oraz VIId wzi\u0119li udzia\u0142 w dwugodzinnych zaj\u0119ciach profilaktycznych, prowadzonych przez pedagoga-terapeut\u0119, pani\u0105 Agnieszk\u0119 Kwiatkowsk\u0105, specjalist\u0119 z Punktu Konsultacyjnego do spraw Narkomanii w Hrubieszowie. Zaj\u0119cia odby\u0142y si\u0119 na platformie Microsoft Teams. Si\u00f3dmoklasi\u015bci uczyli si\u0119 jak rozpoznawa\u0107 swoje stany emocjonalne, jak radzi\u0107 sobie z trudnymi emocjami oraz z obni\u017conym nastrojem, kt\u00f3re mog\u0105 si\u0119 pojawi\u0107 w trudnym czasie edukacji zdalnej, podczas trwaj\u0105cej pandemii. Uczniowie dowiedzieli si\u0119, do kogo mog\u0105 si\u0119 zwr\u00f3ci\u0107 ze swoimi trudno\u015bciami i problemami oraz utwierdzili sie w przekonaniu, \u017ce warto mie\u0107 marzenia i plany na ich spe\u0142nienie w realnym, pozbawionym uzale\u017cnie\u0144 \u017cyciu<span class=\"pq6dq46d tbxw36s4 knj5qynh kvgmc6g5 ditlmg2l oygrvhab nvdbi5me sf5mxxl7 gl3lb2sf hhz5lgdu\"><img loading=\"lazy\" decoding=\"async\" src=\"https:\/\/static.xx.fbcdn.net\/images\/emoji.php\/v9\/ta5\/1.5\/16\/1f642.png\" alt=\"?\" width=\"16\" height=\"16\"><\/span> Zaj\u0119cia profilaktyczne zosta\u0142y sfinansowane przez Gmin\u0119 Miejsk\u0105 Hrubiesz\u00f3w ze \u015brodk\u00f3w przeznaczonych na profilaktyk\u0119 narkomanii. <\/span><\/p>\n<p><span style=\"color: #000080;\">Koordynator realizacji dzia\u0142a\u0144 w zakresie profilaktyki narkomanii-Marta Kuczy\u0144ska, pedagog szkolny.<\/span><\/p>\nngg_shortcode_0_placeholder\n","protected":false},"excerpt":{"rendered":"<p>W miesi\u0105cu marcu 2021r. uczniowie klas VIIa, VIIb, VIIc oraz VIId wzi\u0119li udzia\u0142 w dwugodzinnych zaj\u0119ciach profilaktycznych, prowadzonych przez pedagoga-terapeut\u0119, pani\u0105 Agnieszk\u0119 Kwiatkowsk\u0105, specjalist\u0119 z Punktu Konsultacyjnego do spraw Narkomanii w Hrubieszowie. Zaj\u0119cia odby\u0142y si\u0119 na platformie Microsoft Teams. Si\u00f3dmoklasi\u015bci uczyli si\u0119 jak rozpoznawa\u0107 swoje stany emocjonalne, jak radzi\u0107 sobie z trudnymi emocjami oraz z [&hellip;]<\/p>\n","protected":false},"author":2,"featured_media":0,"parent":5983,"menu_order":0,"comment_status":"closed","ping_status":"closed","template":"","meta":{"ngg_post_thumbnail":0,"footnotes":""},"class_list":["post-8656","page","type-page","status-publish","hentry"],"_links":{"self":[{"href":"https:\/\/sp1hrubieszow.pl\/index.php\/wp-json\/wp\/v2\/pages\/8656","targetHints":{"allow":["GET"]}}],"collection":[{"href":"https:\/\/sp1hrubieszow.pl\/index.php\/wp-json\/wp\/v2\/pages"}],"about":[{"href":"https:\/\/sp1hrubieszow.pl\/index.php\/wp-json\/wp\/v2\/types\/page"}],"author":[{"embeddable":true,"href":"https:\/\/sp1hrubieszow.pl\/index.php\/wp-json\/wp\/v2\/users\/2"}],"replies":[{"embeddable":true,"href":"https:\/\/sp1hrubieszow.pl\/index.php\/wp-json\/wp\/v2\/comments?post=8656"}],"version-history":[{"count":1,"href":"https:\/\/sp1hrubieszow.pl\/index.php\/wp-json\/wp\/v2\/pages\/8656\/revisions"}],"predecessor-version":[{"id":8657,"href":"https:\/\/sp1hrubieszow.pl\/index.php\/wp-json\/wp\/v2\/pages\/8656\/revisions\/8657"}],"up":[{"embeddable":true,"href":"https:\/\/sp1hrubieszow.pl\/index.php\/wp-json\/wp\/v2\/pages\/5983"}],"wp:attachment":[{"href":"https:\/\/sp1hrubieszow.pl\/index.php\/wp-json\/wp\/v2\/media?parent=8656"}],"curies":[{"name":"wp","href":"https:\/\/api.w.org\/{rel}","templated":true}]}}