{"id":8601,"date":"2021-03-25T21:02:40","date_gmt":"2021-03-25T20:02:40","guid":{"rendered":"http:\/\/sp1.hrubieszow.info\/?page_id=8601"},"modified":"2021-03-25T21:05:31","modified_gmt":"2021-03-25T20:05:31","slug":"wymiana-listow-trwa","status":"publish","type":"page","link":"https:\/\/sp1hrubieszow.pl\/index.php\/kronika-2020-2021\/wymiana-listow-trwa\/","title":{"rendered":"Wymiana list\u00f3w trwa!"},"content":{"rendered":"\n<p><span style=\"color: #000080;\">Wczoraj dostali\u015bmy \u015bwietn\u0105 informacj\u0119 od naszych przyjaci\u00f3\u0142 z Hiszpanii, \u017ce po 11 dniach otrzymali nasze listy. Dzieci by\u0142y zaskoczone pi\u0119knym wykonaniem naszych list\u00f3w i poziomem na jakim zosta\u0142y napisane. Spyta\u0142em wychowawc\u0119 klasy, Horge, aby wykorzysta\u0107 okazj\u0119 i po\u0142\u0105czy\u0107 si\u0119 na video, aby dzieci mog\u0142y ze sob\u0105 porozmawia\u0107. Z ch\u0119ci\u0105 si\u0119 zgodzi\u0142 i czekam na zaaran\u017cowane spotkania na platformie Teams.<\/span><\/p>\n<p style=\"text-align: right;\"><span style=\"color: #000080;\">Rafa\u0142 Maksymiuk<\/span><\/p>\nngg_shortcode_0_placeholder\n<p style=\"text-align: right;\">&nbsp;<\/p>\n","protected":false},"excerpt":{"rendered":"<p>Wczoraj dostali\u015bmy \u015bwietn\u0105 informacj\u0119 od naszych przyjaci\u00f3\u0142 z Hiszpanii, \u017ce po 11 dniach otrzymali nasze listy. Dzieci by\u0142y zaskoczone pi\u0119knym wykonaniem naszych list\u00f3w i poziomem na jakim zosta\u0142y napisane. Spyta\u0142em wychowawc\u0119 klasy, Horge, aby wykorzysta\u0107 okazj\u0119 i po\u0142\u0105czy\u0107 si\u0119 na video, aby dzieci mog\u0142y ze sob\u0105 porozmawia\u0107. Z ch\u0119ci\u0105 si\u0119 zgodzi\u0142 i czekam na zaaran\u017cowane [&hellip;]<\/p>\n","protected":false},"author":2,"featured_media":0,"parent":5983,"menu_order":0,"comment_status":"closed","ping_status":"closed","template":"","meta":{"ngg_post_thumbnail":0,"footnotes":""},"class_list":["post-8601","page","type-page","status-publish","hentry"],"_links":{"self":[{"href":"https:\/\/sp1hrubieszow.pl\/index.php\/wp-json\/wp\/v2\/pages\/8601","targetHints":{"allow":["GET"]}}],"collection":[{"href":"https:\/\/sp1hrubieszow.pl\/index.php\/wp-json\/wp\/v2\/pages"}],"about":[{"href":"https:\/\/sp1hrubieszow.pl\/index.php\/wp-json\/wp\/v2\/types\/page"}],"author":[{"embeddable":true,"href":"https:\/\/sp1hrubieszow.pl\/index.php\/wp-json\/wp\/v2\/users\/2"}],"replies":[{"embeddable":true,"href":"https:\/\/sp1hrubieszow.pl\/index.php\/wp-json\/wp\/v2\/comments?post=8601"}],"version-history":[{"count":2,"href":"https:\/\/sp1hrubieszow.pl\/index.php\/wp-json\/wp\/v2\/pages\/8601\/revisions"}],"predecessor-version":[{"id":8604,"href":"https:\/\/sp1hrubieszow.pl\/index.php\/wp-json\/wp\/v2\/pages\/8601\/revisions\/8604"}],"up":[{"embeddable":true,"href":"https:\/\/sp1hrubieszow.pl\/index.php\/wp-json\/wp\/v2\/pages\/5983"}],"wp:attachment":[{"href":"https:\/\/sp1hrubieszow.pl\/index.php\/wp-json\/wp\/v2\/media?parent=8601"}],"curies":[{"name":"wp","href":"https:\/\/api.w.org\/{rel}","templated":true}]}}