{"id":8590,"date":"2021-03-25T08:48:06","date_gmt":"2021-03-25T07:48:06","guid":{"rendered":"http:\/\/sp1.hrubieszow.info\/?page_id=8590"},"modified":"2021-03-25T08:48:35","modified_gmt":"2021-03-25T07:48:35","slug":"swieto-wiosny-na-swiecie","status":"publish","type":"page","link":"https:\/\/sp1hrubieszow.pl\/index.php\/kronika-2020-2021\/swieto-wiosny-na-swiecie\/","title":{"rendered":"\u015aWI\u0118TO WIOSNY NA \u015aWIECIE"},"content":{"rendered":"\n<p><span style=\"color: #000080;\">Zapraszamy do zapoznania si\u0119 z prezentacj\u0105 przygotowan\u0105 przez naszych uczni\u00f3w dzia\u0142aj\u0105cych w Samorz\u0105dzie Uczniowskim.&nbsp;<\/span><\/p>\n<p><strong><span style=\"color: #000080;\"><a style=\"color: #000080;\" href=\"http:\/\/sp1.hrubieszow.info\/wp-content\/uploads\/2021\/03\/\u015bwi\u0119to-wiosny-na-\u015bwiecie.pptx\">\u015bwi\u0119to wiosny na \u015bwiecie<\/a><\/span><\/strong><\/p>\n<p>&nbsp;<\/p>\n","protected":false},"excerpt":{"rendered":"<p>Zapraszamy do zapoznania si\u0119 z prezentacj\u0105 przygotowan\u0105 przez naszych uczni\u00f3w dzia\u0142aj\u0105cych w Samorz\u0105dzie Uczniowskim.&nbsp; \u015bwi\u0119to wiosny na \u015bwiecie &nbsp;<\/p>\n","protected":false},"author":2,"featured_media":0,"parent":5983,"menu_order":0,"comment_status":"closed","ping_status":"closed","template":"","meta":{"ngg_post_thumbnail":0,"footnotes":""},"class_list":["post-8590","page","type-page","status-publish","hentry"],"_links":{"self":[{"href":"https:\/\/sp1hrubieszow.pl\/index.php\/wp-json\/wp\/v2\/pages\/8590","targetHints":{"allow":["GET"]}}],"collection":[{"href":"https:\/\/sp1hrubieszow.pl\/index.php\/wp-json\/wp\/v2\/pages"}],"about":[{"href":"https:\/\/sp1hrubieszow.pl\/index.php\/wp-json\/wp\/v2\/types\/page"}],"author":[{"embeddable":true,"href":"https:\/\/sp1hrubieszow.pl\/index.php\/wp-json\/wp\/v2\/users\/2"}],"replies":[{"embeddable":true,"href":"https:\/\/sp1hrubieszow.pl\/index.php\/wp-json\/wp\/v2\/comments?post=8590"}],"version-history":[{"count":1,"href":"https:\/\/sp1hrubieszow.pl\/index.php\/wp-json\/wp\/v2\/pages\/8590\/revisions"}],"predecessor-version":[{"id":8591,"href":"https:\/\/sp1hrubieszow.pl\/index.php\/wp-json\/wp\/v2\/pages\/8590\/revisions\/8591"}],"up":[{"embeddable":true,"href":"https:\/\/sp1hrubieszow.pl\/index.php\/wp-json\/wp\/v2\/pages\/5983"}],"wp:attachment":[{"href":"https:\/\/sp1hrubieszow.pl\/index.php\/wp-json\/wp\/v2\/media?parent=8590"}],"curies":[{"name":"wp","href":"https:\/\/api.w.org\/{rel}","templated":true}]}}