{"id":8566,"date":"2021-03-20T15:34:48","date_gmt":"2021-03-20T14:34:48","guid":{"rendered":"http:\/\/sp1.hrubieszow.info\/?page_id=8566"},"modified":"2022-03-21T10:16:32","modified_gmt":"2022-03-21T09:16:32","slug":"powitanie-wiosny","status":"publish","type":"page","link":"https:\/\/sp1hrubieszow.pl\/index.php\/kronika-2020-2021\/powitanie-wiosny\/","title":{"rendered":"POWITANIE WIOSNY"},"content":{"rendered":"\n<p><span style=\"color: #000080;\">19 marca 2021 r. w naszej szkole obchodzili\u015bmy Pierwszy Dzie\u0144 Wiosny. W klasach 0 \u2013 3 by\u0142o bardzo kolorowo i rado\u015bnie, poniewa\u017c dzieci przebra\u0142y si\u0119 w stroje wiosenne, aby powita\u0107 budz\u0105c\u0105 si\u0119 do \u017cycia przyrod\u0119. W tym dniu po klasach chodzi\u0142a komisja i ocenia\u0142a oryginalno\u015b\u0107 przygotowanych stroj\u00f3w. Wyniki jej pracy poznamy ju\u017c nied\u0142ugo.<\/span><\/p>\n<p><span style=\"color: #000080;\">Natomiast klasa 3 b pod patronatem MSU przygotowa\u0142a inscenizacj\u0119 s\u0142owno &#8211; muzyczn\u0105 pt. &#8222;Powitanie Wiosny\u201d. Uczniowie z zaanga\u017cowaniem prezentowali swoje umiej\u0119tno\u015bci sceniczne, a ca\u0142o\u015bci dope\u0142ni\u0142y pi\u0119kne kostiumy, przygotowane przez ich rodzic\u00f3w. Wyst\u0119p b\u0119dzie mo\u017cna obejrze\u0107 na Facebooku szko\u0142y ju\u017c 22 marca.<\/span><\/p>\n<p><span style=\"color: #000080;\">&nbsp;&nbsp;&nbsp;&nbsp;&nbsp;&nbsp;&nbsp;&nbsp;&nbsp;&nbsp;&nbsp; Nad ca\u0142o\u015bci\u0105 przedstawienia czuwa\u0142y panie: Monika Korneluk i Katarzyna Sztuk. W dekorowaniu sceny oraz ocenianiu stroj\u00f3w wiosennych pomog\u0142y panie: Ewa Sidorczuk-Filipowicz, Arleta Kowalska i Sylwia Wojak. Nag\u0142o\u015bnienie i nagrywanie zapewnili panowie: Tomasz Magdziak i Tomasz Kr\u00f3licki.<\/span><\/p>\n<p><span style=\"color: #000080;\">&nbsp;&nbsp;&nbsp;&nbsp;&nbsp;&nbsp;&nbsp;&nbsp;&nbsp;&nbsp;&nbsp; Miejmy tylko nadziej\u0119, \u017ce tak d\u0142ugo wyczekiwana wiosna nadejdzie bardzo szybko,&nbsp;a zima odejdzie na dobre!<\/span><\/p>\n<p>&nbsp;<\/p>\nngg_shortcode_0_placeholder\n","protected":false},"excerpt":{"rendered":"<p>19 marca 2021 r. w naszej szkole obchodzili\u015bmy Pierwszy Dzie\u0144 Wiosny. W klasach 0 \u2013 3 by\u0142o bardzo kolorowo i rado\u015bnie, poniewa\u017c dzieci przebra\u0142y si\u0119 w stroje wiosenne, aby powita\u0107 budz\u0105c\u0105 si\u0119 do \u017cycia przyrod\u0119. W tym dniu po klasach chodzi\u0142a komisja i ocenia\u0142a oryginalno\u015b\u0107 przygotowanych stroj\u00f3w. Wyniki jej pracy poznamy ju\u017c nied\u0142ugo. Natomiast klasa [&hellip;]<\/p>\n","protected":false},"author":2,"featured_media":0,"parent":5983,"menu_order":0,"comment_status":"closed","ping_status":"closed","template":"","meta":{"ngg_post_thumbnail":0,"footnotes":""},"class_list":["post-8566","page","type-page","status-publish","hentry"],"_links":{"self":[{"href":"https:\/\/sp1hrubieszow.pl\/index.php\/wp-json\/wp\/v2\/pages\/8566","targetHints":{"allow":["GET"]}}],"collection":[{"href":"https:\/\/sp1hrubieszow.pl\/index.php\/wp-json\/wp\/v2\/pages"}],"about":[{"href":"https:\/\/sp1hrubieszow.pl\/index.php\/wp-json\/wp\/v2\/types\/page"}],"author":[{"embeddable":true,"href":"https:\/\/sp1hrubieszow.pl\/index.php\/wp-json\/wp\/v2\/users\/2"}],"replies":[{"embeddable":true,"href":"https:\/\/sp1hrubieszow.pl\/index.php\/wp-json\/wp\/v2\/comments?post=8566"}],"version-history":[{"count":6,"href":"https:\/\/sp1hrubieszow.pl\/index.php\/wp-json\/wp\/v2\/pages\/8566\/revisions"}],"predecessor-version":[{"id":14341,"href":"https:\/\/sp1hrubieszow.pl\/index.php\/wp-json\/wp\/v2\/pages\/8566\/revisions\/14341"}],"up":[{"embeddable":true,"href":"https:\/\/sp1hrubieszow.pl\/index.php\/wp-json\/wp\/v2\/pages\/5983"}],"wp:attachment":[{"href":"https:\/\/sp1hrubieszow.pl\/index.php\/wp-json\/wp\/v2\/media?parent=8566"}],"curies":[{"name":"wp","href":"https:\/\/api.w.org\/{rel}","templated":true}]}}